{"id":83484,"date":"2016-04-27T13:25:42","date_gmt":"2016-04-27T11:25:42","guid":{"rendered":"https:\/\/houtdraaiwerken-penkits.nl\/shop\/unkategorisiert\/parfuemzerstaeuber-sets-neu\/"},"modified":"2025-05-17T08:39:20","modified_gmt":"2025-05-17T06:39:20","slug":"parfuemzerstaeuber-sets-neu","status":"publish","type":"product","link":"https:\/\/houtdraaiwerken-penkits.nl\/de\/shop\/andere-bausatze\/parfum-und-rasiersets\/parfuemzerstaeuber-sets-neu\/","title":{"rendered":"Parf\u00fcmzerst\u00e4uber-Sets Neu"},"content":{"rendered":"<p>Zus\u00e4tzlich ben\u00f6tigte Materialien:<\/p>\n<p><a href=\"https:\/\/houtdraaiwerken-penkits.nl\/shop\/busjes-sets\/bu64\/bu64\/\">BU64<\/a> Buchsen<\/p>\n<p><a href=\"https:\/\/houtdraaiwerken-penkits.nl\/fr\/shop\/perceuse\/rsdb19-32-fr\/rsdb19-32-foret-de-15-mm\/\">RSDB19\/32<\/a> Bohrer 15mm<\/p>\n<p><a href=\"https:\/\/www.houtdraaiwerken-penkits.nl\/shop\/gereedschap-en-boren\/boren\/rsdb154\/rsdb154154mm-boor\/\">RSDB154<\/a> Bohrer 15,4mm<\/p>\n","protected":false},"excerpt":{"rendered":"<p>Parf\u00fcmzerst\u00e4uber-Sets Neu. Jetzt mit Gummiringen anstelle von Samtstopfen. <\/p>\n","protected":false},"featured_media":73232,"comment_status":"open","ping_status":"closed","template":"","meta":{"_et_pb_use_builder":"","_et_pb_old_content":"","_et_gb_content_width":""},"product_brand":[],"product_cat":[2248,2937,6369],"product_tag":[2940,2202,2201],"class_list":{"0":"post-83484","1":"product","2":"type-product","3":"status-publish","4":"has-post-thumbnail","6":"product_cat-andere-bausatze","7":"product_cat-parfum-und-rasiersets","8":"product_cat-parfumzerstauber-sets","9":"product_tag-parfumzerstauber-sets-fur-die-handtasche","10":"product_tag-projekt-kits","11":"product_tag-stift-kits","13":"first","14":"instock","15":"taxable","16":"shipping-taxable","17":"purchasable","18":"product-type-variable"},"_links":{"self":[{"href":"https:\/\/houtdraaiwerken-penkits.nl\/de\/wp-json\/wp\/v2\/product\/83484","targetHints":{"allow":["GET"]}}],"collection":[{"href":"https:\/\/houtdraaiwerken-penkits.nl\/de\/wp-json\/wp\/v2\/product"}],"about":[{"href":"https:\/\/houtdraaiwerken-penkits.nl\/de\/wp-json\/wp\/v2\/types\/product"}],"replies":[{"embeddable":true,"href":"https:\/\/houtdraaiwerken-penkits.nl\/de\/wp-json\/wp\/v2\/comments?post=83484"}],"wp:featuredmedia":[{"embeddable":true,"href":"https:\/\/houtdraaiwerken-penkits.nl\/de\/wp-json\/wp\/v2\/media\/73232"}],"wp:attachment":[{"href":"https:\/\/houtdraaiwerken-penkits.nl\/de\/wp-json\/wp\/v2\/media?parent=83484"}],"wp:term":[{"taxonomy":"product_brand","embeddable":true,"href":"https:\/\/houtdraaiwerken-penkits.nl\/de\/wp-json\/wp\/v2\/product_brand?post=83484"},{"taxonomy":"product_cat","embeddable":true,"href":"https:\/\/houtdraaiwerken-penkits.nl\/de\/wp-json\/wp\/v2\/product_cat?post=83484"},{"taxonomy":"product_tag","embeddable":true,"href":"https:\/\/houtdraaiwerken-penkits.nl\/de\/wp-json\/wp\/v2\/product_tag?post=83484"}],"curies":[{"name":"wp","href":"https:\/\/api.w.org\/{rel}","templated":true}]}}