{"id":83534,"date":"2016-04-16T12:59:55","date_gmt":"2016-04-16T10:59:55","guid":{"rendered":"https:\/\/houtdraaiwerken-penkits.nl\/shop\/unkategorisiert\/churchill-fuellfederhalter-rollerball-kits\/"},"modified":"2025-12-16T22:09:04","modified_gmt":"2025-12-16T21:09:04","slug":"churchill-fuellfederhalter-rollerball-kits","status":"publish","type":"product","link":"https:\/\/houtdraaiwerken-penkits.nl\/de\/shop\/stift-kits\/fullfederhalter-und-tintenroller-sets\/churchill-fullfederhalter-sets\/churchill-fuellfederhalter-rollerball-kits\/","title":{"rendered":"Churchill F\u00fcllfederhalter\/Rollerball-Kits"},"content":{"rendered":"<p>Erforderliche zus\u00e4tzliche Materialien:<\/p>\n<p><a href=\"https:\/\/houtdraaiwerken-penkits.nl\/de\/shop\/distanzringsatz\/bu71-de\/bu71\/\">BU71<\/a> Transporter<\/p>\n<p><a href=\"https:\/\/houtdraaiwerken-penkits.nl\/de\/shop\/bohrer\/rsdb117-de\/rsdb117-bohrer-117-mm\/\">RSDB117<\/a> 11,7 mm Bohrer<\/p>\n<p><a href=\"https:\/\/houtdraaiwerken-penkits.nl\/de\/shop\/bohrer\/rsdb132-de\/rsdb132-bohrer-132-mm\/\">RSDB132<\/a> 13,2 mm Bohrer<\/p>\n<p><a href=\"https:\/\/houtdraaiwerken-penkits.nl\/de\/shop\/werkzeuge\/stiftmuehlen-fraeser\/pm107-stiftfraeser-hss-durchmesser10-7mm-laenge9-5cm-fuer-115-mm-stifthuelsen\/\">PM107<\/a> und <a href=\"https:\/\/houtdraaiwerken-penkits.nl\/de\/shop\/werkzeuge\/stiftmuehlen-fraeser\/pm125-stiftfraeser-hss-durchmesser125mm-laenge95cm-fuer-13mm-stifthuelsen\/\">PM125<\/a> Stiftm\u00fchlen. Bitte beachten Sie, dass Sie f\u00fcr eine Stiftm\u00fchle auch einen Fr\u00e4ser <a href=\"https:\/\/houtdraaiwerken-penkits.nl\/de\/shop\/werkzeuge\/stiftmuehlen-fraeser\/pm006-de\/pm006-3-4-schneidkopf-mit-6-schneiden-fuer-pen-muehlen\/\">PM006<\/a> oder <a href=\"https:\/\/houtdraaiwerken-penkits.nl\/de\/shop\/werkzeuge\/stiftmuehlen-fraeser\/pm002-de\/pm002-3-4-schneidkopf-mit-4-schneidkanten-fuer-pen-mills\/\">PM002<\/a> ben\u00f6tigen. Der Fr\u00e4ser passt auf jede Stiftm\u00fchle.<\/p>\n","protected":false},"excerpt":{"rendered":"<p>Churchill F\u00fcllfederhalter\/Rollerball-Kits<\/p>\n","protected":false},"featured_media":39366,"comment_status":"open","ping_status":"closed","template":"","meta":{"_et_pb_use_builder":"","_et_pb_old_content":"","_et_gb_content_width":""},"product_brand":[],"product_cat":[6440,3668],"product_tag":[3671,2201,2962],"class_list":{"0":"post-83534","1":"product","2":"type-product","3":"status-publish","4":"has-post-thumbnail","6":"product_cat-churchill-fullfederhalter-sets","7":"product_cat-fullfederhalter-und-tintenroller-sets","8":"product_tag-churchill-fullfederhalter-sets","9":"product_tag-stift-kits","10":"product_tag-stift-kits-de","12":"first","13":"instock","14":"taxable","15":"shipping-taxable","16":"purchasable","17":"product-type-variable"},"_links":{"self":[{"href":"https:\/\/houtdraaiwerken-penkits.nl\/de\/wp-json\/wp\/v2\/product\/83534","targetHints":{"allow":["GET"]}}],"collection":[{"href":"https:\/\/houtdraaiwerken-penkits.nl\/de\/wp-json\/wp\/v2\/product"}],"about":[{"href":"https:\/\/houtdraaiwerken-penkits.nl\/de\/wp-json\/wp\/v2\/types\/product"}],"replies":[{"embeddable":true,"href":"https:\/\/houtdraaiwerken-penkits.nl\/de\/wp-json\/wp\/v2\/comments?post=83534"}],"wp:featuredmedia":[{"embeddable":true,"href":"https:\/\/houtdraaiwerken-penkits.nl\/de\/wp-json\/wp\/v2\/media\/39366"}],"wp:attachment":[{"href":"https:\/\/houtdraaiwerken-penkits.nl\/de\/wp-json\/wp\/v2\/media?parent=83534"}],"wp:term":[{"taxonomy":"product_brand","embeddable":true,"href":"https:\/\/houtdraaiwerken-penkits.nl\/de\/wp-json\/wp\/v2\/product_brand?post=83534"},{"taxonomy":"product_cat","embeddable":true,"href":"https:\/\/houtdraaiwerken-penkits.nl\/de\/wp-json\/wp\/v2\/product_cat?post=83534"},{"taxonomy":"product_tag","embeddable":true,"href":"https:\/\/houtdraaiwerken-penkits.nl\/de\/wp-json\/wp\/v2\/product_tag?post=83534"}],"curies":[{"name":"wp","href":"https:\/\/api.w.org\/{rel}","templated":true}]}}