{"id":83543,"date":"2016-04-16T13:07:05","date_gmt":"2016-04-16T11:07:05","guid":{"rendered":"https:\/\/houtdraaiwerken-penkits.nl\/shop\/unkategorisiert\/konservative-fuellfederhalter-roller-kugelschreiber-sets\/"},"modified":"2026-02-20T10:33:24","modified_gmt":"2026-02-20T09:33:24","slug":"konservative-fuellfederhalter-roller-kugelschreiber-sets","status":"publish","type":"product","link":"https:\/\/houtdraaiwerken-penkits.nl\/de\/shop\/stift-kits\/fullfederhalter-und-tintenroller-sets\/konservative-fullfederhalter-roller-kugelschreiber-sets\/konservative-fuellfederhalter-roller-kugelschreiber-sets\/","title":{"rendered":"Konservative F\u00fcllfederhalter\/Roller-Kugelschreiber-Sets"},"content":{"rendered":"<p>Erforderliche zus\u00e4tzliche Materialien:<\/p>\n<p><a href=\"https:\/\/houtdraaiwerken-penkits.nl\/fr\/shop\/jeu-dentretoises\/bu89-fr\/bu89\/\">BU89<\/a> Transporter<\/p>\n<p><a href=\"https:\/\/houtdraaiwerken-penkits.nl\/shop\/boren\/db010\/db010\/\">DB010<\/a> 10mm Bohrer<\/p>\n<p><a href=\"https:\/\/houtdraaiwerken-penkits.nl\/de\/shop\/werkzeuge\/pm014-stiftfraeser-hss-durchmesser915mm-laenge95cm-fuer-10mm-stifthuelsen\/\">PM014<\/a> Stiftm\u00fchlen. Bitte beachten Sie, dass Sie f\u00fcr eine Stiftm\u00fchle auch einen Fr\u00e4ser <a href=\"https:\/\/houtdraaiwerken-penkits.nl\/de\/shop\/werkzeuge\/pm006-3-4-schneidkopf-mit-6-schneiden-fuer-pen-muehlen\/\">PM006<\/a> oder <a href=\"https:\/\/houtdraaiwerken-penkits.nl\/de\/shop\/werkzeuge\/pm002-3-4-schneidkopf-mit-4-schneidkanten-fuer-pen-mills\/\">PM002<\/a> ben\u00f6tigen. Der Fr\u00e4ser passt auf jede Stiftm\u00fchle<\/p>\n","protected":false},"excerpt":{"rendered":"<p>Konservative F\u00fcllfederhalter\/Rollerball-Sets<\/p>\n","protected":false},"featured_media":39414,"comment_status":"open","ping_status":"closed","template":"","meta":{"_et_pb_use_builder":"","_et_pb_old_content":"","_et_gb_content_width":""},"product_brand":[],"product_cat":[3668,6448],"product_tag":[6450,2201,2962],"class_list":{"0":"post-83543","1":"product","2":"type-product","3":"status-publish","4":"has-post-thumbnail","6":"product_cat-fullfederhalter-und-tintenroller-sets","7":"product_cat-konservative-fullfederhalter-roller-kugelschreiber-sets","8":"product_tag-konservative-fullfederhalter-rollerball-sets","9":"product_tag-stift-kits","10":"product_tag-stift-kits-de","12":"first","13":"instock","14":"taxable","15":"shipping-taxable","16":"purchasable","17":"product-type-variable"},"_links":{"self":[{"href":"https:\/\/houtdraaiwerken-penkits.nl\/de\/wp-json\/wp\/v2\/product\/83543","targetHints":{"allow":["GET"]}}],"collection":[{"href":"https:\/\/houtdraaiwerken-penkits.nl\/de\/wp-json\/wp\/v2\/product"}],"about":[{"href":"https:\/\/houtdraaiwerken-penkits.nl\/de\/wp-json\/wp\/v2\/types\/product"}],"replies":[{"embeddable":true,"href":"https:\/\/houtdraaiwerken-penkits.nl\/de\/wp-json\/wp\/v2\/comments?post=83543"}],"wp:featuredmedia":[{"embeddable":true,"href":"https:\/\/houtdraaiwerken-penkits.nl\/de\/wp-json\/wp\/v2\/media\/39414"}],"wp:attachment":[{"href":"https:\/\/houtdraaiwerken-penkits.nl\/de\/wp-json\/wp\/v2\/media?parent=83543"}],"wp:term":[{"taxonomy":"product_brand","embeddable":true,"href":"https:\/\/houtdraaiwerken-penkits.nl\/de\/wp-json\/wp\/v2\/product_brand?post=83543"},{"taxonomy":"product_cat","embeddable":true,"href":"https:\/\/houtdraaiwerken-penkits.nl\/de\/wp-json\/wp\/v2\/product_cat?post=83543"},{"taxonomy":"product_tag","embeddable":true,"href":"https:\/\/houtdraaiwerken-penkits.nl\/de\/wp-json\/wp\/v2\/product_tag?post=83543"}],"curies":[{"name":"wp","href":"https:\/\/api.w.org\/{rel}","templated":true}]}}