{"id":83544,"date":"2016-04-16T11:38:20","date_gmt":"2016-04-16T09:38:20","guid":{"rendered":"https:\/\/houtdraaiwerken-penkits.nl\/shop\/unkategorisiert\/panache-rollenbirnen-sets\/"},"modified":"2026-03-10T22:25:10","modified_gmt":"2026-03-10T21:25:10","slug":"panache-rollenbirnen-sets","status":"publish","type":"product","link":"https:\/\/houtdraaiwerken-penkits.nl\/de\/shop\/stift-kits\/fullfederhalter-und-tintenroller-sets\/panache-kugelschreiber-sets\/panache-rollenbirnen-sets\/","title":{"rendered":"Panache Rollenbirnen-Sets"},"content":{"rendered":"<p>Erforderliche zus\u00e4tzliche Materialien:<\/p>\n<p><a href=\"https:\/\/houtdraaiwerken-penkits.nl\/fr\/shop\/jeu-dentretoises\/bu58-fr\/bu58\/\">BU58<\/a> Transporter<\/p>\n<p><a href=\"https:\/\/houtdraaiwerken-penkits.nl\/shop\/boren\/rsdb1332\/rsdb1332\/\">RSDB13\/32<\/a> 13\/32&#8243; Bohrer<\/p>\n<p><a href=\"https:\/\/houtdraaiwerken-penkits.nl\/shop\/boren\/db125\/db125\/\">DB125<\/a> 12,5 mm Bohrer<\/p>\n<p><a href=\"https:\/\/houtdraaiwerken-penkits.nl\/fr\/shop\/outils\/pm014-fraises-a-stylo-hss-dia-9-15mm-l9-5cm-pour-tubes-de-stylos-de-10mm\/\">PM014<\/a> und <a href=\"https:\/\/houtdraaiwerken-penkits.nl\/fr\/shop\/outils\/pm116-fraise-a-stylo-hss-dia-11-63mm-l9-5cm-pour-tubes-de-stylo-de-12-35mm\/\">PM116<\/a> Stiftm\u00fchlen. Bitte beachten Sie, dass Sie f\u00fcr eine Stiftm\u00fchle auch einen Fr\u00e4ser <a href=\"https:\/\/houtdraaiwerken-penkits.nl\/en\/shop\/tools\/pm006-3-4-cutting-head-with-6-cutting-edges-for-pen-mills\/\">PM006<\/a> oder <a href=\"https:\/\/houtdraaiwerken-penkits.nl\/en\/shop\/tools\/nlpm002-3-4-cutting-head-with-4-cutting-edges-for-pen-mills\/\">PM002<\/a> ben\u00f6tigen. Der Fr\u00e4ser passt auf jede Stiftm\u00fchle<\/p>\n","protected":false},"excerpt":{"rendered":"<p>Panache Rollenbirnen-Sets<\/p>\n","protected":false},"featured_media":39618,"comment_status":"open","ping_status":"closed","template":"","meta":{"_et_pb_use_builder":"","_et_pb_old_content":"","_et_gb_content_width":""},"product_brand":[],"product_cat":[3668,6447],"product_tag":[6449,2962,2201],"class_list":{"0":"post-83544","1":"product","2":"type-product","3":"status-publish","4":"has-post-thumbnail","6":"product_cat-fullfederhalter-und-tintenroller-sets","7":"product_cat-panache-kugelschreiber-sets","8":"product_tag-panache-rollerball-kugelschreiber-sets","9":"product_tag-stift-kits-de","10":"product_tag-stift-kits","12":"first","13":"instock","14":"taxable","15":"shipping-taxable","16":"purchasable","17":"product-type-variable"},"_links":{"self":[{"href":"https:\/\/houtdraaiwerken-penkits.nl\/de\/wp-json\/wp\/v2\/product\/83544","targetHints":{"allow":["GET"]}}],"collection":[{"href":"https:\/\/houtdraaiwerken-penkits.nl\/de\/wp-json\/wp\/v2\/product"}],"about":[{"href":"https:\/\/houtdraaiwerken-penkits.nl\/de\/wp-json\/wp\/v2\/types\/product"}],"replies":[{"embeddable":true,"href":"https:\/\/houtdraaiwerken-penkits.nl\/de\/wp-json\/wp\/v2\/comments?post=83544"}],"wp:featuredmedia":[{"embeddable":true,"href":"https:\/\/houtdraaiwerken-penkits.nl\/de\/wp-json\/wp\/v2\/media\/39618"}],"wp:attachment":[{"href":"https:\/\/houtdraaiwerken-penkits.nl\/de\/wp-json\/wp\/v2\/media?parent=83544"}],"wp:term":[{"taxonomy":"product_brand","embeddable":true,"href":"https:\/\/houtdraaiwerken-penkits.nl\/de\/wp-json\/wp\/v2\/product_brand?post=83544"},{"taxonomy":"product_cat","embeddable":true,"href":"https:\/\/houtdraaiwerken-penkits.nl\/de\/wp-json\/wp\/v2\/product_cat?post=83544"},{"taxonomy":"product_tag","embeddable":true,"href":"https:\/\/houtdraaiwerken-penkits.nl\/de\/wp-json\/wp\/v2\/product_tag?post=83544"}],"curies":[{"name":"wp","href":"https:\/\/api.w.org\/{rel}","templated":true}]}}