{"id":83568,"date":"2016-04-16T11:28:26","date_gmt":"2016-04-16T09:28:26","guid":{"rendered":"https:\/\/houtdraaiwerken-penkits.nl\/shop\/unkategorisiert\/magnetische-graduierung-fuellfederhalter-roller-kugelschreiber-sets\/"},"modified":"2026-03-10T22:25:10","modified_gmt":"2026-03-10T21:25:10","slug":"magnetische-graduierung-fuellfederhalter-roller-kugelschreiber-sets","status":"publish","type":"product","link":"https:\/\/houtdraaiwerken-penkits.nl\/de\/shop\/stift-kits\/fullfederhalter-und-tintenroller-sets\/magnetische-graduierung-fullfederhalter-roller-kugelschreiber-sets\/magnetische-graduierung-fuellfederhalter-roller-kugelschreiber-sets\/","title":{"rendered":"Magnetische Graduierung F\u00fcllfederhalter\/Roller-Kugelschreiber-Sets"},"content":{"rendered":"<p>Erforderliche zus\u00e4tzliche Materialien:<\/p>\n<p><a href=\"https:\/\/houtdraaiwerken-penkits.nl\/fr\/shop\/jeu-dentretoises\/bu80-fr\/bu80\/\">BU80<\/a> Transporter<\/p>\n<p><a href=\"https:\/\/houtdraaiwerken-penkits.nl\/shop\/boren\/db010\/db010\/\">DB010<\/a> 10mm Bohrer<\/p>\n<p><a href=\"https:\/\/www.houtdraaiwerken-penkits.nl\/shop\/gereedschap-en-boren\/boren\/rsdb117\/rsdb117\/\">RSDB117<\/a> Bohrer 11,7 mm<\/p>\n<p><a href=\"https:\/\/houtdraaiwerken-penkits.nl\/fr\/shop\/outils\/pm014-fraises-a-stylo-hss-dia-9-15mm-l9-5cm-pour-tubes-de-stylos-de-10mm\/\">PM014<\/a> und <a href=\"https:\/\/houtdraaiwerken-penkits.nl\/fr\/shop\/outils\/pm107-fraise-a-stylo-hss-dia-10-7mm-l9-5cm-pour-les-tubes-de-stylos-de-115-mm\/\">PM107<\/a> Stiftm\u00fchlen. Bitte beachten Sie, dass Sie f\u00fcr eine Stiftm\u00fchle auch einen Fr\u00e4ser <a href=\"https:\/\/houtdraaiwerken-penkits.nl\/fr\/shop\/outils\/pm006-tete-de-coupe-3-4-a-6-tranchants-pour-fraises-pen\/\">PM006<\/a> oder <a href=\"https:\/\/houtdraaiwerken-penkits.nl\/fr\/shop\/outils\/nlpm002-tete-de-coupe-3-4-avec-4-aretes-de-coupe-pour-fraises-pen\/\">PM002<\/a> ben\u00f6tigen. Der Fr\u00e4ser passt auf jede Stiftm\u00fchle.<\/p>\n<p><strong>F\u00fcllfederhalter Upgrade:<\/strong><\/p>\n<p>Sie k\u00f6nnen auch ein Nibs Upgrade durchf\u00fchren. Sie k\u00f6nnen dann die <a href=\"https:\/\/www.houtdraaiwerken-penkits.nl\/shop\/vullingen-inkt-nibs\/nibs-bock-060-type-2\/nibs-bock-060-type-2\/\">Nibs Bock 060 Typ 2<\/a> oder die <a href=\"https:\/\/www.houtdraaiwerken-penkits.nl\/shop\/vullingen-inkt-nibs\/nibs-schmidt-fh241-type-2\/nibs-schmidt-fh241-type-2\/\">Nibs SCHMIDT FH241 Typ 2<\/a> hinzuf\u00fcgen. <\/p>\n","protected":false},"excerpt":{"rendered":"<p>Magnetische F\u00fcllfederhalter-\/Rollerbiobaus\u00e4tze<\/p>\n","protected":false},"featured_media":39582,"comment_status":"open","ping_status":"closed","template":"","meta":{"_et_pb_use_builder":"","_et_pb_old_content":"","_et_gb_content_width":""},"product_brand":[],"product_cat":[3668,6460],"product_tag":[6461,2201,2962],"class_list":{"0":"post-83568","1":"product","2":"type-product","3":"status-publish","4":"has-post-thumbnail","6":"product_cat-fullfederhalter-und-tintenroller-sets","7":"product_cat-magnetische-graduierung-fullfederhalter-roller-kugelschreiber-sets","8":"product_tag-magnetische-graduierung-fullfederhalter-rollerball-sets","9":"product_tag-stift-kits","10":"product_tag-stift-kits-de","12":"first","13":"instock","14":"taxable","15":"shipping-taxable","16":"purchasable","17":"product-type-variable"},"_links":{"self":[{"href":"https:\/\/houtdraaiwerken-penkits.nl\/de\/wp-json\/wp\/v2\/product\/83568","targetHints":{"allow":["GET"]}}],"collection":[{"href":"https:\/\/houtdraaiwerken-penkits.nl\/de\/wp-json\/wp\/v2\/product"}],"about":[{"href":"https:\/\/houtdraaiwerken-penkits.nl\/de\/wp-json\/wp\/v2\/types\/product"}],"replies":[{"embeddable":true,"href":"https:\/\/houtdraaiwerken-penkits.nl\/de\/wp-json\/wp\/v2\/comments?post=83568"}],"wp:featuredmedia":[{"embeddable":true,"href":"https:\/\/houtdraaiwerken-penkits.nl\/de\/wp-json\/wp\/v2\/media\/39582"}],"wp:attachment":[{"href":"https:\/\/houtdraaiwerken-penkits.nl\/de\/wp-json\/wp\/v2\/media?parent=83568"}],"wp:term":[{"taxonomy":"product_brand","embeddable":true,"href":"https:\/\/houtdraaiwerken-penkits.nl\/de\/wp-json\/wp\/v2\/product_brand?post=83568"},{"taxonomy":"product_cat","embeddable":true,"href":"https:\/\/houtdraaiwerken-penkits.nl\/de\/wp-json\/wp\/v2\/product_cat?post=83568"},{"taxonomy":"product_tag","embeddable":true,"href":"https:\/\/houtdraaiwerken-penkits.nl\/de\/wp-json\/wp\/v2\/product_tag?post=83568"}],"curies":[{"name":"wp","href":"https:\/\/api.w.org\/{rel}","templated":true}]}}