{"id":83587,"date":"2016-04-15T21:09:12","date_gmt":"2016-04-15T19:09:12","guid":{"rendered":"https:\/\/houtdraaiwerken-penkits.nl\/shop\/unkategorisiert\/verbesserte-jr-gentleman-i-fuellfederhalter-roller-kugelschreiber-sets\/"},"modified":"2026-04-09T11:34:27","modified_gmt":"2026-04-09T09:34:27","slug":"verbesserte-jr-gentleman-i-fuellfederhalter-roller-kugelschreiber-sets","status":"publish","type":"product","link":"https:\/\/houtdraaiwerken-penkits.nl\/de\/shop\/stift-kits\/fullfederhalter-und-tintenroller-sets\/verbesserte-jr-gentleman-1-fullfederhalter-roller-kugelschreiber-sets\/verbesserte-jr-gentleman-i-fuellfederhalter-roller-kugelschreiber-sets\/","title":{"rendered":"upgraded jr. gentleman I F\u00fcllfederhalter\/Roller-Kugelschreiber-Sets"},"content":{"rendered":"<p>Erforderliche zus\u00e4tzliche Materialien:<\/p>\n<p><a href=\"https:\/\/houtdraaiwerken-penkits.nl\/de\/shop\/distanzringsatz\/bu51-de\/bu51\/\">BU51<\/a> Bushing<\/p>\n<p><a href=\"https:\/\/www.houtdraaiwerken-penkits.nl\/shop\/gereedschap-en-boren\/boren\/rsdb123\/rsdb123-12-3mm-boor\/\">RSDB12<\/a> 12,3 mm Bohrer<\/p>\n<p><a href=\"https:\/\/www.houtdraaiwerken-penkits.nl\/shop\/gereedschap-en-boren\/boren\/rsdb106\/rsdb106-boor-106-mm\/\">RSDB106<\/a> 10,6 mm Bohrer<\/p>\n<p><a href=\"https:\/\/houtdraaiwerken-penkits.nl\/de\/shop\/werkzeuge\/stiftmuehlen-fraeser\/pm107-stiftfraeser-hss-durchmesser10-7mm-laenge9-5cm-fuer-115-mm-stifthuelsen\/\">PM107<\/a>\u00a0und\u00a0<a href=\"https:\/\/houtdraaiwerken-penkits.nl\/de\/shop\/werkzeuge\/stiftmuehlen-fraeser\/pm015-stiftfraeser-hss-durchmesser9-9mm-laenge9-5cm-fuer-1045mm-stiftrohre\/\">PM015<\/a>\u00a0Stiftm\u00fchlen. Bitte beachten Sie, dass Sie f\u00fcr eine Stiftm\u00fchle auch einen Fr\u00e4ser\u00a0<a href=\"https:\/\/houtdraaiwerken-penkits.nl\/de\/shop\/werkzeuge\/stiftmuehlen-fraeser\/pm006-de\/pm006-3-4-schneidkopf-mit-6-schneiden-fuer-pen-muehlen\/\">PM006<\/a>\u00a0oder\u00a0<a href=\"https:\/\/houtdraaiwerken-penkits.nl\/de\/shop\/werkzeuge\/stiftmuehlen-fraeser\/pm002-de\/pm002-3-4-schneidkopf-mit-4-schneidkanten-fuer-pen-mills\/\">PM002<\/a>\u00a0ben\u00f6tigen. Der Fr\u00e4ser passt auf jede Stiftm\u00fchle.<\/p>\n","protected":false},"excerpt":{"rendered":"<p>aufger\u00fcstete jr. gentleman I F\u00fcllfederhalter\/Roller-Kugelschreiber-Sets:<\/p>\n","protected":false},"featured_media":39738,"comment_status":"open","ping_status":"closed","template":"","meta":{"_et_pb_use_builder":"off","_et_pb_old_content":"Benodigde bijkomende materialen:\r\n\r\n<a href=\"https:\/\/houtdraaiwerken-penkits.nl\/shop\/bushing\/bu51\/\">BU51<\/a> Busjes\r\n\r\n<a href=\"https:\/\/www.houtdraaiwerken-penkits.nl\/shop\/gereedschap-en-boren\/boren\/rsdb123\/rsdb123-12-3mm-boor\/\">RSDB123<\/a> 12.3mm Boor\r\n\r\n<a href=\"https:\/\/www.houtdraaiwerken-penkits.nl\/shop\/gereedschap-en-boren\/boren\/rsdb106\/rsdb106-boor-106-mm\/\">RSDB106<\/a> 10.6mm Boor\r\n\r\n<a href=\"https:\/\/houtdraaiwerken-penkits.nl\/shop\/gereedschap-en-boren\/gereedschap\/pm015pen-mills-hss-dia-9-9mm-l9-5cm-for-10-45mm-pen-tubes\/\">PM107<\/a> en <a href=\"https:\/\/houtdraaiwerken-penkits.nl\/shop\/gereedschap-en-boren\/gereedschap\/pm014pen-mills-hss-dia-9-15mm-l9-5cm-for-10mm-pen-tubes\/\">PM014<\/a> pen mills.\u00a0Let op\u00a0voor een pen mill heeft u ook een cutter nodig <a href=\"https:\/\/houtdraaiwerken-penkits.nl\/shop\/gereedschap-en-boren\/gereedschap\/pm006pen-mills-34-cutter-head-with-6-edges\/\">PM006<\/a>\u00a0of <a href=\"https:\/\/houtdraaiwerken-penkits.nl\/shop\/gereedschap-en-boren\/gereedschap\/pm002pen-mills-34-cutter-head-with-4-edges\/\">PM002<\/a>\u00a0De cutter past op elke afmeting pen mill.\r\n\r\n<strong>Vulpen upgraden:<\/strong>\r\n\r\nU kunt ook een Upgrade van de Nib doen. U kunt dan de\u00a0<a href=\"https:\/\/www.houtdraaiwerken-penkits.nl\/shop\/vullingen-inkt-nibs\/nibs-bock-060-type-2\/nibs-bock-060-type-2\/\">Nibs Bock 060 type 2<\/a>\u00a0 of de\u00a0<a href=\"https:\/\/www.houtdraaiwerken-penkits.nl\/shop\/vullingen-inkt-nibs\/nibs-schmidt-fh241-type-2\/nibs-schmidt-fh241-type-2\/\">Nibs SCHMIDT FH241 type 2<\/a>\u00a0erbij nemen","_et_gb_content_width":""},"product_brand":[],"product_cat":[3668,6470],"product_tag":[6471,2201],"class_list":{"0":"post-83587","1":"product","2":"type-product","3":"status-publish","4":"has-post-thumbnail","6":"product_cat-fullfederhalter-und-tintenroller-sets","7":"product_cat-verbesserte-jr-gentleman-1-fullfederhalter-roller-kugelschreiber-sets","8":"product_tag-erweiterte-jr-gentleman-i-fullfederhalter-rollerball-sets","9":"product_tag-stift-kits","11":"first","12":"instock","13":"taxable","14":"shipping-taxable","15":"purchasable","16":"product-type-variable"},"_links":{"self":[{"href":"https:\/\/houtdraaiwerken-penkits.nl\/de\/wp-json\/wp\/v2\/product\/83587","targetHints":{"allow":["GET"]}}],"collection":[{"href":"https:\/\/houtdraaiwerken-penkits.nl\/de\/wp-json\/wp\/v2\/product"}],"about":[{"href":"https:\/\/houtdraaiwerken-penkits.nl\/de\/wp-json\/wp\/v2\/types\/product"}],"replies":[{"embeddable":true,"href":"https:\/\/houtdraaiwerken-penkits.nl\/de\/wp-json\/wp\/v2\/comments?post=83587"}],"wp:featuredmedia":[{"embeddable":true,"href":"https:\/\/houtdraaiwerken-penkits.nl\/de\/wp-json\/wp\/v2\/media\/39738"}],"wp:attachment":[{"href":"https:\/\/houtdraaiwerken-penkits.nl\/de\/wp-json\/wp\/v2\/media?parent=83587"}],"wp:term":[{"taxonomy":"product_brand","embeddable":true,"href":"https:\/\/houtdraaiwerken-penkits.nl\/de\/wp-json\/wp\/v2\/product_brand?post=83587"},{"taxonomy":"product_cat","embeddable":true,"href":"https:\/\/houtdraaiwerken-penkits.nl\/de\/wp-json\/wp\/v2\/product_cat?post=83587"},{"taxonomy":"product_tag","embeddable":true,"href":"https:\/\/houtdraaiwerken-penkits.nl\/de\/wp-json\/wp\/v2\/product_tag?post=83587"}],"curies":[{"name":"wp","href":"https:\/\/api.w.org\/{rel}","templated":true}]}}