{"id":83607,"date":"2019-04-19T16:00:13","date_gmt":"2019-04-19T14:00:13","guid":{"rendered":"https:\/\/houtdraaiwerken-penkits.nl\/shop\/unkategorisiert\/papierschachtel-geschlossen-schwarz-fuer-2-stifte\/"},"modified":"2019-04-19T16:00:13","modified_gmt":"2019-04-19T14:00:13","slug":"papierschachtel-geschlossen-schwarz-fuer-2-stifte","status":"publish","type":"product","link":"https:\/\/houtdraaiwerken-penkits.nl\/de\/shop\/stifteboxen\/papierschachtel-geschlossen-schwarz-fur-2-stifte\/papierschachtel-geschlossen-schwarz-fuer-2-stifte\/","title":{"rendered":"Papierschachtel geschlossen schwarz f\u00fcr 2 Stifte"},"content":{"rendered":"","protected":false},"excerpt":{"rendered":"<p>]Papierschachtel schwarz. Gr\u00f6\u00dfe:17.5x6x2.3cm. <\/p>\n","protected":false},"featured_media":50084,"comment_status":"open","ping_status":"closed","template":"","meta":{"_et_pb_use_builder":"","_et_pb_old_content":"","_et_gb_content_width":""},"product_brand":[],"product_cat":[6481],"product_tag":[5059,3521,5060,2202,2201],"class_list":{"0":"post-83607","1":"product","2":"type-product","3":"status-publish","4":"has-post-thumbnail","6":"product_cat-papierschachtel-geschlossen-schwarz-fur-2-stifte","7":"product_tag-bleistiftboxen-papier","8":"product_tag-kunststoff-stiftbox","9":"product_tag-papier-stiftbox","10":"product_tag-projekt-kits","11":"product_tag-stift-kits","13":"first","14":"instock","15":"taxable","16":"shipping-taxable","17":"purchasable","18":"product-type-simple"},"_links":{"self":[{"href":"https:\/\/houtdraaiwerken-penkits.nl\/de\/wp-json\/wp\/v2\/product\/83607","targetHints":{"allow":["GET"]}}],"collection":[{"href":"https:\/\/houtdraaiwerken-penkits.nl\/de\/wp-json\/wp\/v2\/product"}],"about":[{"href":"https:\/\/houtdraaiwerken-penkits.nl\/de\/wp-json\/wp\/v2\/types\/product"}],"replies":[{"embeddable":true,"href":"https:\/\/houtdraaiwerken-penkits.nl\/de\/wp-json\/wp\/v2\/comments?post=83607"}],"wp:featuredmedia":[{"embeddable":true,"href":"https:\/\/houtdraaiwerken-penkits.nl\/de\/wp-json\/wp\/v2\/media\/50084"}],"wp:attachment":[{"href":"https:\/\/houtdraaiwerken-penkits.nl\/de\/wp-json\/wp\/v2\/media?parent=83607"}],"wp:term":[{"taxonomy":"product_brand","embeddable":true,"href":"https:\/\/houtdraaiwerken-penkits.nl\/de\/wp-json\/wp\/v2\/product_brand?post=83607"},{"taxonomy":"product_cat","embeddable":true,"href":"https:\/\/houtdraaiwerken-penkits.nl\/de\/wp-json\/wp\/v2\/product_cat?post=83607"},{"taxonomy":"product_tag","embeddable":true,"href":"https:\/\/houtdraaiwerken-penkits.nl\/de\/wp-json\/wp\/v2\/product_tag?post=83607"}],"curies":[{"name":"wp","href":"https:\/\/api.w.org\/{rel}","templated":true}]}}