{"id":83779,"date":"2018-12-28T15:13:01","date_gmt":"2018-12-28T14:13:01","guid":{"rendered":"https:\/\/houtdraaiwerken-penkits.nl\/shop\/unkategorisiert\/salz-und-pfeffermuehlen-sets-crank-top\/"},"modified":"2025-12-16T17:53:09","modified_gmt":"2025-12-16T16:53:09","slug":"salz-und-pfeffermuehlen-sets-crank-top","status":"publish","type":"product","link":"https:\/\/houtdraaiwerken-penkits.nl\/de\/shop\/andere-bausatze\/kuchenartikel-sets\/bausatze-fur-salz-und-pfeffermuhlen\/salz-und-pfeffermuehlen-sets-crank-top\/","title":{"rendered":"Salz- und Pfefferm\u00fchlen-Sets (Crank Top)"},"content":{"rendered":"","protected":false},"excerpt":{"rendered":"<p>Baus\u00e4tze f\u00fcr Salz- und Pfefferm\u00fchlen<\/p>\n","protected":false},"featured_media":49436,"comment_status":"open","ping_status":"closed","template":"","meta":{"_et_pb_use_builder":"","_et_pb_old_content":"","_et_gb_content_width":""},"product_brand":[],"product_cat":[2248,6521,3217],"product_tag":[6522,6524,6523,4580],"class_list":{"0":"post-83779","1":"product","2":"type-product","3":"status-publish","4":"has-post-thumbnail","6":"product_cat-andere-bausatze","7":"product_cat-bausatze-fur-salz-und-pfeffermuhlen","8":"product_cat-kuchenartikel-sets","9":"product_tag-bausatze-fur-salz-und-pfeffermuhlen","10":"product_tag-crank-top-pfeffer-und-salz-muhle-kit","11":"product_tag-kurbelmuhlen-bausatz","12":"product_tag-pfeffermuhle-aus-edelstahl","14":"first","15":"instock","16":"taxable","17":"shipping-taxable","18":"purchasable","19":"product-type-variable"},"_links":{"self":[{"href":"https:\/\/houtdraaiwerken-penkits.nl\/de\/wp-json\/wp\/v2\/product\/83779","targetHints":{"allow":["GET"]}}],"collection":[{"href":"https:\/\/houtdraaiwerken-penkits.nl\/de\/wp-json\/wp\/v2\/product"}],"about":[{"href":"https:\/\/houtdraaiwerken-penkits.nl\/de\/wp-json\/wp\/v2\/types\/product"}],"replies":[{"embeddable":true,"href":"https:\/\/houtdraaiwerken-penkits.nl\/de\/wp-json\/wp\/v2\/comments?post=83779"}],"wp:featuredmedia":[{"embeddable":true,"href":"https:\/\/houtdraaiwerken-penkits.nl\/de\/wp-json\/wp\/v2\/media\/49436"}],"wp:attachment":[{"href":"https:\/\/houtdraaiwerken-penkits.nl\/de\/wp-json\/wp\/v2\/media?parent=83779"}],"wp:term":[{"taxonomy":"product_brand","embeddable":true,"href":"https:\/\/houtdraaiwerken-penkits.nl\/de\/wp-json\/wp\/v2\/product_brand?post=83779"},{"taxonomy":"product_cat","embeddable":true,"href":"https:\/\/houtdraaiwerken-penkits.nl\/de\/wp-json\/wp\/v2\/product_cat?post=83779"},{"taxonomy":"product_tag","embeddable":true,"href":"https:\/\/houtdraaiwerken-penkits.nl\/de\/wp-json\/wp\/v2\/product_tag?post=83779"}],"curies":[{"name":"wp","href":"https:\/\/api.w.org\/{rel}","templated":true}]}}