{"id":83931,"date":"2016-04-15T11:45:59","date_gmt":"2016-04-15T09:45:59","guid":{"rendered":"https:\/\/houtdraaiwerken-penkits.nl\/shop\/unkategorisiert\/bausatz-fuer-den-haengebauch-eines-zimmermanns\/"},"modified":"2025-05-09T23:06:59","modified_gmt":"2025-05-09T21:06:59","slug":"bausatz-fuer-den-haengebauch-eines-zimmermanns","status":"publish","type":"product","link":"https:\/\/houtdraaiwerken-penkits.nl\/de\/shop\/stift-kits\/bleistift-sets\/chrom-werkzeugkasten-topf-graben-kit\/bausatz-fuer-den-haengebauch-eines-zimmermanns\/","title":{"rendered":"Bausatz f\u00fcr den H\u00e4ngebauch eines Zimmermanns"},"content":{"rendered":"<p>[et_pb_section fb_built=&#8220;1&#8243; _builder_version=&#8220;4.16&#8243; custom_padding=&#8220;0px||||false|false&#8220; global_colors_info=&#8220;{}&#8220;][et_pb_row _builder_version=&#8220;4.16&#8243; background_size=&#8220;initial&#8220; background_position=&#8220;top_left&#8220; background_repeat=&#8220;repeat&#8220; width=&#8220;100%&#8220; custom_padding=&#8220;0px||0px||false|false&#8220; global_colors_info=&#8220;{}&#8220;][et_pb_column type=&#8220;4_4&#8243; _builder_version=&#8220;4.16&#8243; custom_padding=&#8220;|||&#8220; global_colors_info=&#8220;{}&#8220; custom_padding__hover=&#8220;|||&#8220;][et_pb_wc_breadcrumb _builder_version=&#8220;4.16&#8243; global_colors_info=&#8220;{}&#8220;][\/et_pb_wc_breadcrumb][et_pb_wc_cart_notice _builder_version=&#8220;4.16&#8243; global_colors_info=&#8220;{}&#8220;][\/et_pb_wc_cart_notice][\/et_pb_column][\/et_pb_row][et_pb_row _builder_version=&#8220;4.16&#8243; background_size=&#8220;initial&#8220; background_position=&#8220;top_left&#8220; background_repeat=&#8220;repeat&#8220; width=&#8220;100%&#8220; custom_padding=&#8220;0px||||false|false&#8220; global_colors_info=&#8220;{}&#8220; column_structure=&#8220;1_2,1_2&#8243;][et_pb_column type=&#8220;1_2&#8243; _builder_version=&#8220;4.16&#8243; custom_padding=&#8220;|||&#8220; global_colors_info=&#8220;{}&#8220; custom_padding__hover=&#8220;|||&#8220;][et_pb_wc_images _builder_version=&#8220;4.16&#8243; global_colors_info=&#8220;{}&#8220;][\/et_pb_wc_images][\/et_pb_column][et_pb_column type=&#8220;1_2&#8243; _builder_version=&#8220;4.16&#8243; custom_padding=&#8220;|||&#8220; global_colors_info=&#8220;{}&#8220; custom_padding__hover=&#8220;|||&#8220;][et_pb_wc_title _builder_version=&#8220;4.16&#8243; global_colors_info=&#8220;{}&#8220;][\/et_pb_wc_title][et_pb_wc_rating _builder_version=&#8220;4.16&#8243; global_colors_info=&#8220;{}&#8220;][\/et_pb_wc_rating][et_pb_wc_price _builder_version=&#8220;4.16&#8243; global_colors_info=&#8220;{}&#8220;][\/et_pb_wc_price][et_pb_wc_description _builder_version=&#8220;4.16&#8243; global_colors_info=&#8220;{}&#8220;][\/et_pb_wc_description][et_pb_wc_add_to_cart _builder_version=&#8220;4.27.0&#8243; hover_enabled=&#8220;0&#8243; global_colors_info=&#8220;{}&#8220; custom_button=&#8220;on&#8220; button_text_color=&#8220;#FFFFFF&#8220; button_bg_color=&#8220;#0c71c3&#8243; button_bg_enable_color=&#8220;on&#8220; button_font=&#8220;|600|||||||&#8220; sticky_enabled=&#8220;0&#8243;][\/et_pb_wc_add_to_cart][et_pb_wc_meta _builder_version=&#8220;4.16&#8243; global_colors_info=&#8220;{}&#8220;][\/et_pb_wc_meta][\/et_pb_column][\/et_pb_row][et_pb_row _builder_version=&#8220;4.16&#8243; background_size=&#8220;initial&#8220; background_position=&#8220;top_left&#8220; background_repeat=&#8220;repeat&#8220; width=&#8220;100%&#8220; global_colors_info=&#8220;{}&#8220;][et_pb_column type=&#8220;4_4&#8243; _builder_version=&#8220;4.16&#8243; custom_padding=&#8220;|||&#8220; global_colors_info=&#8220;{}&#8220; custom_padding__hover=&#8220;|||&#8220;][et_pb_wc_tabs _builder_version=&#8220;4.16&#8243; global_colors_info=&#8220;{}&#8220;]\t\t\t\t\t[\/et_pb_wc_tabs][et_pb_wc_upsells _builder_version=&#8220;4.16&#8243; global_colors_info=&#8220;{}&#8220;][\/et_pb_wc_upsells][et_pb_wc_related_products _builder_version=&#8220;4.16&#8243; global_colors_info=&#8220;{}&#8220;][\/et_pb_wc_related_products][\/et_pb_column][\/et_pb_row][\/et_pb_section]<\/p>\n","protected":false},"excerpt":{"rendered":"<p>Verchromtes Tischler-T\u00f6pfchen-Set<\/p>\n","protected":false},"featured_media":40002,"comment_status":"open","ping_status":"closed","template":"","meta":{"_et_pb_use_builder":"on","_et_pb_old_content":"Erforderliche zus\u00e4tzliche Materialien:\n\n <a href=\"https:\/\/houtdraaiwerken-penkits.nl\/shop\/tools-drills\/drills\/rsdb11\/\"> RSDB11<\/a> 11mm Bohrer\n\n<a href=\"https:\/\/houtdraaiwerken-penkits.nl\/shop\/bushing\/bu73\/\">BU73<\/a> Transporter\n\n<a href=\"https:\/\/houtdraaiwerken-penkits.nl\/shop\/gereedschap-en-boren\/gereedschap\/pm014pen-mills-hss-dia-9-15mm-l9-5cm-for-10mm-pen-tubes\/\">PM014<\/a> Stiftm\u00fchle. Bitte beachten Sie, dass Sie f\u00fcr eine Stiftm\u00fchle auch einen Fr\u00e4ser <a href=\"https:\/\/houtdraaiwerken-penkits.nl\/shop\/gereedschap-en-boren\/gereedschap\/pm006pen-mills-34-cutter-head-with-6-edges\/\">PM006<\/a> oder <a href=\"https:\/\/houtdraaiwerken-penkits.nl\/shop\/gereedschap-en-boren\/gereedschap\/pm002pen-mills-34-cutter-head-with-4-edges\/\">PM002<\/a> ben\u00f6tigen. Der Fr\u00e4ser passt auf jede Stiftm\u00fchle.\n\n<a href=\"https:\/\/houtdraaiwerken-penkits.nl\/shop\/pen-onderdelen\/pcl73lead-vulling-timmermanspotlood\/\">PCL73LEAD<\/a> Mine f\u00fcr Werkzeugkoffer-Bleistift","_et_gb_content_width":""},"product_brand":[],"product_cat":[4470,6630],"product_tag":[6631,2201,4845],"class_list":{"0":"post-83931","1":"product","2":"type-product","3":"status-publish","4":"has-post-thumbnail","6":"product_cat-bleistift-sets","7":"product_cat-chrom-werkzeugkasten-topf-graben-kit","8":"product_tag-chrom-werkzeugkasten-bleistiftset","9":"product_tag-stift-kits","10":"product_tag-zahnrad-klickstift-sets","12":"first","13":"instock","14":"taxable","15":"shipping-taxable","16":"purchasable","17":"product-type-variable"},"_links":{"self":[{"href":"https:\/\/houtdraaiwerken-penkits.nl\/de\/wp-json\/wp\/v2\/product\/83931","targetHints":{"allow":["GET"]}}],"collection":[{"href":"https:\/\/houtdraaiwerken-penkits.nl\/de\/wp-json\/wp\/v2\/product"}],"about":[{"href":"https:\/\/houtdraaiwerken-penkits.nl\/de\/wp-json\/wp\/v2\/types\/product"}],"replies":[{"embeddable":true,"href":"https:\/\/houtdraaiwerken-penkits.nl\/de\/wp-json\/wp\/v2\/comments?post=83931"}],"wp:featuredmedia":[{"embeddable":true,"href":"https:\/\/houtdraaiwerken-penkits.nl\/de\/wp-json\/wp\/v2\/media\/40002"}],"wp:attachment":[{"href":"https:\/\/houtdraaiwerken-penkits.nl\/de\/wp-json\/wp\/v2\/media?parent=83931"}],"wp:term":[{"taxonomy":"product_brand","embeddable":true,"href":"https:\/\/houtdraaiwerken-penkits.nl\/de\/wp-json\/wp\/v2\/product_brand?post=83931"},{"taxonomy":"product_cat","embeddable":true,"href":"https:\/\/houtdraaiwerken-penkits.nl\/de\/wp-json\/wp\/v2\/product_cat?post=83931"},{"taxonomy":"product_tag","embeddable":true,"href":"https:\/\/houtdraaiwerken-penkits.nl\/de\/wp-json\/wp\/v2\/product_tag?post=83931"}],"curies":[{"name":"wp","href":"https:\/\/api.w.org\/{rel}","templated":true}]}}