{"id":84517,"date":"2020-03-29T12:56:14","date_gmt":"2020-03-29T10:56:14","guid":{"rendered":"https:\/\/houtdraaiwerken-penkits.nl\/shop\/unkategorisiert\/bt379-roehre-fuer-bullet-rollerball-sets\/"},"modified":"2020-03-29T12:56:14","modified_gmt":"2020-03-29T10:56:14","slug":"bt379-roehre-fuer-bullet-rollerball-sets","status":"publish","type":"product","link":"https:\/\/houtdraaiwerken-penkits.nl\/de\/shop\/stiftteile\/bt379-rohren-fur-bullet-rollerball-sets\/bt379-roehre-fuer-bullet-rollerball-sets\/","title":{"rendered":"BT379 R\u00f6hre f\u00fcr Bullet-Rollerball-Sets"},"content":{"rendered":"","protected":false},"excerpt":{"rendered":"<p>BT379 R\u00f6hren f\u00fcr Bullet-Rollerball-Sets<\/p>\n","protected":false},"featured_media":44036,"comment_status":"open","ping_status":"closed","template":"","meta":{"_et_pb_use_builder":"","_et_pb_old_content":"","_et_gb_content_width":""},"product_brand":[],"product_cat":[6906,3297],"product_tag":[3298],"class_list":{"0":"post-84517","1":"product","2":"type-product","3":"status-publish","4":"has-post-thumbnail","6":"product_cat-bt379-rohren-fur-bullet-rollerball-sets","7":"product_cat-stiftrohre","8":"product_tag-stiftrohr","10":"first","11":"instock","12":"taxable","13":"shipping-taxable","14":"purchasable","15":"product-type-simple"},"_links":{"self":[{"href":"https:\/\/houtdraaiwerken-penkits.nl\/de\/wp-json\/wp\/v2\/product\/84517","targetHints":{"allow":["GET"]}}],"collection":[{"href":"https:\/\/houtdraaiwerken-penkits.nl\/de\/wp-json\/wp\/v2\/product"}],"about":[{"href":"https:\/\/houtdraaiwerken-penkits.nl\/de\/wp-json\/wp\/v2\/types\/product"}],"replies":[{"embeddable":true,"href":"https:\/\/houtdraaiwerken-penkits.nl\/de\/wp-json\/wp\/v2\/comments?post=84517"}],"wp:featuredmedia":[{"embeddable":true,"href":"https:\/\/houtdraaiwerken-penkits.nl\/de\/wp-json\/wp\/v2\/media\/44036"}],"wp:attachment":[{"href":"https:\/\/houtdraaiwerken-penkits.nl\/de\/wp-json\/wp\/v2\/media?parent=84517"}],"wp:term":[{"taxonomy":"product_brand","embeddable":true,"href":"https:\/\/houtdraaiwerken-penkits.nl\/de\/wp-json\/wp\/v2\/product_brand?post=84517"},{"taxonomy":"product_cat","embeddable":true,"href":"https:\/\/houtdraaiwerken-penkits.nl\/de\/wp-json\/wp\/v2\/product_cat?post=84517"},{"taxonomy":"product_tag","embeddable":true,"href":"https:\/\/houtdraaiwerken-penkits.nl\/de\/wp-json\/wp\/v2\/product_tag?post=84517"}],"curies":[{"name":"wp","href":"https:\/\/api.w.org\/{rel}","templated":true}]}}