{"id":84565,"date":"2020-03-08T11:31:23","date_gmt":"2020-03-08T10:31:23","guid":{"rendered":"https:\/\/houtdraaiwerken-penkits.nl\/shop\/unkategorisiert\/aston-fuellfederhalter-roller-kugelschreiber-sets\/"},"modified":"2026-03-17T10:07:39","modified_gmt":"2026-03-17T09:07:39","slug":"aston-fuellfederhalter-roller-kugelschreiber-sets","status":"publish","type":"product","link":"https:\/\/houtdraaiwerken-penkits.nl\/de\/shop\/stift-kits\/fullfederhalter-und-tintenroller-sets\/aston-fullfederhalter-roller-kugelschreiber-sets\/aston-fuellfederhalter-roller-kugelschreiber-sets\/","title":{"rendered":"Aston F\u00fcllfederhalter\/Roller-Kugelschreiber-Sets"},"content":{"rendered":"<p>Erforderliche zus\u00e4tzliche Materialien:<\/p>\n<p><a href=\"https:\/\/www.houtdraaiwerken-penkits.nl\/shop\/busjes-sets\/bu355\/bu355\/\">BU355<\/a> Buchsen<\/p>\n<p><a href=\"https:\/\/www.houtdraaiwerken-penkits.nl\/shop\/gereedschap-en-boren\/boren\/db010\/db010\/\">DB010<\/a> 10mm Bohrer<\/p>\n<p><a href=\"https:\/\/www.houtdraaiwerken-penkits.nl\/shop\/gereedschap-en-boren\/boren\/rsdb117\/rsdb117\/\">RSDB117<\/a> 11,7 mm Bohrer<\/p>\n<p><a href=\"https:\/\/www.houtdraaiwerken-penkits.nl\/shop\/gereedschap-en-boren\/gereedschap\/pen-mills\/pm014\/pm014pen-mills-hss-dia-9-15mm-l9-5cm-for-10mm-pen-tubes\/\">PM014<\/a> und <a href=\"https:\/\/www.houtdraaiwerken-penkits.nl\/shop\/gereedschap-en-boren\/gereedschap\/pen-mills\/pm107\/pm015pen-mills-hss-dia-9-9mm-l9-5cm-for-10-45mm-pen-tubes\/\">PM107<\/a> Stiftm\u00fchlen.<\/p>\n<p>Bitte beachten Sie, dass Sie f\u00fcr eine Stiftm\u00fchle auch einen Fr\u00e4ser <a href=\"https:\/\/houtdraaiwerken-penkits.nl\/fr\/shop\/outils\/pm006-tete-de-coupe-3-4-a-6-tranchants-pour-fraises-pen\/\">PM006<\/a> oder <a href=\"https:\/\/houtdraaiwerken-penkits.nl\/fr\/shop\/outils\/nlpm002-tete-de-coupe-3-4-avec-4-aretes-de-coupe-pour-fraises-pen\/\">PM002<\/a> ben\u00f6tigen. Der Fr\u00e4ser passt auf jede Stiftm\u00fchle.<\/p>\n<p><strong>F\u00fcllfederhalter Upgrade:<\/strong><\/p>\n<p>Sie k\u00f6nnen auch ein Nibs Upgrade durchf\u00fchren. Sie k\u00f6nnen dann die <a href=\"https:\/\/www.houtdraaiwerken-penkits.nl\/shop\/vullingen-inkt-nibs\/nibs-bock-060-type-2\/nibs-bock-060-type-2\/\">Nibs Bock 060 Typ 2<\/a> oder die <a href=\"https:\/\/www.houtdraaiwerken-penkits.nl\/shop\/vullingen-inkt-nibs\/nibs-schmidt-fh241-type-2\/nibs-schmidt-fh241-type-2\/\">Nibs SCHMIDT FH241 Typ 2<\/a> hinzuf\u00fcgen. <\/p>\n","protected":false},"excerpt":{"rendered":"<p>Aston F\u00fcllfederhalter\/Roller-Kugelschreiber-Sets<\/p>\n","protected":false},"featured_media":52304,"comment_status":"open","ping_status":"closed","template":"","meta":{"_et_pb_use_builder":"","_et_pb_old_content":"","_et_gb_content_width":""},"product_brand":[],"product_cat":[6918,3668],"product_tag":[5339,2201],"class_list":{"0":"post-84565","1":"product","2":"type-product","3":"status-publish","4":"has-post-thumbnail","6":"product_cat-aston-fullfederhalter-roller-kugelschreiber-sets","7":"product_cat-fullfederhalter-und-tintenroller-sets","8":"product_tag-grose-jr-gentleman-fullfederhalter-rollerball-kits","9":"product_tag-stift-kits","11":"first","12":"instock","13":"taxable","14":"shipping-taxable","15":"purchasable","16":"product-type-variable"},"_links":{"self":[{"href":"https:\/\/houtdraaiwerken-penkits.nl\/de\/wp-json\/wp\/v2\/product\/84565","targetHints":{"allow":["GET"]}}],"collection":[{"href":"https:\/\/houtdraaiwerken-penkits.nl\/de\/wp-json\/wp\/v2\/product"}],"about":[{"href":"https:\/\/houtdraaiwerken-penkits.nl\/de\/wp-json\/wp\/v2\/types\/product"}],"replies":[{"embeddable":true,"href":"https:\/\/houtdraaiwerken-penkits.nl\/de\/wp-json\/wp\/v2\/comments?post=84565"}],"wp:featuredmedia":[{"embeddable":true,"href":"https:\/\/houtdraaiwerken-penkits.nl\/de\/wp-json\/wp\/v2\/media\/52304"}],"wp:attachment":[{"href":"https:\/\/houtdraaiwerken-penkits.nl\/de\/wp-json\/wp\/v2\/media?parent=84565"}],"wp:term":[{"taxonomy":"product_brand","embeddable":true,"href":"https:\/\/houtdraaiwerken-penkits.nl\/de\/wp-json\/wp\/v2\/product_brand?post=84565"},{"taxonomy":"product_cat","embeddable":true,"href":"https:\/\/houtdraaiwerken-penkits.nl\/de\/wp-json\/wp\/v2\/product_cat?post=84565"},{"taxonomy":"product_tag","embeddable":true,"href":"https:\/\/houtdraaiwerken-penkits.nl\/de\/wp-json\/wp\/v2\/product_tag?post=84565"}],"curies":[{"name":"wp","href":"https:\/\/api.w.org\/{rel}","templated":true}]}}