{"id":84785,"date":"2019-12-08T12:21:07","date_gmt":"2019-12-08T11:21:07","guid":{"rendered":"https:\/\/houtdraaiwerken-penkits.nl\/shop\/unkategorisiert\/bt341-rohrsatz-fuer-den-nul-classic-bausaetze\/"},"modified":"2026-04-19T18:13:46","modified_gmt":"2026-04-19T16:13:46","slug":"bt341-rohrsatz-fuer-den-nul-classic-bausaetze","status":"publish","type":"product","link":"https:\/\/houtdraaiwerken-penkits.nl\/de\/shop\/stiftteile\/bt341-rohrenset-fur-den-nul-classic-bausatze\/bt341-rohrsatz-fuer-den-nul-classic-bausaetze\/","title":{"rendered":"BT341 Rohrsatz f\u00fcr Den Nul Classic Baus\u00e4tze"},"content":{"rendered":"","protected":false},"excerpt":{"rendered":"<p>BT341 R\u00f6hren f\u00fcr Den Nul Classic Baus\u00e4tze 1 Satz<\/p>\n","protected":false},"featured_media":44036,"comment_status":"open","ping_status":"closed","template":"","meta":{"_et_pb_use_builder":"","_et_pb_old_content":"","_et_gb_content_width":""},"product_brand":[],"product_cat":[6930,3297],"product_tag":[3298],"class_list":{"0":"post-84785","1":"product","2":"type-product","3":"status-publish","4":"has-post-thumbnail","6":"product_cat-bt341-rohrenset-fur-den-nul-classic-bausatze","7":"product_cat-stiftrohre","8":"product_tag-stiftrohr","10":"first","11":"instock","12":"taxable","13":"shipping-taxable","14":"purchasable","15":"product-type-simple"},"_links":{"self":[{"href":"https:\/\/houtdraaiwerken-penkits.nl\/de\/wp-json\/wp\/v2\/product\/84785","targetHints":{"allow":["GET"]}}],"collection":[{"href":"https:\/\/houtdraaiwerken-penkits.nl\/de\/wp-json\/wp\/v2\/product"}],"about":[{"href":"https:\/\/houtdraaiwerken-penkits.nl\/de\/wp-json\/wp\/v2\/types\/product"}],"replies":[{"embeddable":true,"href":"https:\/\/houtdraaiwerken-penkits.nl\/de\/wp-json\/wp\/v2\/comments?post=84785"}],"wp:featuredmedia":[{"embeddable":true,"href":"https:\/\/houtdraaiwerken-penkits.nl\/de\/wp-json\/wp\/v2\/media\/44036"}],"wp:attachment":[{"href":"https:\/\/houtdraaiwerken-penkits.nl\/de\/wp-json\/wp\/v2\/media?parent=84785"}],"wp:term":[{"taxonomy":"product_brand","embeddable":true,"href":"https:\/\/houtdraaiwerken-penkits.nl\/de\/wp-json\/wp\/v2\/product_brand?post=84785"},{"taxonomy":"product_cat","embeddable":true,"href":"https:\/\/houtdraaiwerken-penkits.nl\/de\/wp-json\/wp\/v2\/product_cat?post=84785"},{"taxonomy":"product_tag","embeddable":true,"href":"https:\/\/houtdraaiwerken-penkits.nl\/de\/wp-json\/wp\/v2\/product_tag?post=84785"}],"curies":[{"name":"wp","href":"https:\/\/api.w.org\/{rel}","templated":true}]}}