{"id":85444,"date":"2020-06-05T13:39:13","date_gmt":"2020-06-05T11:39:13","guid":{"rendered":"https:\/\/houtdraaiwerken-penkits.nl\/shop\/unkategorisiert\/flaschenoeffner-schluesselanhaenger-set\/"},"modified":"2025-11-24T23:12:55","modified_gmt":"2025-11-24T22:12:55","slug":"flaschenoeffner-schluesselanhaenger-set","status":"publish","type":"product","link":"https:\/\/houtdraaiwerken-penkits.nl\/de\/shop\/andere-bausatze\/schlusselanhanger-kits\/flaschenoffner-schlusselanhanger-set\/flaschenoeffner-schluesselanhaenger-set\/","title":{"rendered":"Flaschen\u00f6ffner-Schl\u00fcsselanh\u00e4nger-Set"},"content":{"rendered":"<p>Zus\u00e4tzlich ben\u00f6tigte Materialien:<\/p>\n<p><a href=\"https:\/\/www.houtdraaiwerken-penkits.nl\/shop\/busjes-sets\/bu411\/bu411\/\">BU411<\/a> Buchsen<\/p>\n<p><a href=\"https:\/\/www.houtdraaiwerken-penkits.nl\/shop\/gereedschap-en-boren\/boren\/db007\/db007\/\">DB007<\/a> 7mm Bohrer<\/p>\n<p><a href=\"https:\/\/www.houtdraaiwerken-penkits.nl\/shop\/gereedschap-en-boren\/gereedschap\/pen-mills\/pm011\/pm011pen-mills-hss-dia-6-18mm-l9-5cm-for-7mm-pen-tube\/\">PM011<\/a> Stiftfr\u00e4se<\/p>\n","protected":false},"excerpt":{"rendered":"<p>Flaschen\u00f6ffner-Schl\u00fcsselanh\u00e4nger-Set<\/p>\n","protected":false},"featured_media":53804,"comment_status":"open","ping_status":"closed","template":"","meta":{"_et_pb_use_builder":"on","_et_pb_old_content":"Zus\u00e4tzlich ben\u00f6tigte Materialien:\n\n<a href=\"https:\/\/www.houtdraaiwerken-penkits.nl\/shop\/busjes-sets\/bu411\/bu411\/\">BU411<\/a> Buchsen\n\n<a href=\"https:\/\/www.houtdraaiwerken-penkits.nl\/shop\/gereedschap-en-boren\/boren\/db007\/db007\/\">DB007<\/a> 7mm Bohrer\n\n<a href=\"https:\/\/www.houtdraaiwerken-penkits.nl\/shop\/gereedschap-en-boren\/gereedschap\/pen-mills\/pm011\/pm011pen-mills-hss-dia-6-18mm-l9-5cm-for-7mm-pen-tube\/\">PM011<\/a> Stiftfr\u00e4se","_et_gb_content_width":""},"product_brand":[],"product_cat":[7122,3514],"product_tag":[2202,2201],"class_list":{"0":"post-85444","1":"product","2":"type-product","3":"status-publish","4":"has-post-thumbnail","6":"product_cat-flaschenoffner-schlusselanhanger-set","7":"product_cat-schlusselanhanger-kits","8":"product_tag-projekt-kits","9":"product_tag-stift-kits","11":"first","12":"instock","13":"taxable","14":"shipping-taxable","15":"purchasable","16":"product-type-variable"},"_links":{"self":[{"href":"https:\/\/houtdraaiwerken-penkits.nl\/de\/wp-json\/wp\/v2\/product\/85444","targetHints":{"allow":["GET"]}}],"collection":[{"href":"https:\/\/houtdraaiwerken-penkits.nl\/de\/wp-json\/wp\/v2\/product"}],"about":[{"href":"https:\/\/houtdraaiwerken-penkits.nl\/de\/wp-json\/wp\/v2\/types\/product"}],"replies":[{"embeddable":true,"href":"https:\/\/houtdraaiwerken-penkits.nl\/de\/wp-json\/wp\/v2\/comments?post=85444"}],"wp:featuredmedia":[{"embeddable":true,"href":"https:\/\/houtdraaiwerken-penkits.nl\/de\/wp-json\/wp\/v2\/media\/53804"}],"wp:attachment":[{"href":"https:\/\/houtdraaiwerken-penkits.nl\/de\/wp-json\/wp\/v2\/media?parent=85444"}],"wp:term":[{"taxonomy":"product_brand","embeddable":true,"href":"https:\/\/houtdraaiwerken-penkits.nl\/de\/wp-json\/wp\/v2\/product_brand?post=85444"},{"taxonomy":"product_cat","embeddable":true,"href":"https:\/\/houtdraaiwerken-penkits.nl\/de\/wp-json\/wp\/v2\/product_cat?post=85444"},{"taxonomy":"product_tag","embeddable":true,"href":"https:\/\/houtdraaiwerken-penkits.nl\/de\/wp-json\/wp\/v2\/product_tag?post=85444"}],"curies":[{"name":"wp","href":"https:\/\/api.w.org\/{rel}","templated":true}]}}