{"id":85510,"date":"2020-05-16T22:57:59","date_gmt":"2020-05-16T20:57:59","guid":{"rendered":"https:\/\/houtdraaiwerken-penkits.nl\/shop\/unkategorisiert\/geschenkgutschein\/"},"modified":"2020-05-16T22:57:59","modified_gmt":"2020-05-16T20:57:59","slug":"geschenkgutschein","status":"publish","type":"product","link":"https:\/\/houtdraaiwerken-penkits.nl\/de\/shop\/geschenkgutschein\/geschenkgutschein\/","title":{"rendered":"Geschenkgutschein"},"content":{"rendered":"","protected":false},"excerpt":{"rendered":"<p>Wenn Sie sich f\u00fcr diesen Geschenkgutschein entscheiden, k\u00f6nnen Sie ihn an Ihre eigene E-Mail oder direkt an die Person senden lassen, f\u00fcr die Sie ihn gekauft haben. Sie k\u00f6nnen Ihren eigenen Text hinzuf\u00fcgen, der in der E-Mail angezeigt wird. Auf dem Geschenkgutschein befindet sich ein Code, der bei der Bestellung verwendet werden kann. Der Geschenkgutschein bleibt unbegrenzt g\u00fcltig.   <\/p>\n","protected":false},"featured_media":53552,"comment_status":"closed","ping_status":"closed","template":"","meta":{"_et_pb_use_builder":"","_et_pb_old_content":"","_et_gb_content_width":""},"product_brand":[],"product_cat":[7140],"product_tag":[],"class_list":{"0":"post-85510","1":"product","2":"type-product","3":"status-publish","4":"has-post-thumbnail","6":"product_cat-geschenkgutschein","8":"first","9":"instock","10":"taxable","11":"shipping-taxable","12":"purchasable","13":"product-type-pw-gift-card"},"_links":{"self":[{"href":"https:\/\/houtdraaiwerken-penkits.nl\/de\/wp-json\/wp\/v2\/product\/85510","targetHints":{"allow":["GET"]}}],"collection":[{"href":"https:\/\/houtdraaiwerken-penkits.nl\/de\/wp-json\/wp\/v2\/product"}],"about":[{"href":"https:\/\/houtdraaiwerken-penkits.nl\/de\/wp-json\/wp\/v2\/types\/product"}],"replies":[{"embeddable":true,"href":"https:\/\/houtdraaiwerken-penkits.nl\/de\/wp-json\/wp\/v2\/comments?post=85510"}],"wp:featuredmedia":[{"embeddable":true,"href":"https:\/\/houtdraaiwerken-penkits.nl\/de\/wp-json\/wp\/v2\/media\/53552"}],"wp:attachment":[{"href":"https:\/\/houtdraaiwerken-penkits.nl\/de\/wp-json\/wp\/v2\/media?parent=85510"}],"wp:term":[{"taxonomy":"product_brand","embeddable":true,"href":"https:\/\/houtdraaiwerken-penkits.nl\/de\/wp-json\/wp\/v2\/product_brand?post=85510"},{"taxonomy":"product_cat","embeddable":true,"href":"https:\/\/houtdraaiwerken-penkits.nl\/de\/wp-json\/wp\/v2\/product_cat?post=85510"},{"taxonomy":"product_tag","embeddable":true,"href":"https:\/\/houtdraaiwerken-penkits.nl\/de\/wp-json\/wp\/v2\/product_tag?post=85510"}],"curies":[{"name":"wp","href":"https:\/\/api.w.org\/{rel}","templated":true}]}}