{"id":85810,"date":"2021-05-06T14:00:07","date_gmt":"2021-05-06T12:00:07","guid":{"rendered":"https:\/\/houtdraaiwerken-penkits.nl\/shop\/unkategorisiert\/nadeleinfaedler-sets\/"},"modified":"2026-04-23T22:57:59","modified_gmt":"2026-04-23T20:57:59","slug":"nadeleinfaedler-sets","status":"publish","type":"product","link":"https:\/\/houtdraaiwerken-penkits.nl\/de\/shop\/andere-bausatze\/verschiedene-kits\/nadeleinfadler-sets\/nadeleinfaedler-sets\/","title":{"rendered":"Nadeleinf\u00e4dler-Sets"},"content":{"rendered":"<p>Erforderliche zus\u00e4tzliche Materialien:<\/p>\n<p><a href=\"https:\/\/www.houtdraaiwerken-penkits.nl\/shop\/busjes-sets\/bu91\/\">BU91<\/a> Buchsen<\/p>\n<p><a href=\"https:\/\/www.houtdraaiwerken-penkits.nl\/shop\/gereedschap-en-boren\/boren\/db008\/\">DB008<\/a> 8mm Bohrer<\/p>\n<p><a href=\"https:\/\/www.houtdraaiwerken-penkits.nl\/shop\/gereedschap-en-boren\/gereedschap\/pm012pen-mills-hss-dia-7-2mm-l9-5cm-for-8mm-pen-tubes\/\">PM012<\/a> Stiftm\u00fchle. Bitte beachten Sie, dass Sie f\u00fcr eine Stiftm\u00fchle auch einen Fr\u00e4ser <a href=\"https:\/\/www.houtdraaiwerken-penkits.nl\/shop\/gereedschap-en-boren\/gereedschap\/pm006pen-mills-34-cutter-head-with-6-edges\/\">PM006<\/a> oder <a href=\"https:\/\/www.houtdraaiwerken-penkits.nl\/shop\/gereedschap-en-boren\/gereedschap\/pm002pen-mills-34-cutter-head-with-4-edges\/\">PM002<\/a> ben\u00f6tigen. Der Fr\u00e4ser passt auf jede Stiftm\u00fchle.<\/p>\n<p>&nbsp;<\/p>\n<p>Nadeleinf\u00e4dler-Set mit den Gummiringen. Haben Sie Probleme, den Faden durch das schwache Nadel\u00f6hr zu bekommen? Ein Nadeleinf\u00e4dler macht diese Aufgabe leicht.  <\/p>\n","protected":false},"excerpt":{"rendered":"<p>Erforderliche zus\u00e4tzliche Materialien: BU91 Buchsen DB008 8mm Bohrer PM012 Stiftm\u00fchle. Bitte beachten Sie, dass Sie f\u00fcr eine Stiftm\u00fchle auch einen Fr\u00e4ser PM006 oder PM002 ben\u00f6tigen. Der Fr\u00e4ser passt auf jede Stiftm\u00fchle. &nbsp; Nadeleinf\u00e4dler-Set mit den Gummiringen. Haben Sie Probleme, den Faden durch das schwache Nadel\u00f6hr zu bekommen? Ein Nadeleinf\u00e4dler macht diese Aufgabe leicht.<\/p>\n","protected":false},"featured_media":56468,"comment_status":"closed","ping_status":"closed","template":"","meta":{"_et_pb_use_builder":"","_et_pb_old_content":"","_et_gb_content_width":""},"product_brand":[],"product_cat":[7229],"product_tag":[7230],"class_list":{"0":"post-85810","1":"product","2":"type-product","3":"status-publish","4":"has-post-thumbnail","6":"product_cat-nadeleinfadler-sets","7":"product_tag-nadeleinfadler-set","9":"first","10":"instock","11":"taxable","12":"shipping-taxable","13":"purchasable","14":"product-type-variable"},"_links":{"self":[{"href":"https:\/\/houtdraaiwerken-penkits.nl\/de\/wp-json\/wp\/v2\/product\/85810","targetHints":{"allow":["GET"]}}],"collection":[{"href":"https:\/\/houtdraaiwerken-penkits.nl\/de\/wp-json\/wp\/v2\/product"}],"about":[{"href":"https:\/\/houtdraaiwerken-penkits.nl\/de\/wp-json\/wp\/v2\/types\/product"}],"replies":[{"embeddable":true,"href":"https:\/\/houtdraaiwerken-penkits.nl\/de\/wp-json\/wp\/v2\/comments?post=85810"}],"wp:featuredmedia":[{"embeddable":true,"href":"https:\/\/houtdraaiwerken-penkits.nl\/de\/wp-json\/wp\/v2\/media\/56468"}],"wp:attachment":[{"href":"https:\/\/houtdraaiwerken-penkits.nl\/de\/wp-json\/wp\/v2\/media?parent=85810"}],"wp:term":[{"taxonomy":"product_brand","embeddable":true,"href":"https:\/\/houtdraaiwerken-penkits.nl\/de\/wp-json\/wp\/v2\/product_brand?post=85810"},{"taxonomy":"product_cat","embeddable":true,"href":"https:\/\/houtdraaiwerken-penkits.nl\/de\/wp-json\/wp\/v2\/product_cat?post=85810"},{"taxonomy":"product_tag","embeddable":true,"href":"https:\/\/houtdraaiwerken-penkits.nl\/de\/wp-json\/wp\/v2\/product_tag?post=85810"}],"curies":[{"name":"wp","href":"https:\/\/api.w.org\/{rel}","templated":true}]}}