{"id":85817,"date":"2021-01-06T15:05:03","date_gmt":"2021-01-06T14:05:03","guid":{"rendered":"https:\/\/houtdraaiwerken-penkits.nl\/shop\/unkategorisiert\/haekelhaken-set-psi\/"},"modified":"2021-01-06T15:05:03","modified_gmt":"2021-01-06T14:05:03","slug":"haekelhaken-set-psi","status":"publish","type":"product","link":"https:\/\/houtdraaiwerken-penkits.nl\/de\/shop\/andere-bausatze\/hakelhaken-set-psi\/haekelhaken-set-psi\/","title":{"rendered":"H\u00e4kelhaken-Set (PSI)"},"content":{"rendered":"<p>Erforderliche zus\u00e4tzliche Materialien:<\/p>\n<p><a href=\"https:\/\/www.houtdraaiwerken-penkits.nl\/shop\/busjes-sets\/bu1001\/bu1001\/\">BU1001<\/a> Buchsen f\u00fcr H\u00e4kelnadel-Set<\/p>\n<p><a href=\"https:\/\/www.houtdraaiwerken-penkits.nl\/shop\/gereedschap-en-boren\/boren\/db008\/db008\/\">DB008<\/a> Bohrmaschine<\/p>\n<p><a href=\"https:\/\/www.houtdraaiwerken-penkits.nl\/shop\/gereedschap-en-boren\/gereedschap\/pm012pen-mills-hss-dia-7-2mm-l9-5cm-for-8mm-pen-tubes\/\">PM012<\/a> Stiftm\u00fchle. Bitte beachten Sie, dass Sie f\u00fcr eine Stiftm\u00fchle auch einen Fr\u00e4ser <a href=\"https:\/\/houtdraaiwerken-penkits.nl\/en\/shop\/tools\/pm006-3-4-cutting-head-with-6-cutting-edges-for-pen-mills\/\">PM006<\/a> oder <a href=\"https:\/\/houtdraaiwerken-penkits.nl\/en\/shop\/tools\/nlpm002-3-4-cutting-head-with-4-cutting-edges-for-pen-mills\/\">PM002<\/a> ben\u00f6tigen. Der Fr\u00e4ser passt auf jede Stiftm\u00fchle.<\/p>\n","protected":false},"excerpt":{"rendered":"<p>H\u00e4kelhaken-Set (PSI)<\/p>\n<p>Das Set enth\u00e4lt Hardware, um 1 Griff mit 6 austauschbaren Metallh\u00e4kelnadeln zu machen. Gr\u00f6\u00dfen; C \/ 2 - 2,75 mm; D3 - 3,25 mm; E4 - 3,5 mm; F5 - 3,75 mm; G \/ 6 - 4 mm und H \/ 8 - 5 mm. Enth\u00e4lt eine praktische Reise-Box, um den Griff der und 9 H\u00e4kelnadeln zu speichern.  <\/p>\n","protected":false},"featured_media":55508,"comment_status":"open","ping_status":"closed","template":"","meta":{"_et_pb_use_builder":"","_et_pb_old_content":"","_et_gb_content_width":""},"product_brand":[],"product_cat":[7235,2252],"product_tag":[2962,2201,4845],"class_list":{"0":"post-85817","1":"product","2":"type-product","3":"status-publish","4":"has-post-thumbnail","6":"product_cat-hakelhaken-set-psi","7":"product_cat-verschiedene-kits","8":"product_tag-stift-kits-de","9":"product_tag-stift-kits","10":"product_tag-zahnrad-klickstift-sets","12":"first","13":"instock","14":"taxable","15":"shipping-taxable","16":"purchasable","17":"product-type-simple"},"_links":{"self":[{"href":"https:\/\/houtdraaiwerken-penkits.nl\/de\/wp-json\/wp\/v2\/product\/85817","targetHints":{"allow":["GET"]}}],"collection":[{"href":"https:\/\/houtdraaiwerken-penkits.nl\/de\/wp-json\/wp\/v2\/product"}],"about":[{"href":"https:\/\/houtdraaiwerken-penkits.nl\/de\/wp-json\/wp\/v2\/types\/product"}],"replies":[{"embeddable":true,"href":"https:\/\/houtdraaiwerken-penkits.nl\/de\/wp-json\/wp\/v2\/comments?post=85817"}],"wp:featuredmedia":[{"embeddable":true,"href":"https:\/\/houtdraaiwerken-penkits.nl\/de\/wp-json\/wp\/v2\/media\/55508"}],"wp:attachment":[{"href":"https:\/\/houtdraaiwerken-penkits.nl\/de\/wp-json\/wp\/v2\/media?parent=85817"}],"wp:term":[{"taxonomy":"product_brand","embeddable":true,"href":"https:\/\/houtdraaiwerken-penkits.nl\/de\/wp-json\/wp\/v2\/product_brand?post=85817"},{"taxonomy":"product_cat","embeddable":true,"href":"https:\/\/houtdraaiwerken-penkits.nl\/de\/wp-json\/wp\/v2\/product_cat?post=85817"},{"taxonomy":"product_tag","embeddable":true,"href":"https:\/\/houtdraaiwerken-penkits.nl\/de\/wp-json\/wp\/v2\/product_tag?post=85817"}],"curies":[{"name":"wp","href":"https:\/\/api.w.org\/{rel}","templated":true}]}}