{"id":85824,"date":"2021-04-18T10:04:44","date_gmt":"2021-04-18T08:04:44","guid":{"rendered":"https:\/\/houtdraaiwerken-penkits.nl\/shop\/unkategorisiert\/grind-polish-schleif-und-polierpaste\/"},"modified":"2025-10-29T21:34:21","modified_gmt":"2025-10-29T20:34:21","slug":"grind-polish-schleif-und-polierpaste","status":"publish","type":"product","link":"https:\/\/houtdraaiwerken-penkits.nl\/de\/shop\/schleifpapier-leim-und-finishing\/grind-polish-schleif-und-polierpaste\/grind-polish-schleif-und-polierpaste\/","title":{"rendered":"Grind &amp; Polish Schleif- und Polierpaste"},"content":{"rendered":"<p>Beschreibung<br \/>\nGrind &amp; Polish bright ist speziell f\u00fcr blanke Materialien entwickelt worden.<\/p>\n<p>Grind &amp; Polish Dark ist speziell f\u00fcr dunkle Materialien entwickelt worden.<\/p>\n<p>Nach dem Schleifen des Werkst\u00fccks auf K\u00f6rnung 400 und dem Einsatz von Grind &amp; Polish erhalten Sie eine Oberfl\u00e4che von ca. K\u00f6rnung 1000 und eine dauerhafte Versiegelung. <\/p>\n<p>Zus\u00e4tzliche Informationen<\/p>\n<p>Anwendung.<br \/>\nNach der Bearbeitung Ihres Produkts schleifen Sie auf K\u00f6rnung 400 und tragen dann die Polierpaste mit einem Baumwolltuch bei einer Geschwindigkeit von etwa 500 U\/min auf. Erh\u00f6hen Sie langsam die Drehzahl und erh\u00f6hen Sie den Druck mit dem Baumwolltuch auf das Werkst\u00fcck, bis der gew\u00fcnschte Glanzgrad erreicht ist. Danach k\u00f6nnen Sie mit der Endbearbeitung fortfahren, z. B. mit Aussie-\u00d6l, Ca-Kleber oder einem anderen Endbearbeitungsprodukt Ihrer Wahl.  <\/p>\n<p>&nbsp;<\/p>\n<p>Sicherheit<br \/>\nDas Produkt ist aus nat\u00fcrlichen Rohstoffen hergestellt, das Produkt ist nicht zum Verzehr geeignet, erh\u00f6hen Sie einfach den Druck des Polierprozesses, damit es nicht zu hei\u00df f\u00fcr Ihre Finger wird, seien Sie vorsichtig bei der Arbeit an rotierenden Maschinen.<\/p>\n","protected":false},"excerpt":{"rendered":"<p>Grind &amp; Polish Schleif- und Polierpaste f\u00fcr dunkle und helle H\u00f6lzer.<\/p>\n<p>Hergestellt aus nat\u00fcrlichen Materialien, ohne L\u00f6sungsmittel.<\/p>\n<p>Inhalt: 100 g \/ St\u00fcck.<\/p>\n<p>Das Produkt wird in Deutschland von J\u00fcrgen Wenzl hergestellt<\/p>\n","protected":false},"featured_media":56312,"comment_status":"closed","ping_status":"closed","template":"","meta":{"_et_pb_use_builder":"","_et_pb_old_content":"","_et_gb_content_width":""},"product_brand":[],"product_cat":[7240],"product_tag":[],"class_list":{"0":"post-85824","1":"product","2":"type-product","3":"status-publish","4":"has-post-thumbnail","6":"product_cat-grind-polish-schleif-und-polierpaste","8":"first","9":"instock","10":"taxable","11":"shipping-taxable","12":"purchasable","13":"product-type-variable"},"_links":{"self":[{"href":"https:\/\/houtdraaiwerken-penkits.nl\/de\/wp-json\/wp\/v2\/product\/85824","targetHints":{"allow":["GET"]}}],"collection":[{"href":"https:\/\/houtdraaiwerken-penkits.nl\/de\/wp-json\/wp\/v2\/product"}],"about":[{"href":"https:\/\/houtdraaiwerken-penkits.nl\/de\/wp-json\/wp\/v2\/types\/product"}],"replies":[{"embeddable":true,"href":"https:\/\/houtdraaiwerken-penkits.nl\/de\/wp-json\/wp\/v2\/comments?post=85824"}],"wp:featuredmedia":[{"embeddable":true,"href":"https:\/\/houtdraaiwerken-penkits.nl\/de\/wp-json\/wp\/v2\/media\/56312"}],"wp:attachment":[{"href":"https:\/\/houtdraaiwerken-penkits.nl\/de\/wp-json\/wp\/v2\/media?parent=85824"}],"wp:term":[{"taxonomy":"product_brand","embeddable":true,"href":"https:\/\/houtdraaiwerken-penkits.nl\/de\/wp-json\/wp\/v2\/product_brand?post=85824"},{"taxonomy":"product_cat","embeddable":true,"href":"https:\/\/houtdraaiwerken-penkits.nl\/de\/wp-json\/wp\/v2\/product_cat?post=85824"},{"taxonomy":"product_tag","embeddable":true,"href":"https:\/\/houtdraaiwerken-penkits.nl\/de\/wp-json\/wp\/v2\/product_tag?post=85824"}],"curies":[{"name":"wp","href":"https:\/\/api.w.org\/{rel}","templated":true}]}}