{"id":85857,"date":"2021-05-28T13:16:04","date_gmt":"2021-05-28T11:16:04","guid":{"rendered":"https:\/\/houtdraaiwerken-penkits.nl\/shop\/unkategorisiert\/bt349-rohrsatz-fuer-welpenstaelle\/"},"modified":"2021-05-28T13:16:04","modified_gmt":"2021-05-28T11:16:04","slug":"bt349-rohrsatz-fuer-welpenstaelle","status":"publish","type":"product","link":"https:\/\/houtdraaiwerken-penkits.nl\/de\/shop\/stiftrohre\/bt349-rohrsatz-fur-welpenstalle\/bt349-rohrsatz-fuer-welpenstaelle\/","title":{"rendered":"BT349 Rohrsatz f\u00fcr Welpenst\u00e4lle"},"content":{"rendered":"","protected":false},"excerpt":{"rendered":"<p>BT349 R\u00f6hrenset f\u00fcr Puppy pen Kits. Pro 1 St\u00fcck <\/p>\n","protected":false},"featured_media":44048,"comment_status":"open","ping_status":"closed","template":"","meta":{"_et_pb_use_builder":"","_et_pb_old_content":"","_et_gb_content_width":""},"product_brand":[],"product_cat":[7265,3297],"product_tag":[3298],"class_list":{"0":"post-85857","1":"product","2":"type-product","3":"status-publish","4":"has-post-thumbnail","6":"product_cat-bt349-rohrsatz-fur-welpenstalle","7":"product_cat-stiftrohre","8":"product_tag-stiftrohr","10":"first","11":"instock","12":"taxable","13":"shipping-taxable","14":"purchasable","15":"product-type-simple"},"_links":{"self":[{"href":"https:\/\/houtdraaiwerken-penkits.nl\/de\/wp-json\/wp\/v2\/product\/85857","targetHints":{"allow":["GET"]}}],"collection":[{"href":"https:\/\/houtdraaiwerken-penkits.nl\/de\/wp-json\/wp\/v2\/product"}],"about":[{"href":"https:\/\/houtdraaiwerken-penkits.nl\/de\/wp-json\/wp\/v2\/types\/product"}],"replies":[{"embeddable":true,"href":"https:\/\/houtdraaiwerken-penkits.nl\/de\/wp-json\/wp\/v2\/comments?post=85857"}],"wp:featuredmedia":[{"embeddable":true,"href":"https:\/\/houtdraaiwerken-penkits.nl\/de\/wp-json\/wp\/v2\/media\/44048"}],"wp:attachment":[{"href":"https:\/\/houtdraaiwerken-penkits.nl\/de\/wp-json\/wp\/v2\/media?parent=85857"}],"wp:term":[{"taxonomy":"product_brand","embeddable":true,"href":"https:\/\/houtdraaiwerken-penkits.nl\/de\/wp-json\/wp\/v2\/product_brand?post=85857"},{"taxonomy":"product_cat","embeddable":true,"href":"https:\/\/houtdraaiwerken-penkits.nl\/de\/wp-json\/wp\/v2\/product_cat?post=85857"},{"taxonomy":"product_tag","embeddable":true,"href":"https:\/\/houtdraaiwerken-penkits.nl\/de\/wp-json\/wp\/v2\/product_tag?post=85857"}],"curies":[{"name":"wp","href":"https:\/\/api.w.org\/{rel}","templated":true}]}}