{"id":85889,"date":"2019-04-19T15:52:08","date_gmt":"2019-04-19T13:52:08","guid":{"rendered":"https:\/\/houtdraaiwerken-penkits.nl\/shop\/unkategorisiert\/papierschachtel-schwarz-fuer-1-stift\/"},"modified":"2025-10-29T21:34:19","modified_gmt":"2025-10-29T20:34:19","slug":"papierschachtel-schwarz-fuer-1-stift","status":"publish","type":"product","link":"https:\/\/houtdraaiwerken-penkits.nl\/de\/shop\/stifteboxen\/papierschachtel-fur-1-kugelschreiber\/papierschachtel-schwarz-fuer-1-stift\/","title":{"rendered":"Papierschachtel schwarz f\u00fcr 1 Stift"},"content":{"rendered":"","protected":false},"excerpt":{"rendered":"<p>Papier Stift Box schwarz. Gr\u00f6\u00dfe:17.5x6x2.3cm <\/p>\n","protected":false},"featured_media":50096,"comment_status":"open","ping_status":"closed","template":"","meta":{"_et_pb_use_builder":"","_et_pb_old_content":"","_et_gb_content_width":""},"product_brand":[],"product_cat":[7288],"product_tag":[5059,3521,5060,2202,2201],"class_list":{"0":"post-85889","1":"product","2":"type-product","3":"status-publish","4":"has-post-thumbnail","6":"product_cat-papierschachtel-fur-1-kugelschreiber","7":"product_tag-bleistiftboxen-papier","8":"product_tag-kunststoff-stiftbox","9":"product_tag-papier-stiftbox","10":"product_tag-projekt-kits","11":"product_tag-stift-kits","13":"first","14":"outofstock","15":"taxable","16":"shipping-taxable","17":"purchasable","18":"product-type-simple"},"_links":{"self":[{"href":"https:\/\/houtdraaiwerken-penkits.nl\/de\/wp-json\/wp\/v2\/product\/85889","targetHints":{"allow":["GET"]}}],"collection":[{"href":"https:\/\/houtdraaiwerken-penkits.nl\/de\/wp-json\/wp\/v2\/product"}],"about":[{"href":"https:\/\/houtdraaiwerken-penkits.nl\/de\/wp-json\/wp\/v2\/types\/product"}],"replies":[{"embeddable":true,"href":"https:\/\/houtdraaiwerken-penkits.nl\/de\/wp-json\/wp\/v2\/comments?post=85889"}],"wp:featuredmedia":[{"embeddable":true,"href":"https:\/\/houtdraaiwerken-penkits.nl\/de\/wp-json\/wp\/v2\/media\/50096"}],"wp:attachment":[{"href":"https:\/\/houtdraaiwerken-penkits.nl\/de\/wp-json\/wp\/v2\/media?parent=85889"}],"wp:term":[{"taxonomy":"product_brand","embeddable":true,"href":"https:\/\/houtdraaiwerken-penkits.nl\/de\/wp-json\/wp\/v2\/product_brand?post=85889"},{"taxonomy":"product_cat","embeddable":true,"href":"https:\/\/houtdraaiwerken-penkits.nl\/de\/wp-json\/wp\/v2\/product_cat?post=85889"},{"taxonomy":"product_tag","embeddable":true,"href":"https:\/\/houtdraaiwerken-penkits.nl\/de\/wp-json\/wp\/v2\/product_tag?post=85889"}],"curies":[{"name":"wp","href":"https:\/\/api.w.org\/{rel}","templated":true}]}}