{"id":85919,"date":"2018-08-30T09:04:33","date_gmt":"2018-08-30T07:04:33","guid":{"rendered":"https:\/\/houtdraaiwerken-penkits.nl\/shop\/unkategorisiert\/bt218-stifthuelsenset-fuer-ivy\/"},"modified":"2018-08-30T09:04:33","modified_gmt":"2018-08-30T07:04:33","slug":"bt218-stifthuelsenset-fuer-ivy","status":"publish","type":"product","link":"https:\/\/houtdraaiwerken-penkits.nl\/de\/shop\/stiftteile\/bt218-stifthulsenset-fur-ivy\/bt218-stifthuelsenset-fuer-ivy\/","title":{"rendered":"BT218 Stifth\u00fclsenset f\u00fcr Ivy"},"content":{"rendered":"","protected":false},"excerpt":{"rendered":"<p>BT218 Set Stiftrohre f\u00fcr Ivy. pro 1 Set <\/p>\n","protected":false},"featured_media":43460,"comment_status":"open","ping_status":"closed","template":"","meta":{"_et_pb_use_builder":"","_et_pb_old_content":"","_et_gb_content_width":""},"product_brand":[],"product_cat":[7311,3297],"product_tag":[3298],"class_list":{"0":"post-85919","1":"product","2":"type-product","3":"status-publish","4":"has-post-thumbnail","6":"product_cat-bt218-stifthulsenset-fur-ivy","7":"product_cat-stiftrohre","8":"product_tag-stiftrohr","10":"first","11":"instock","12":"taxable","13":"shipping-taxable","14":"purchasable","15":"product-type-simple"},"_links":{"self":[{"href":"https:\/\/houtdraaiwerken-penkits.nl\/de\/wp-json\/wp\/v2\/product\/85919","targetHints":{"allow":["GET"]}}],"collection":[{"href":"https:\/\/houtdraaiwerken-penkits.nl\/de\/wp-json\/wp\/v2\/product"}],"about":[{"href":"https:\/\/houtdraaiwerken-penkits.nl\/de\/wp-json\/wp\/v2\/types\/product"}],"replies":[{"embeddable":true,"href":"https:\/\/houtdraaiwerken-penkits.nl\/de\/wp-json\/wp\/v2\/comments?post=85919"}],"wp:featuredmedia":[{"embeddable":true,"href":"https:\/\/houtdraaiwerken-penkits.nl\/de\/wp-json\/wp\/v2\/media\/43460"}],"wp:attachment":[{"href":"https:\/\/houtdraaiwerken-penkits.nl\/de\/wp-json\/wp\/v2\/media?parent=85919"}],"wp:term":[{"taxonomy":"product_brand","embeddable":true,"href":"https:\/\/houtdraaiwerken-penkits.nl\/de\/wp-json\/wp\/v2\/product_brand?post=85919"},{"taxonomy":"product_cat","embeddable":true,"href":"https:\/\/houtdraaiwerken-penkits.nl\/de\/wp-json\/wp\/v2\/product_cat?post=85919"},{"taxonomy":"product_tag","embeddable":true,"href":"https:\/\/houtdraaiwerken-penkits.nl\/de\/wp-json\/wp\/v2\/product_tag?post=85919"}],"curies":[{"name":"wp","href":"https:\/\/api.w.org\/{rel}","templated":true}]}}