{"id":85968,"date":"2018-08-30T08:46:48","date_gmt":"2018-08-30T06:46:48","guid":{"rendered":"https:\/\/houtdraaiwerken-penkits.nl\/shop\/unkategorisiert\/bt206-stiftrohr-fuer-nyoibo\/"},"modified":"2026-02-05T14:39:42","modified_gmt":"2026-02-05T13:39:42","slug":"bt206-stiftrohr-fuer-nyoibo","status":"publish","type":"product","link":"https:\/\/houtdraaiwerken-penkits.nl\/de\/shop\/stiftteile\/bt206-stiftrohrchen-fur-nyoibo\/bt206-stiftrohr-fuer-nyoibo\/","title":{"rendered":"BT206 Stiftrohr f\u00fcr Nyoibo"},"content":{"rendered":"","protected":false},"excerpt":{"rendered":"<p>BT206 Stifth\u00fclsen f\u00fcr nyoibo Jede<\/p>\n","protected":false},"featured_media":44036,"comment_status":"open","ping_status":"closed","template":"","meta":{"_et_pb_use_builder":"","_et_pb_old_content":"","_et_gb_content_width":""},"product_brand":[],"product_cat":[7328,3297,2112],"product_tag":[3298],"class_list":{"0":"post-85968","1":"product","2":"type-product","3":"status-publish","4":"has-post-thumbnail","6":"product_cat-bt206-stiftrohrchen-fur-nyoibo","7":"product_cat-stiftrohre","8":"product_cat-stiftteile","9":"product_tag-stiftrohr","11":"first","12":"instock","13":"taxable","14":"shipping-taxable","15":"purchasable","16":"product-type-simple"},"_links":{"self":[{"href":"https:\/\/houtdraaiwerken-penkits.nl\/de\/wp-json\/wp\/v2\/product\/85968","targetHints":{"allow":["GET"]}}],"collection":[{"href":"https:\/\/houtdraaiwerken-penkits.nl\/de\/wp-json\/wp\/v2\/product"}],"about":[{"href":"https:\/\/houtdraaiwerken-penkits.nl\/de\/wp-json\/wp\/v2\/types\/product"}],"replies":[{"embeddable":true,"href":"https:\/\/houtdraaiwerken-penkits.nl\/de\/wp-json\/wp\/v2\/comments?post=85968"}],"wp:featuredmedia":[{"embeddable":true,"href":"https:\/\/houtdraaiwerken-penkits.nl\/de\/wp-json\/wp\/v2\/media\/44036"}],"wp:attachment":[{"href":"https:\/\/houtdraaiwerken-penkits.nl\/de\/wp-json\/wp\/v2\/media?parent=85968"}],"wp:term":[{"taxonomy":"product_brand","embeddable":true,"href":"https:\/\/houtdraaiwerken-penkits.nl\/de\/wp-json\/wp\/v2\/product_brand?post=85968"},{"taxonomy":"product_cat","embeddable":true,"href":"https:\/\/houtdraaiwerken-penkits.nl\/de\/wp-json\/wp\/v2\/product_cat?post=85968"},{"taxonomy":"product_tag","embeddable":true,"href":"https:\/\/houtdraaiwerken-penkits.nl\/de\/wp-json\/wp\/v2\/product_tag?post=85968"}],"curies":[{"name":"wp","href":"https:\/\/api.w.org\/{rel}","templated":true}]}}