{"id":86025,"date":"2018-10-17T19:31:54","date_gmt":"2018-10-17T17:31:54","guid":{"rendered":"https:\/\/houtdraaiwerken-penkits.nl\/shop\/unkategorisiert\/bolzen-bleistiftsatz\/"},"modified":"2018-10-17T19:31:54","modified_gmt":"2018-10-17T17:31:54","slug":"bolzen-bleistiftsatz","status":"publish","type":"product","link":"https:\/\/houtdraaiwerken-penkits.nl\/de\/shop\/stift-kits\/bleistift-sets\/bolzen-bleistiftsatz\/","title":{"rendered":"Bolzen Bleistiftsatz"},"content":{"rendered":"<p>Erforderliche zus\u00e4tzliche Materialien:<\/p>\n<p><a href=\"https:\/\/www.houtdraaiwerken-penkits.nl\/shop\/busjes-sets\/bu84\/\">BU84<\/a> Buchsen<\/p>\n<p><a href=\"https:\/\/houtdraaiwerken-penkits.nl\/fr\/shop\/perceuse\/db3-8-fr\/db3-8-foret-3-8\/\">DB3\/8<\/a> Bohrer<\/p>\n<p><a href=\"https:\/\/houtdraaiwerken-penkits.nl\/fr\/shop\/outils\/pm013-fraise-a-stylo-hss-dia-8-64mm-l9-5cm-pour-tubes-de-stylo-3-8\/\">PM013<\/a> Stiftm\u00fchle. Bitte beachten Sie, dass Sie f\u00fcr eine Stiftm\u00fchle auch einen Fr\u00e4ser <a href=\"https:\/\/houtdraaiwerken-penkits.nl\/fr\/shop\/outils\/pm006-tete-de-coupe-3-4-a-6-tranchants-pour-fraises-pen\/\">PM006<\/a> oder <a href=\"https:\/\/houtdraaiwerken-penkits.nl\/fr\/shop\/outils\/nlpm002-tete-de-coupe-3-4-avec-4-aretes-de-coupe-pour-fraises-pen\/\">PM002<\/a> ben\u00f6tigen. Der Fr\u00e4ser passt auf jede Stiftm\u00fchle.<\/p>\n","protected":false},"excerpt":{"rendered":"<p>Bolzen-Bleistift-Bausatz.<\/p>\n","protected":false},"featured_media":48920,"comment_status":"open","ping_status":"closed","template":"","meta":{"_et_pb_use_builder":"","_et_pb_old_content":"","_et_gb_content_width":""},"product_brand":[],"product_cat":[4470],"product_tag":[2201,2962],"class_list":{"0":"post-86025","1":"product","2":"type-product","3":"status-publish","4":"has-post-thumbnail","6":"product_cat-bleistift-sets","7":"product_tag-stift-kits","8":"product_tag-stift-kits-de","10":"first","11":"instock","12":"taxable","13":"shipping-taxable","14":"purchasable","15":"product-type-variable"},"_links":{"self":[{"href":"https:\/\/houtdraaiwerken-penkits.nl\/de\/wp-json\/wp\/v2\/product\/86025","targetHints":{"allow":["GET"]}}],"collection":[{"href":"https:\/\/houtdraaiwerken-penkits.nl\/de\/wp-json\/wp\/v2\/product"}],"about":[{"href":"https:\/\/houtdraaiwerken-penkits.nl\/de\/wp-json\/wp\/v2\/types\/product"}],"replies":[{"embeddable":true,"href":"https:\/\/houtdraaiwerken-penkits.nl\/de\/wp-json\/wp\/v2\/comments?post=86025"}],"wp:featuredmedia":[{"embeddable":true,"href":"https:\/\/houtdraaiwerken-penkits.nl\/de\/wp-json\/wp\/v2\/media\/48920"}],"wp:attachment":[{"href":"https:\/\/houtdraaiwerken-penkits.nl\/de\/wp-json\/wp\/v2\/media?parent=86025"}],"wp:term":[{"taxonomy":"product_brand","embeddable":true,"href":"https:\/\/houtdraaiwerken-penkits.nl\/de\/wp-json\/wp\/v2\/product_brand?post=86025"},{"taxonomy":"product_cat","embeddable":true,"href":"https:\/\/houtdraaiwerken-penkits.nl\/de\/wp-json\/wp\/v2\/product_cat?post=86025"},{"taxonomy":"product_tag","embeddable":true,"href":"https:\/\/houtdraaiwerken-penkits.nl\/de\/wp-json\/wp\/v2\/product_tag?post=86025"}],"curies":[{"name":"wp","href":"https:\/\/api.w.org\/{rel}","templated":true}]}}