{"id":86081,"date":"2018-08-30T08:43:26","date_gmt":"2018-08-30T06:43:26","guid":{"rendered":"https:\/\/houtdraaiwerken-penkits.nl\/shop\/unkategorisiert\/bt181-stiftrohr-fuer-editor\/"},"modified":"2026-03-02T21:09:54","modified_gmt":"2026-03-02T20:09:54","slug":"bt181-stiftrohr-fuer-editor","status":"publish","type":"product","link":"https:\/\/houtdraaiwerken-penkits.nl\/de\/shop\/stiftteile\/bt181-stiftrohre-fur-editor\/bt181-stiftrohr-fuer-editor\/","title":{"rendered":"BT181 Stiftrohr f\u00fcr Editor"},"content":{"rendered":"","protected":false},"excerpt":{"rendered":"<p>BT181 Stiftr\u00f6hren f\u00fcr Editor Jede<\/p>\n","protected":false},"featured_media":44036,"comment_status":"open","ping_status":"closed","template":"","meta":{"_et_pb_use_builder":"","_et_pb_old_content":"","_et_gb_content_width":""},"product_brand":[],"product_cat":[7372,3297,2112],"product_tag":[3298],"class_list":{"0":"post-86081","1":"product","2":"type-product","3":"status-publish","4":"has-post-thumbnail","6":"product_cat-bt181-stiftrohre-fur-editor","7":"product_cat-stiftrohre","8":"product_cat-stiftteile","9":"product_tag-stiftrohr","11":"first","12":"instock","13":"taxable","14":"shipping-taxable","15":"purchasable","16":"product-type-simple"},"_links":{"self":[{"href":"https:\/\/houtdraaiwerken-penkits.nl\/de\/wp-json\/wp\/v2\/product\/86081","targetHints":{"allow":["GET"]}}],"collection":[{"href":"https:\/\/houtdraaiwerken-penkits.nl\/de\/wp-json\/wp\/v2\/product"}],"about":[{"href":"https:\/\/houtdraaiwerken-penkits.nl\/de\/wp-json\/wp\/v2\/types\/product"}],"replies":[{"embeddable":true,"href":"https:\/\/houtdraaiwerken-penkits.nl\/de\/wp-json\/wp\/v2\/comments?post=86081"}],"wp:featuredmedia":[{"embeddable":true,"href":"https:\/\/houtdraaiwerken-penkits.nl\/de\/wp-json\/wp\/v2\/media\/44036"}],"wp:attachment":[{"href":"https:\/\/houtdraaiwerken-penkits.nl\/de\/wp-json\/wp\/v2\/media?parent=86081"}],"wp:term":[{"taxonomy":"product_brand","embeddable":true,"href":"https:\/\/houtdraaiwerken-penkits.nl\/de\/wp-json\/wp\/v2\/product_brand?post=86081"},{"taxonomy":"product_cat","embeddable":true,"href":"https:\/\/houtdraaiwerken-penkits.nl\/de\/wp-json\/wp\/v2\/product_cat?post=86081"},{"taxonomy":"product_tag","embeddable":true,"href":"https:\/\/houtdraaiwerken-penkits.nl\/de\/wp-json\/wp\/v2\/product_tag?post=86081"}],"curies":[{"name":"wp","href":"https:\/\/api.w.org\/{rel}","templated":true}]}}