{"id":86208,"date":"2018-08-19T14:23:29","date_gmt":"2018-08-19T12:23:29","guid":{"rendered":"https:\/\/houtdraaiwerken-penkits.nl\/shop\/unkategorisiert\/bt91-schlauch-fuer-nahttrenner\/"},"modified":"2026-04-23T22:57:52","modified_gmt":"2026-04-23T20:57:52","slug":"bt91-schlauch-fuer-nahttrenner","status":"publish","type":"product","link":"https:\/\/houtdraaiwerken-penkits.nl\/de\/shop\/stiftteile\/bt91-schlauche-fur-seamripper\/bt91-schlauch-fuer-nahttrenner\/","title":{"rendered":"BT91 Schlauch f\u00fcr Nahttrenner"},"content":{"rendered":"","protected":false},"excerpt":{"rendered":"<p>BT91 Schl\u00e4uche f\u00fcr Seamripper. Jede <\/p>\n","protected":false},"featured_media":44036,"comment_status":"open","ping_status":"closed","template":"","meta":{"_et_pb_use_builder":"","_et_pb_old_content":"","_et_gb_content_width":""},"product_brand":[],"product_cat":[7462,5034],"product_tag":[3298],"class_list":{"0":"post-86208","1":"product","2":"type-product","3":"status-publish","4":"has-post-thumbnail","6":"product_cat-bt91-schlauche-fur-seamripper","7":"product_cat-verschiedene-teile","8":"product_tag-stiftrohr","10":"first","11":"instock","12":"taxable","13":"shipping-taxable","14":"purchasable","15":"product-type-simple"},"_links":{"self":[{"href":"https:\/\/houtdraaiwerken-penkits.nl\/de\/wp-json\/wp\/v2\/product\/86208","targetHints":{"allow":["GET"]}}],"collection":[{"href":"https:\/\/houtdraaiwerken-penkits.nl\/de\/wp-json\/wp\/v2\/product"}],"about":[{"href":"https:\/\/houtdraaiwerken-penkits.nl\/de\/wp-json\/wp\/v2\/types\/product"}],"replies":[{"embeddable":true,"href":"https:\/\/houtdraaiwerken-penkits.nl\/de\/wp-json\/wp\/v2\/comments?post=86208"}],"wp:featuredmedia":[{"embeddable":true,"href":"https:\/\/houtdraaiwerken-penkits.nl\/de\/wp-json\/wp\/v2\/media\/44036"}],"wp:attachment":[{"href":"https:\/\/houtdraaiwerken-penkits.nl\/de\/wp-json\/wp\/v2\/media?parent=86208"}],"wp:term":[{"taxonomy":"product_brand","embeddable":true,"href":"https:\/\/houtdraaiwerken-penkits.nl\/de\/wp-json\/wp\/v2\/product_brand?post=86208"},{"taxonomy":"product_cat","embeddable":true,"href":"https:\/\/houtdraaiwerken-penkits.nl\/de\/wp-json\/wp\/v2\/product_cat?post=86208"},{"taxonomy":"product_tag","embeddable":true,"href":"https:\/\/houtdraaiwerken-penkits.nl\/de\/wp-json\/wp\/v2\/product_tag?post=86208"}],"curies":[{"name":"wp","href":"https:\/\/api.w.org\/{rel}","templated":true}]}}