{"id":86276,"date":"2018-06-12T20:26:30","date_gmt":"2018-06-12T18:26:30","guid":{"rendered":"https:\/\/houtdraaiwerken-penkits.nl\/shop\/unkategorisiert\/feder-klick-stift-bausatz\/"},"modified":"2025-10-06T12:03:49","modified_gmt":"2025-10-06T10:03:49","slug":"feder-klick-stift-bausatz","status":"publish","type":"product","link":"https:\/\/houtdraaiwerken-penkits.nl\/de\/shop\/stift-kits\/klick-stift-sets\/feder-klick-stift-bausatz\/feder-klick-stift-bausatz\/","title":{"rendered":"Feder-Klick-Stift-Bausatz"},"content":{"rendered":"<p>ben\u00f6tigte Ausr\u00fcstung:<\/p>\n<p><a href=\"https:\/\/www.houtdraaiwerken-penkits.nl\/shop\/busjes-sets\/bu264\/bu264\/\">BU264<\/a> Buchsen<\/p>\n<p><a href=\"https:\/\/www.houtdraaiwerken-penkits.nl\/shop\/gereedschap-en-boren\/boren\/db38\/db38\/\">DB3\/8<\/a> 3\/8 Bohrer<\/p>\n<p><a href=\"https:\/\/houtdraaiwerken-penkits.nl\/en\/shop\/tools\/pm013-pen-mills-hss-dia-8-64mm-l9-5cm-for-3-8-pen-tubes\/\">PM013<\/a> Stiftm\u00fchle. Bitte beachten Sie, dass Sie f\u00fcr eine Stiftm\u00fchle auch einen Fr\u00e4ser <a href=\"https:\/\/houtdraaiwerken-penkits.nl\/en\/shop\/tools\/pm006-3-4-cutting-head-with-6-cutting-edges-for-pen-mills\/\">PM006<\/a> oder <a href=\"https:\/\/houtdraaiwerken-penkits.nl\/en\/shop\/tools\/nlpm002-3-4-cutting-head-with-4-cutting-edges-for-pen-mills\/\">PM002<\/a> ben\u00f6tigen. Der Fr\u00e4ser passt auf jede Stiftm\u00fchle.<\/p>\n","protected":false},"excerpt":{"rendered":"<p>ben\u00f6tigte Ausr\u00fcstung: BU264 Buchsen DB3\/8 3\/8 Bohrer PM013 Stiftm\u00fchle. Bitte beachten Sie, dass Sie f\u00fcr eine Stiftm\u00fchle auch einen Fr\u00e4ser PM006 oder PM002 ben\u00f6tigen. Der Fr\u00e4ser passt auf jede Stiftm\u00fchle.<\/p>\n","protected":false},"featured_media":48284,"comment_status":"open","ping_status":"closed","template":"","meta":{"_et_pb_use_builder":"","_et_pb_old_content":"","_et_gb_content_width":""},"product_brand":[],"product_cat":[7494,3037,3571],"product_tag":[4593,2201,2962],"class_list":{"0":"post-86276","1":"product","2":"type-product","3":"status-publish","4":"has-post-thumbnail","6":"product_cat-feder-klick-stift-bausatz","7":"product_cat-klick-stift-sets","8":"product_cat-stift-kits","9":"product_tag-slimline-klick-stift-sets","10":"product_tag-stift-kits","11":"product_tag-stift-kits-de","13":"first","14":"instock","15":"taxable","16":"shipping-taxable","17":"purchasable","18":"product-type-variable"},"_links":{"self":[{"href":"https:\/\/houtdraaiwerken-penkits.nl\/de\/wp-json\/wp\/v2\/product\/86276","targetHints":{"allow":["GET"]}}],"collection":[{"href":"https:\/\/houtdraaiwerken-penkits.nl\/de\/wp-json\/wp\/v2\/product"}],"about":[{"href":"https:\/\/houtdraaiwerken-penkits.nl\/de\/wp-json\/wp\/v2\/types\/product"}],"replies":[{"embeddable":true,"href":"https:\/\/houtdraaiwerken-penkits.nl\/de\/wp-json\/wp\/v2\/comments?post=86276"}],"wp:featuredmedia":[{"embeddable":true,"href":"https:\/\/houtdraaiwerken-penkits.nl\/de\/wp-json\/wp\/v2\/media\/48284"}],"wp:attachment":[{"href":"https:\/\/houtdraaiwerken-penkits.nl\/de\/wp-json\/wp\/v2\/media?parent=86276"}],"wp:term":[{"taxonomy":"product_brand","embeddable":true,"href":"https:\/\/houtdraaiwerken-penkits.nl\/de\/wp-json\/wp\/v2\/product_brand?post=86276"},{"taxonomy":"product_cat","embeddable":true,"href":"https:\/\/houtdraaiwerken-penkits.nl\/de\/wp-json\/wp\/v2\/product_cat?post=86276"},{"taxonomy":"product_tag","embeddable":true,"href":"https:\/\/houtdraaiwerken-penkits.nl\/de\/wp-json\/wp\/v2\/product_tag?post=86276"}],"curies":[{"name":"wp","href":"https:\/\/api.w.org\/{rel}","templated":true}]}}