{"id":86417,"date":"2018-03-07T15:10:31","date_gmt":"2018-03-07T14:10:31","guid":{"rendered":"https:\/\/houtdraaiwerken-penkits.nl\/shop\/unkategorisiert\/armband-fuer-20-und-fuer-25-mm-einsaetze\/"},"modified":"2025-05-27T19:42:27","modified_gmt":"2025-05-27T17:42:27","slug":"armband-fuer-20-und-fuer-25-mm-einsaetze","status":"publish","type":"product","link":"https:\/\/houtdraaiwerken-penkits.nl\/de\/shop\/andere-bausatze\/armband-fur-25-mm-einlage\/armband-fuer-20-und-fuer-25-mm-einsaetze\/","title":{"rendered":"Armband f\u00fcr 20 und f\u00fcr 25 mm Eins\u00e4tze."},"content":{"rendered":"","protected":false},"excerpt":{"rendered":"<p>Armband f\u00fcr 20mm und f\u00fcr 25mm Eins\u00e4tze.<\/p>\n","protected":false},"featured_media":47744,"comment_status":"open","ping_status":"closed","template":"","meta":{"_et_pb_use_builder":"","_et_pb_old_content":"","_et_gb_content_width":""},"product_brand":[],"product_cat":[7534,5240],"product_tag":[5246,2201,2962],"class_list":{"0":"post-86417","1":"product","2":"type-product","3":"status-publish","4":"has-post-thumbnail","6":"product_cat-armband-fur-25-mm-einlage","7":"product_cat-schmuck","8":"product_tag-armband-fur-25-mm-einlage","9":"product_tag-stift-kits","10":"product_tag-stift-kits-de","12":"first","13":"instock","14":"taxable","15":"shipping-taxable","16":"purchasable","17":"product-type-variable"},"_links":{"self":[{"href":"https:\/\/houtdraaiwerken-penkits.nl\/de\/wp-json\/wp\/v2\/product\/86417","targetHints":{"allow":["GET"]}}],"collection":[{"href":"https:\/\/houtdraaiwerken-penkits.nl\/de\/wp-json\/wp\/v2\/product"}],"about":[{"href":"https:\/\/houtdraaiwerken-penkits.nl\/de\/wp-json\/wp\/v2\/types\/product"}],"replies":[{"embeddable":true,"href":"https:\/\/houtdraaiwerken-penkits.nl\/de\/wp-json\/wp\/v2\/comments?post=86417"}],"wp:featuredmedia":[{"embeddable":true,"href":"https:\/\/houtdraaiwerken-penkits.nl\/de\/wp-json\/wp\/v2\/media\/47744"}],"wp:attachment":[{"href":"https:\/\/houtdraaiwerken-penkits.nl\/de\/wp-json\/wp\/v2\/media?parent=86417"}],"wp:term":[{"taxonomy":"product_brand","embeddable":true,"href":"https:\/\/houtdraaiwerken-penkits.nl\/de\/wp-json\/wp\/v2\/product_brand?post=86417"},{"taxonomy":"product_cat","embeddable":true,"href":"https:\/\/houtdraaiwerken-penkits.nl\/de\/wp-json\/wp\/v2\/product_cat?post=86417"},{"taxonomy":"product_tag","embeddable":true,"href":"https:\/\/houtdraaiwerken-penkits.nl\/de\/wp-json\/wp\/v2\/product_tag?post=86417"}],"curies":[{"name":"wp","href":"https:\/\/api.w.org\/{rel}","templated":true}]}}