{"id":86465,"date":"2021-12-28T10:48:31","date_gmt":"2021-12-28T09:48:31","guid":{"rendered":"https:\/\/houtdraaiwerken-penkits.nl\/shop\/unkategorisiert\/bt273-stiftroehrchen-fuer-feuerwehr-klick-stift-sets\/"},"modified":"2025-05-10T00:39:07","modified_gmt":"2025-05-09T22:39:07","slug":"bt273-stiftroehrchen-fuer-feuerwehr-klick-stift-sets","status":"publish","type":"product","link":"https:\/\/houtdraaiwerken-penkits.nl\/de\/shop\/stiftrohre\/bt273-stiftrohrchen-fur-feuerwehr-klick-stift-sets\/bt273-stiftroehrchen-fuer-feuerwehr-klick-stift-sets\/","title":{"rendered":"BT273 Stiftr\u00f6hrchen f\u00fcr Feuerwehr-Klick-Stift-Sets"},"content":{"rendered":"","protected":false},"excerpt":{"rendered":"<p>BT273 Stiftr\u00f6hrchen f\u00fcr Feuerwehr-Klick-Stift-Sets. Preis pro St\u00fcck<\/p>\n","protected":false},"featured_media":44036,"comment_status":"open","ping_status":"closed","template":"","meta":{"_et_pb_use_builder":"","_et_pb_old_content":"","_et_gb_content_width":""},"product_brand":[],"product_cat":[7553,3297],"product_tag":[3298],"class_list":{"0":"post-86465","1":"product","2":"type-product","3":"status-publish","4":"has-post-thumbnail","6":"product_cat-bt273-stiftrohrchen-fur-feuerwehr-klick-stift-sets","7":"product_cat-stiftrohre","8":"product_tag-stiftrohr","10":"first","11":"outofstock","12":"taxable","13":"shipping-taxable","14":"purchasable","15":"product-type-simple"},"_links":{"self":[{"href":"https:\/\/houtdraaiwerken-penkits.nl\/de\/wp-json\/wp\/v2\/product\/86465","targetHints":{"allow":["GET"]}}],"collection":[{"href":"https:\/\/houtdraaiwerken-penkits.nl\/de\/wp-json\/wp\/v2\/product"}],"about":[{"href":"https:\/\/houtdraaiwerken-penkits.nl\/de\/wp-json\/wp\/v2\/types\/product"}],"replies":[{"embeddable":true,"href":"https:\/\/houtdraaiwerken-penkits.nl\/de\/wp-json\/wp\/v2\/comments?post=86465"}],"wp:featuredmedia":[{"embeddable":true,"href":"https:\/\/houtdraaiwerken-penkits.nl\/de\/wp-json\/wp\/v2\/media\/44036"}],"wp:attachment":[{"href":"https:\/\/houtdraaiwerken-penkits.nl\/de\/wp-json\/wp\/v2\/media?parent=86465"}],"wp:term":[{"taxonomy":"product_brand","embeddable":true,"href":"https:\/\/houtdraaiwerken-penkits.nl\/de\/wp-json\/wp\/v2\/product_brand?post=86465"},{"taxonomy":"product_cat","embeddable":true,"href":"https:\/\/houtdraaiwerken-penkits.nl\/de\/wp-json\/wp\/v2\/product_cat?post=86465"},{"taxonomy":"product_tag","embeddable":true,"href":"https:\/\/houtdraaiwerken-penkits.nl\/de\/wp-json\/wp\/v2\/product_tag?post=86465"}],"curies":[{"name":"wp","href":"https:\/\/api.w.org\/{rel}","templated":true}]}}