{"id":86514,"date":"2021-12-06T20:01:08","date_gmt":"2021-12-06T19:01:08","guid":{"rendered":"https:\/\/houtdraaiwerken-penkits.nl\/shop\/unkategorisiert\/yunstone-stiftrohling-tuerkis-mit-schwarzen-linien\/"},"modified":"2025-07-21T19:32:30","modified_gmt":"2025-07-21T17:32:30","slug":"yunstone-stiftrohling-tuerkis-mit-schwarzen-linien","status":"publish","type":"product","link":"https:\/\/houtdraaiwerken-penkits.nl\/de\/shop\/stiftrohlinge\/yunstone-stiftrohling\/yunstone-stiftrohling-turkis-mit-schwarzen-linien\/yunstone-stiftrohling-tuerkis-mit-schwarzen-linien\/","title":{"rendered":"Yunstone Stiftrohling T\u00fcrkis mit schwarzen Linien"},"content":{"rendered":"","protected":false},"excerpt":{"rendered":"<p>Yunstone Federrohling. T\u00fcrkis mit schwarzen Adern. Sie sind aus echtem Steinpulver und Farbstoffen in einem Acrylharz hergestellt. Ungef\u00e4hre Gr\u00f6\u00dfe 18 mm x 18 mm x 130 mm   <\/p>\n","protected":false},"featured_media":58724,"comment_status":"closed","ping_status":"closed","template":"","meta":{"_et_pb_use_builder":"","_et_pb_old_content":"","_et_gb_content_width":""},"product_brand":[],"product_cat":[4935,7587],"product_tag":[2978],"class_list":{"0":"post-86514","1":"product","2":"type-product","3":"status-publish","4":"has-post-thumbnail","6":"product_cat-yunstone-stiftrohling","7":"product_cat-yunstone-stiftrohling-turkis-mit-schwarzen-linien","8":"product_tag-yunstone-stiftrohling","10":"first","11":"outofstock","12":"taxable","13":"shipping-taxable","14":"purchasable","15":"product-type-simple"},"_links":{"self":[{"href":"https:\/\/houtdraaiwerken-penkits.nl\/de\/wp-json\/wp\/v2\/product\/86514","targetHints":{"allow":["GET"]}}],"collection":[{"href":"https:\/\/houtdraaiwerken-penkits.nl\/de\/wp-json\/wp\/v2\/product"}],"about":[{"href":"https:\/\/houtdraaiwerken-penkits.nl\/de\/wp-json\/wp\/v2\/types\/product"}],"replies":[{"embeddable":true,"href":"https:\/\/houtdraaiwerken-penkits.nl\/de\/wp-json\/wp\/v2\/comments?post=86514"}],"wp:featuredmedia":[{"embeddable":true,"href":"https:\/\/houtdraaiwerken-penkits.nl\/de\/wp-json\/wp\/v2\/media\/58724"}],"wp:attachment":[{"href":"https:\/\/houtdraaiwerken-penkits.nl\/de\/wp-json\/wp\/v2\/media?parent=86514"}],"wp:term":[{"taxonomy":"product_brand","embeddable":true,"href":"https:\/\/houtdraaiwerken-penkits.nl\/de\/wp-json\/wp\/v2\/product_brand?post=86514"},{"taxonomy":"product_cat","embeddable":true,"href":"https:\/\/houtdraaiwerken-penkits.nl\/de\/wp-json\/wp\/v2\/product_cat?post=86514"},{"taxonomy":"product_tag","embeddable":true,"href":"https:\/\/houtdraaiwerken-penkits.nl\/de\/wp-json\/wp\/v2\/product_tag?post=86514"}],"curies":[{"name":"wp","href":"https:\/\/api.w.org\/{rel}","templated":true}]}}