{"id":86533,"date":"2021-11-22T13:03:56","date_gmt":"2021-11-22T12:03:56","guid":{"rendered":"https:\/\/houtdraaiwerken-penkits.nl\/shop\/unkategorisiert\/federmaeppchen-aus-leder-dunkelbraun-xl\/"},"modified":"2021-11-22T13:03:56","modified_gmt":"2021-11-22T12:03:56","slug":"federmaeppchen-aus-leder-dunkelbraun-xl","status":"publish","type":"product","link":"https:\/\/houtdraaiwerken-penkits.nl\/de\/shop\/stifteboxen\/federmappchen-aus-leder-dunkelbraun-xl\/federmaeppchen-aus-leder-dunkelbraun-xl\/","title":{"rendered":"Federm\u00e4ppchen aus Leder Dunkelbraun XL"},"content":{"rendered":"","protected":false},"excerpt":{"rendered":"<p>Federm\u00e4ppchen aus Leder Dunkelbraun XL. Gr\u00f6\u00dfe . 16,5 x 7 cm.  <\/p>\n","protected":false},"featured_media":58544,"comment_status":"open","ping_status":"closed","template":"","meta":{"_et_pb_use_builder":"","_et_pb_old_content":"","_et_gb_content_width":""},"product_brand":[],"product_cat":[7600],"product_tag":[5539,3319,3318],"class_list":{"0":"post-86533","1":"product","2":"type-product","3":"status-publish","4":"has-post-thumbnail","6":"product_cat-federmappchen-aus-leder-dunkelbraun-xl","7":"product_tag-federmappchen-aus-leder-braun","8":"product_tag-schwarzes-lederpenetui","9":"product_tag-stiftetui","11":"first","12":"instock","13":"taxable","14":"shipping-taxable","15":"purchasable","16":"product-type-simple"},"_links":{"self":[{"href":"https:\/\/houtdraaiwerken-penkits.nl\/de\/wp-json\/wp\/v2\/product\/86533","targetHints":{"allow":["GET"]}}],"collection":[{"href":"https:\/\/houtdraaiwerken-penkits.nl\/de\/wp-json\/wp\/v2\/product"}],"about":[{"href":"https:\/\/houtdraaiwerken-penkits.nl\/de\/wp-json\/wp\/v2\/types\/product"}],"replies":[{"embeddable":true,"href":"https:\/\/houtdraaiwerken-penkits.nl\/de\/wp-json\/wp\/v2\/comments?post=86533"}],"wp:featuredmedia":[{"embeddable":true,"href":"https:\/\/houtdraaiwerken-penkits.nl\/de\/wp-json\/wp\/v2\/media\/58544"}],"wp:attachment":[{"href":"https:\/\/houtdraaiwerken-penkits.nl\/de\/wp-json\/wp\/v2\/media?parent=86533"}],"wp:term":[{"taxonomy":"product_brand","embeddable":true,"href":"https:\/\/houtdraaiwerken-penkits.nl\/de\/wp-json\/wp\/v2\/product_brand?post=86533"},{"taxonomy":"product_cat","embeddable":true,"href":"https:\/\/houtdraaiwerken-penkits.nl\/de\/wp-json\/wp\/v2\/product_cat?post=86533"},{"taxonomy":"product_tag","embeddable":true,"href":"https:\/\/houtdraaiwerken-penkits.nl\/de\/wp-json\/wp\/v2\/product_tag?post=86533"}],"curies":[{"name":"wp","href":"https:\/\/api.w.org\/{rel}","templated":true}]}}