{"id":86613,"date":"2021-11-12T11:50:29","date_gmt":"2021-11-12T10:50:29","guid":{"rendered":"https:\/\/houtdraaiwerken-penkits.nl\/shop\/unkategorisiert\/bt28-stiftrohr-fuer-polaris-stift\/"},"modified":"2021-11-12T11:50:29","modified_gmt":"2021-11-12T10:50:29","slug":"bt28-stiftrohr-fuer-polaris-stift","status":"publish","type":"product","link":"https:\/\/houtdraaiwerken-penkits.nl\/de\/shop\/stiftrohre\/bt28-stiftrohre-fur-polaris-stift\/bt28-stiftrohr-fuer-polaris-stift\/","title":{"rendered":"BT28 Stiftrohr f\u00fcr Polaris-Stift"},"content":{"rendered":"","protected":false},"excerpt":{"rendered":"<p>BT28 Stiftrohr f\u00fcr Polaris-Stift. Jedes St\u00fcck <\/p>\n<p>Gr\u00f6\u00dfe:9.3*8.8*71.5mm<\/p>\n","protected":false},"featured_media":43556,"comment_status":"open","ping_status":"closed","template":"","meta":{"_et_pb_use_builder":"","_et_pb_old_content":"","_et_gb_content_width":""},"product_brand":[],"product_cat":[7624,3297],"product_tag":[3298],"class_list":{"0":"post-86613","1":"product","2":"type-product","3":"status-publish","4":"has-post-thumbnail","6":"product_cat-bt28-stiftrohre-fur-polaris-stift","7":"product_cat-stiftrohre","8":"product_tag-stiftrohr","10":"first","11":"instock","12":"taxable","13":"shipping-taxable","14":"purchasable","15":"product-type-simple"},"_links":{"self":[{"href":"https:\/\/houtdraaiwerken-penkits.nl\/de\/wp-json\/wp\/v2\/product\/86613","targetHints":{"allow":["GET"]}}],"collection":[{"href":"https:\/\/houtdraaiwerken-penkits.nl\/de\/wp-json\/wp\/v2\/product"}],"about":[{"href":"https:\/\/houtdraaiwerken-penkits.nl\/de\/wp-json\/wp\/v2\/types\/product"}],"replies":[{"embeddable":true,"href":"https:\/\/houtdraaiwerken-penkits.nl\/de\/wp-json\/wp\/v2\/comments?post=86613"}],"wp:featuredmedia":[{"embeddable":true,"href":"https:\/\/houtdraaiwerken-penkits.nl\/de\/wp-json\/wp\/v2\/media\/43556"}],"wp:attachment":[{"href":"https:\/\/houtdraaiwerken-penkits.nl\/de\/wp-json\/wp\/v2\/media?parent=86613"}],"wp:term":[{"taxonomy":"product_brand","embeddable":true,"href":"https:\/\/houtdraaiwerken-penkits.nl\/de\/wp-json\/wp\/v2\/product_brand?post=86613"},{"taxonomy":"product_cat","embeddable":true,"href":"https:\/\/houtdraaiwerken-penkits.nl\/de\/wp-json\/wp\/v2\/product_cat?post=86613"},{"taxonomy":"product_tag","embeddable":true,"href":"https:\/\/houtdraaiwerken-penkits.nl\/de\/wp-json\/wp\/v2\/product_tag?post=86613"}],"curies":[{"name":"wp","href":"https:\/\/api.w.org\/{rel}","templated":true}]}}