{"id":86625,"date":"2021-11-02T15:39:48","date_gmt":"2021-11-02T14:39:48","guid":{"rendered":"https:\/\/houtdraaiwerken-penkits.nl\/shop\/unkategorisiert\/stratus-click-penkit-psi\/"},"modified":"2025-09-15T13:53:02","modified_gmt":"2025-09-15T11:53:02","slug":"stratus-click-penkit-psi","status":"publish","type":"product","link":"https:\/\/houtdraaiwerken-penkits.nl\/de\/shop\/stift-kits\/stift-kits-von-psi\/stratus-click-penkit-psi-de\/stratus-click-penkit-psi\/","title":{"rendered":"Stratus Click penKit (PSI)"},"content":{"rendered":"<p>]Produktbeschreibung<br \/>\nDieser sch\u00f6ne Stratus-Stift hat ein schlankes und modernes Design mit ausgezeichneter Balance f\u00fcr ein hervorragendes Schreibgef\u00fchl. Sie werden das lange 3\/8&#8243;-Einzelrohr zu sch\u00e4tzen wissen, mit dem Sie Ihre Rohlinge und Ihre Handwerkskunst zur Schau stellen k\u00f6nnen. Enth\u00e4lt den gleichen superleisen, sanften und ger\u00e4uschlosen Klickmechanismus wie unsere Vertex-Klickersets, von dem ein Kunde behauptet, er sei &#8222;der sanfteste Klick, den ich je erlebt habe&#8220;. Inklusive glatt schreibender Parker-Mine.  <\/p>\n<p>Erforderliche zus\u00e4tzliche Materialien:<\/p>\n<p><a href=\"https:\/\/www.houtdraaiwerken-penkits.nl\/shop\/busjes-sets\/bu992\/bu992\/\">BU992<\/a> Buchsen<\/p>\n<p><a href=\"https:\/\/www.houtdraaiwerken-penkits.nl\/shop\/gereedschap-en-boren\/boren\/db38\/db38\/\">DB3\/8<\/a> Bohrer<\/p>\n<p><a href=\"https:\/\/www.houtdraaiwerken-penkits.nl\/shop\/gereedschap-en-boren\/gereedschap\/pm013pen-mills-hss-dia-8-64mm-l9-5cm-for-38-pen-tubes\/\">PM013<\/a> Stiftm\u00fchle.<\/p>\n<p>Bitte beachten Sie, dass Sie f\u00fcr eine Stiftm\u00fchle auch einen Fr\u00e4ser <a href=\"https:\/\/houtdraaiwerken-penkits.nl\/fr\/shop\/outils\/pm006-tete-de-coupe-3-4-a-6-tranchants-pour-fraises-pen\/\">PM006<\/a> oder <a href=\"https:\/\/houtdraaiwerken-penkits.nl\/fr\/shop\/outils\/nlpm002-tete-de-coupe-3-4-avec-4-aretes-de-coupe-pour-fraises-pen\/\">PM002<\/a> ben\u00f6tigen. Der Fr\u00e4ser passt auf jede Stiftm\u00fchle.<\/p>\n","protected":false},"excerpt":{"rendered":"<p>Stratus Click penKit (PSI)<\/p>\n","protected":false},"featured_media":58328,"comment_status":"open","ping_status":"closed","template":"","meta":{"_et_pb_use_builder":"","_et_pb_old_content":"","_et_gb_content_width":""},"product_brand":[],"product_cat":[3037,5294,7630],"product_tag":[5780,2962,2201,4845],"class_list":{"0":"post-86625","1":"product","2":"type-product","3":"status-publish","4":"has-post-thumbnail","6":"product_cat-klick-stift-sets","7":"product_cat-stift-kits-von-psi","8":"product_cat-stratus-click-penkit-psi-de","9":"product_tag-drachen-fullfederhalter-bausatz","10":"product_tag-stift-kits-de","11":"product_tag-stift-kits","12":"product_tag-zahnrad-klickstift-sets","14":"first","15":"instock","16":"taxable","17":"shipping-taxable","18":"purchasable","19":"product-type-variable"},"_links":{"self":[{"href":"https:\/\/houtdraaiwerken-penkits.nl\/de\/wp-json\/wp\/v2\/product\/86625","targetHints":{"allow":["GET"]}}],"collection":[{"href":"https:\/\/houtdraaiwerken-penkits.nl\/de\/wp-json\/wp\/v2\/product"}],"about":[{"href":"https:\/\/houtdraaiwerken-penkits.nl\/de\/wp-json\/wp\/v2\/types\/product"}],"replies":[{"embeddable":true,"href":"https:\/\/houtdraaiwerken-penkits.nl\/de\/wp-json\/wp\/v2\/comments?post=86625"}],"wp:featuredmedia":[{"embeddable":true,"href":"https:\/\/houtdraaiwerken-penkits.nl\/de\/wp-json\/wp\/v2\/media\/58328"}],"wp:attachment":[{"href":"https:\/\/houtdraaiwerken-penkits.nl\/de\/wp-json\/wp\/v2\/media?parent=86625"}],"wp:term":[{"taxonomy":"product_brand","embeddable":true,"href":"https:\/\/houtdraaiwerken-penkits.nl\/de\/wp-json\/wp\/v2\/product_brand?post=86625"},{"taxonomy":"product_cat","embeddable":true,"href":"https:\/\/houtdraaiwerken-penkits.nl\/de\/wp-json\/wp\/v2\/product_cat?post=86625"},{"taxonomy":"product_tag","embeddable":true,"href":"https:\/\/houtdraaiwerken-penkits.nl\/de\/wp-json\/wp\/v2\/product_tag?post=86625"}],"curies":[{"name":"wp","href":"https:\/\/api.w.org\/{rel}","templated":true}]}}