{"id":86741,"date":"2021-09-20T17:01:27","date_gmt":"2021-09-20T15:01:27","guid":{"rendered":"https:\/\/houtdraaiwerken-penkits.nl\/shop\/unkategorisiert\/parfuemzerstaeuber-sets-neues-modell\/"},"modified":"2021-09-20T17:01:27","modified_gmt":"2021-09-20T15:01:27","slug":"parfuemzerstaeuber-sets-neues-modell","status":"publish","type":"product","link":"https:\/\/houtdraaiwerken-penkits.nl\/de\/shop\/andere-bausatze\/parfum-und-rasiersets\/parfumzerstauber-sets-neues-modell\/parfuemzerstaeuber-sets-neues-modell\/","title":{"rendered":"Parf\u00fcmzerst\u00e4uber-Sets (Neues Modell)"},"content":{"rendered":"<p>Zus\u00e4tzlich ben\u00f6tigte Materialien:<\/p>\n<p><a href=\"https:\/\/houtdraaiwerken-penkits.nl\/de\/shop\/distanzringsatz\/bu64-de\/bu64\/\">BU64<\/a> Buchsen<\/p>\n<p><a href=\"https:\/\/houtdraaiwerken-penkits.nl\/de\/shop\/bohrer\/rsdb19-32-de\/rsdb19-32-15-mm-bohrer\/\">RSDB19\/32<\/a> Bohrer 15mm<\/p>\n<p><a href=\"https:\/\/www.houtdraaiwerken-penkits.nl\/shop\/gereedschap-en-boren\/boren\/rsdb154\/rsdb154154mm-boor\/\">RSDB154<\/a> Bohrer 15,4mm<\/p>\n","protected":false},"excerpt":{"rendered":"<p>Parf\u00fcmzerst\u00e4uber-Sets<\/p>\n<p>Parf\u00fcmzerst\u00e4uber-Sets in Tischform mit flachem Mittelstreifen und flacher Endkappe. Jedes Set enth\u00e4lt ein Glasfl\u00e4schchen mit einem Zerst\u00e4uberaufsatz und einem Nachf\u00fcllkolben. <\/p>\n","protected":false},"featured_media":65312,"comment_status":"open","ping_status":"closed","template":"","meta":{"_et_pb_use_builder":"","_et_pb_old_content":"","_et_gb_content_width":""},"product_brand":[],"product_cat":[2248,2937,7674],"product_tag":[2940,2202,2201],"class_list":{"0":"post-86741","1":"product","2":"type-product","3":"status-publish","4":"has-post-thumbnail","6":"product_cat-andere-bausatze","7":"product_cat-parfum-und-rasiersets","8":"product_cat-parfumzerstauber-sets-neues-modell","9":"product_tag-parfumzerstauber-sets-fur-die-handtasche","10":"product_tag-projekt-kits","11":"product_tag-stift-kits","13":"first","14":"outofstock","15":"taxable","16":"shipping-taxable","17":"purchasable","18":"product-type-variable"},"_links":{"self":[{"href":"https:\/\/houtdraaiwerken-penkits.nl\/de\/wp-json\/wp\/v2\/product\/86741","targetHints":{"allow":["GET"]}}],"collection":[{"href":"https:\/\/houtdraaiwerken-penkits.nl\/de\/wp-json\/wp\/v2\/product"}],"about":[{"href":"https:\/\/houtdraaiwerken-penkits.nl\/de\/wp-json\/wp\/v2\/types\/product"}],"replies":[{"embeddable":true,"href":"https:\/\/houtdraaiwerken-penkits.nl\/de\/wp-json\/wp\/v2\/comments?post=86741"}],"wp:featuredmedia":[{"embeddable":true,"href":"https:\/\/houtdraaiwerken-penkits.nl\/de\/wp-json\/wp\/v2\/media\/65312"}],"wp:attachment":[{"href":"https:\/\/houtdraaiwerken-penkits.nl\/de\/wp-json\/wp\/v2\/media?parent=86741"}],"wp:term":[{"taxonomy":"product_brand","embeddable":true,"href":"https:\/\/houtdraaiwerken-penkits.nl\/de\/wp-json\/wp\/v2\/product_brand?post=86741"},{"taxonomy":"product_cat","embeddable":true,"href":"https:\/\/houtdraaiwerken-penkits.nl\/de\/wp-json\/wp\/v2\/product_cat?post=86741"},{"taxonomy":"product_tag","embeddable":true,"href":"https:\/\/houtdraaiwerken-penkits.nl\/de\/wp-json\/wp\/v2\/product_tag?post=86741"}],"curies":[{"name":"wp","href":"https:\/\/api.w.org\/{rel}","templated":true}]}}