{"id":86793,"date":"2021-08-27T09:14:28","date_gmt":"2021-08-27T07:14:28","guid":{"rendered":"https:\/\/houtdraaiwerken-penkits.nl\/shop\/unkategorisiert\/schellack-250ml\/"},"modified":"2025-11-24T23:12:51","modified_gmt":"2025-11-24T22:12:51","slug":"schellack-250ml","status":"publish","type":"product","link":"https:\/\/houtdraaiwerken-penkits.nl\/de\/shop\/schleifpapier-leim-und-finishing\/schellack\/schellack-250ml\/","title":{"rendered":"Schellack 250ml"},"content":{"rendered":"<p align=\"left\">Shellawax ist ein &#8222;narrensicheres&#8220;, einschichtiges Finishing-Produkt, das speziell f\u00fcr die Verwendung auf der Drehbank entwickelt wurde. Es ist (unseres Wissens nach) das schnellste und am einfachsten zu verwendende Produkt auf dem Markt, das allen Holzgegenst\u00e4nden sofort einen beispiellos sch\u00f6nen Glanz verleiht. Es wird bei eingeschalteter Drechselbank verwendet und verbindet sich durch Reibung und W\u00e4rme mit dem Holz. Es trocknet sofort, so dass das Werkst\u00fcck sofort in Angriff genommen werden kann. Shellawax ist nach vollst\u00e4ndiger Aush\u00e4rtung (\u00fcber einen Zeitraum von etwa 3 Wochen) auch einigerma\u00dfen resistent gegen Wasser, Alkohol und dergleichen. Da Shellawax tief in das Holz eindringt und mit ihm eine Einheit bildet, ist es keine Deckschicht auf dem Holz, sondern eine dauerhafte Beschichtung im Holz, so dass eine Shellawax-Beschichtung viel schwerer zu besch\u00e4digen ist als beispielsweise eine herk\u00f6mmliche Lackschicht.     <\/p>\n<p align=\"left\"><b>Woraus besteht sie?<\/b><\/p>\n<p align=\"left\">Shellawax ist, wie der Name schon sagt, eine Kombination aus (hartem) Schellack und verschiedenen Wachsarten, darunter Carnauba und Bienenwachs. Es ist ein Produkt, das speziell f\u00fcr die Veredelung von gedrechselten und geschnitzten Holz-, Kunststoff- und Steinobjekten entwickelt wurde, wobei die Hauptanwendung ein schnelles und sehr sch\u00f6nes Finish f\u00fcr Drechselarbeiten ist. <\/p>\n<p align=\"left\"><b>Wie funktioniert das?<\/b><\/p>\n<p align=\"left\">Der im Produkt enthaltene H\u00e4rter wird durch die beim Auftragen von Shellawax freigesetzte W\u00e4rme aktiviert. Sobald die Oberfl\u00e4che trocken ist (fast sofort), beginnt ein Prozess, bei dem sich das Shellawax mit dem Holz verbindet und die Oberfl\u00e4che aush\u00e4rtet. Obwohl der vollst\u00e4ndige Aush\u00e4rtungsprozess etwa 3 Wochen dauert, k\u00f6nnen die Produkte sofort nach dem Auftragen vollst\u00e4ndig verarbeitet werden, ohne dass die Gefahr besteht, dass der Aush\u00e4rtungsprozess verlangsamt wird. Alkohol, Wasser und dergleichen k\u00f6nnen den Prozess st\u00f6ren, so dass sorgf\u00e4ltig gefertigte Drehteile in den ersten Wochen auf keinen Fall damit in Ber\u00fchrung kommen sollten.   <\/p>\n<p>&nbsp;<\/p>\n<p>[Shellawax ist ein &#8222;narrensicheres&#8220;, einlagiges Finishing-Produkt, das speziell f\u00fcr die Verwendung auf der Drechselbank entwickelt wurde. Es ist (unseres Wissens) das am schnellsten und einfachsten zu verwendende Produkt auf dem Markt, das allen Holzobjekten sofort einen beispiellos sch\u00f6nen Glanz verleiht. Es wird bei eingeschalteter Drechselbank verwendet und bildet durch Reibung und W\u00e4rme eine Einheit mit dem Holz. Es trocknet sofort, so dass das Werkst\u00fcck auch sofort bearbeitet werden kann. Nach vollst\u00e4ndiger Aush\u00e4rtung (w\u00e4hrend eines Zeitraums von etwa 3 Wochen) ist Shellawax auch gegen Wasser, Alkohol und dergleichen einigerma\u00dfen best\u00e4ndig. Da Shellawax tief in das Holz eindringt und mit ihm eine Einheit bildet, handelt es sich nicht um eine Deckschicht, die auf dem Holz liegt, sondern um eine dauerhafte Beschichtung im Holz, so dass eine Shellawax-Beschichtung viel schwerer zu besch\u00e4digen ist als beispielsweise eine herk\u00f6mmliche Lackschicht.     <\/p>\n<p>Woraus besteht sie?<\/p>\n<p>Shellawax ist, wie der Name schon sagt, eine Kombination aus (hartem) Schellack und verschiedenen Wachsarten, darunter Carnauba und Bienenwachs. Es ist ein Produkt, das speziell f\u00fcr die Endbearbeitung von gedrechselten und geschnittenen Holz-, Kunststoff- und Steinobjekten entwickelt wurde, wobei die Hauptanwendung die schnelle und sehr sch\u00f6ne Endbearbeitung von Drechselarbeiten ist. <\/p>\n<p>Wie funktioniert das?<\/p>\n<p>Der im Produkt enthaltene H\u00e4rter wird durch die beim Auftragen von Shellawax freigesetzte W\u00e4rme aktiviert. Sobald die Oberfl\u00e4che trocken ist (fast augenblicklich), beginnt ein Prozess, der es dem Shellawax erm\u00f6glicht, sich mit dem Holz zu verbinden und die Oberfl\u00e4che zu h\u00e4rten. Obwohl der vollst\u00e4ndige Aush\u00e4rtungsprozess etwa 3 Wochen dauert, k\u00f6nnen die Produkte sofort nach dem Auftragen in Angriff genommen werden, ohne dass die Gefahr besteht, dass der Aush\u00e4rtungsprozess verz\u00f6gert wird. Alkohol, Wasser und dergleichen k\u00f6nnen den Prozess st\u00f6ren, daher sollten sorgf\u00e4ltig ausgef\u00fchrte Drechselarbeiten in den ersten Wochen nicht damit in Ber\u00fchrung kommen.   <\/p>\n<p>[Shellawax ist ein &#8222;narrensicheres&#8220;, einschichtiges Veredelungsprodukt, das speziell f\u00fcr den Einsatz auf der Drehmaschine entwickelt wurde. Es ist (unseres Wissens) das am schnellsten und am einfachsten zu verwendende Produkt auf dem Markt, das allen Holzgegenst\u00e4nden sofort einen beispiellos sch\u00f6nen Glanz verleiht. Es wird bei eingeschalteter Drehmaschine verwendet und bildet durch Reibung und Hitze eine Einheit mit dem Holz. Es trocknet sofort, so dass das Werkst\u00fcck auch sofort gehandhabt werden kann. Nach vollst\u00e4ndiger Aush\u00e4rtung (\u00fcber einen Zeitraum von ca. 3 Wochen) ist Shellawax auch einigerma\u00dfen best\u00e4ndig gegen Wasser, Alkohol und dergleichen. Da Shellawax tief in das Holz eindringt und mit diesem ein Ganzes bildet, liegt keine Deckschicht auf dem Holz, sondern eine dauerhafte Beschichtung im Holz, wodurch eine Shellawax-Lackierung viel schwerer zu besch\u00e4digen ist als beispielsweise eine herk\u00f6mmliche Lackschicht.     <\/p>\n<p>Woraus besteht es?<\/p>\n<p>Shellawax ist, wie der Name schon sagt, eine Kombination aus (hartem) Schellack und verschiedenen Wachsarten, darunter Carnauba- und Bienenwachs. Es ist ein Produkt, das speziell f\u00fcr die Endbearbeitung von gedrechselten und geschnittenen Holz-, Kunststoff- und Steinobjekten entwickelt wurde, bei denen die Hauptanwendung die schnelle und sehr sch\u00f6ne Endbearbeitung von Holzdreharbeiten ist. <\/p>\n<p>Wie funktioniert es?<\/p>\n<p>Der H\u00e4rter im Produkt wird durch die beim Auftragen von Shellawax freigesetzte W\u00e4rme aktiviert. Sobald die Oberfl\u00e4che trocken ist (fast sofort), beginnt ein Prozess, der es dem Shellawax erm\u00f6glicht, sich mit dem Holz zu verbinden und die Oberfl\u00e4che zu h\u00e4rten. Obwohl der komplette Aush\u00e4rtungsprozess ca. 3 Wochen dauert, k\u00f6nnen die Produkte sofort nach dem Auftragen vollst\u00e4ndig in Angriff genommen werden, ohne dass die Gefahr einer Verz\u00f6gerung des Aush\u00e4rtungsprozesses besteht. Alkohol, Wasser und \u00e4hnliches k\u00f6nnen den Prozess st\u00f6ren, deshalb in den ersten Wochen sorgf\u00e4ltig fertige Dreharbeiten nicht damit in Ber\u00fchrung kommen lassen.   <\/p>\n","protected":false},"excerpt":{"rendered":"<p>Schellack 250ml<\/p>\n","protected":false},"featured_media":57416,"comment_status":"open","ping_status":"closed","template":"","meta":{"_et_pb_use_builder":"","_et_pb_old_content":"","_et_gb_content_width":""},"product_brand":[],"product_cat":[7715],"product_tag":[6110,7388],"class_list":{"0":"post-86793","1":"product","2":"type-product","3":"status-publish","4":"has-post-thumbnail","6":"product_cat-schellack","7":"product_tag-aussie-ol-250ml","8":"product_tag-schellack-flussig","10":"first","11":"instock","12":"taxable","13":"shipping-taxable","14":"purchasable","15":"product-type-simple"},"_links":{"self":[{"href":"https:\/\/houtdraaiwerken-penkits.nl\/de\/wp-json\/wp\/v2\/product\/86793","targetHints":{"allow":["GET"]}}],"collection":[{"href":"https:\/\/houtdraaiwerken-penkits.nl\/de\/wp-json\/wp\/v2\/product"}],"about":[{"href":"https:\/\/houtdraaiwerken-penkits.nl\/de\/wp-json\/wp\/v2\/types\/product"}],"replies":[{"embeddable":true,"href":"https:\/\/houtdraaiwerken-penkits.nl\/de\/wp-json\/wp\/v2\/comments?post=86793"}],"wp:featuredmedia":[{"embeddable":true,"href":"https:\/\/houtdraaiwerken-penkits.nl\/de\/wp-json\/wp\/v2\/media\/57416"}],"wp:attachment":[{"href":"https:\/\/houtdraaiwerken-penkits.nl\/de\/wp-json\/wp\/v2\/media?parent=86793"}],"wp:term":[{"taxonomy":"product_brand","embeddable":true,"href":"https:\/\/houtdraaiwerken-penkits.nl\/de\/wp-json\/wp\/v2\/product_brand?post=86793"},{"taxonomy":"product_cat","embeddable":true,"href":"https:\/\/houtdraaiwerken-penkits.nl\/de\/wp-json\/wp\/v2\/product_cat?post=86793"},{"taxonomy":"product_tag","embeddable":true,"href":"https:\/\/houtdraaiwerken-penkits.nl\/de\/wp-json\/wp\/v2\/product_tag?post=86793"}],"curies":[{"name":"wp","href":"https:\/\/api.w.org\/{rel}","templated":true}]}}