{"id":86809,"date":"2021-07-16T14:20:03","date_gmt":"2021-07-16T12:20:03","guid":{"rendered":"https:\/\/houtdraaiwerken-penkits.nl\/shop\/unkategorisiert\/crushgrind-mini-schleifmaschine\/"},"modified":"2021-07-16T14:20:03","modified_gmt":"2021-07-16T12:20:03","slug":"crushgrind-mini-schleifmaschine","status":"publish","type":"product","link":"https:\/\/houtdraaiwerken-penkits.nl\/de\/shop\/andere-bausatze\/kuchenartikel-sets\/crushgrind-schleifmaschine-mini\/crushgrind-mini-schleifmaschine\/","title":{"rendered":"CrushGrind Mini-Schleifmaschine"},"content":{"rendered":"<p><strong>Crushgrind Mini-Schleifmaschine<\/strong><\/p>\n<p>Die Crushgrind-Schleifmaschinen sind unter Drechslern ein Begriff. Aber auch bei Designern sind die Schleifer weit verbreitet. <\/p>\n<p>Das Keramikmahlwerk mahlt nicht nur Salz und Pfeffer, sondern auch Kaffeebohnen!<\/p>\n<p>Die Stange, die den Drehknopf mit dem Mahlwerk verbindet, ist aus Aluminium gefertigt. Die Stange l\u00e4sst sich f\u00fcr kleinere M\u00fchlen leicht k\u00fcrzen.  Sie stellen die Korngr\u00f6\u00dfe am Boden des Mahlwerks ein. Und jetzt gibt es auch den Crushgrind Mini!<\/p>\n<p><strong>Crushgrind Mini<\/strong><\/p>\n<p>Der Mini ist nat\u00fcrlich auch ein d\u00e4nisches Design. Die Qualit\u00e4t ist so, wie wir es von Crusgrind gewohnt sind. Sie wurden hergestellt, weil die &#8222;normalen&#8220; Crushgrinds nicht mit einem kleinen und schlanken Design hergestellt werden konnten. Mit dem Erscheinen des Minis wurde dieses Problem gel\u00f6st. Auf dem Bild kann man die Proportionen gut erkennen. Der Mini auf der linken Seite und der &#8222;normale&#8220; auf der rechten Seite.     <\/p>\n<p>&nbsp;<\/p>\n<p><strong>T<\/strong><strong>echnisch<\/strong><\/p>\n<p>Wenn Sie die Gr\u00f6\u00dfe der zu bohrenden L\u00f6cher wissen wollen <a href=\"https:\/\/www.houtdraaiwerken-penkits.nl\/wp-content\/uploads\/2021\/07\/CrushGrind-Mini.pdf\">, klicken Sie hier<\/a>.<\/p>\n<h4>Bohrer<\/h4>\n<p>F\u00fcr die Crushgrind Mini haben wir jetzt auch eine Bohrmaschine. Mit diesem bohren Sie die 3 Durchmesser ben\u00f6tigt, um den Schleifer in einem Rutsch zu montieren <a href=\"https:\/\/www.houtdraaiwerken-penkits.nl\/shop\/gereedschap-en-boren\/boren\/crushgrind-mini-boor\/crushgrind-mini-boor\/\">Klicken Sie hier.<\/a> <\/p>\n<p>Au\u00dferdem ben\u00f6tigen Sie den <a href=\"https:\/\/www.houtdraaiwerken-penkits.nl\/shop\/gereedschap-en-boren\/boren\/forstner-boren\/\">Forstnerbohrer<\/a> 19mm und 23mm f\u00fcr den oberen[:de<strong>]Crushgrind mini Grinder<\/strong><\/p>\n<p>Die Crushgrind-M\u00fchlen sind unter den Drechslern ein Begriff. Aber auch bei Designern sind die M\u00fchlen weit verbreitet. <\/p>\n<p>Das Keramikmahlwerk mahlt nicht nur Salz und Pfeffer, sondern auch Kaffeebohnen!<\/p>\n<p>Die Stange, die den Drehknopf mit dem Schleifer verbindet, ist aus Aluminium gefertigt. Die Stange l\u00e4sst sich f\u00fcr kleinere Rollen leicht k\u00fcrzen. Die Korngr\u00f6\u00dfe wird am Boden des Grinders eingestellt. Und jetzt gibt es den Crushgrind Mini!   <\/p>\n<p><strong>Crushgrind Mini<\/strong><\/p>\n<p>Der Mini ist nat\u00fcrlich auch ein d\u00e4nisches Design. Die Qualit\u00e4t ist so, wie wir es von Crusgrind gewohnt sind. Sie wurden hergestellt, weil es nicht m\u00f6glich war, ein kleines und schlankes Design mit den &#8222;normalen&#8220; Crushgrinds zu machen. Dies wurde mit der Ankunft des Mini gel\u00f6st. Sie k\u00f6nnen die Proportionen gut auf dem Foto sehen. Auf der linken Seite der Mini und auf der rechten Seite der &#8222;normale&#8220;.     <\/p>\n<p><strong>Technisch<\/strong><\/p>\n<p>Wenn Sie die Gr\u00f6\u00dfe der zu bohrenden L\u00f6cher wissen m\u00f6chten <a href=\"https:\/\/www.houtdraaiwerken-penkits.nl\/wp-content\/uploads\/2021\/07\/CrushGrind-Mini.pdf\">Klicken Sie hier<\/a><\/p>\n<p><strong>bohren<\/strong><\/p>\n<p>Wir haben jetzt auch einen Bohrer f\u00fcr den Crushgrind Mini entwickelt. Damit k\u00f6nnen Sie die 3 Durchmesser, die f\u00fcr die Montage des Schleifers ben\u00f6tigt werden, in einem Arbeitsgang bohren.   <a href=\"https:\/\/www.houtdraaiwerken-penkits.nl\/shop\/gereedschap-en-boren\/boren\/crushgrind-mini-boor\/crushgrind-mini-boor\/\">Klicken Sie hier.<\/a><\/p>\n<p>Sie ben\u00f6tigen auch den <a href=\"https:\/\/www.houtdraaiwerken-penkits.nl\/en\/shop\/gereedschap-en-boren\/boren\/forstner-boren\/\">Forstnerbohrer<\/a> 19mm und 23mm f\u00fcr die obere[:de<strong>]Crushgrind Minim\u00fchle<\/strong><\/p>\n<p>Der Crushgrind Grinder ist unter Drechslern ein Begriff. Aber auch von Designern werden die Schleifmaschinen h\u00e4ufig verwendet. <\/p>\n<p>Das Keramikmahlwerk mahlt sowohl Salz als auch Pfeffer, kann aber auch Kaffeebohnen verarbeiten!<\/p>\n<p>Die Stange, die den Knauf mit dem Mahlwerk verbindet, besteht aus Aluminium. F\u00fcr kleinere Rollen l\u00e4sst sich die Rute leicht k\u00fcrzen. Sie steuern die Korngr\u00f6\u00dfe an der Unterseite des Mahlwerks. Und jetzt gibt es den Crushgrind Mini!   <\/p>\n<p><strong>Crushgrind Mini<\/strong><\/p>\n<p>Der Mini ist nat\u00fcrlich auch ein d\u00e4nisches Design. Die Qualit\u00e4t ist wie von Crusgrind gewohnt. Sie wurden gemacht, weil es mit den &#8222;normalen&#8220; Crushgrinds nicht m\u00f6glich war, ein kleines und schlankes Design zu realisieren. Dies wurde mit der Ankunft des Mini gel\u00f6st. Auf dem Foto sind die Proportionen gut zu erkennen. Links der Mini und rechts der &#8222;Regular&#8220;.     <\/p>\n<h4>Technisch<\/h4>\n<p>Wenn Sie die Gr\u00f6\u00dfe der zu bohrenden L\u00f6cher wissen m\u00f6chten,  <a href=\"https:\/\/www.houtdraaiwerken-penkits.nl\/wp-content\/uploads\/2021\/07\/CrushGrind-Mini.pdf\">Klicken Sie hier.<\/a><\/p>\n<h4>Bohren<\/h4>\n<p>Wir haben jetzt auch einen Bohrer f\u00fcr die Crushgrind Mini entworfen. Auf diese Weise k\u00f6nnen Sie die 3 Durchmesser, die zum Zusammenbau der M\u00fchle erforderlich sind, in einem Durchgang bohren.   <a href=\"https:\/\/www.houtdraaiwerken-penkits.nl\/shop\/gereedschap-en-boren\/boren\/crushgrind-mini-boor\/crushgrind-mini-boor\/\">Klicken Sie hier.<\/a><\/p>\n<p>Sie ben\u00f6tigen zus\u00e4tzlich den <a href=\"https:\/\/www.houtdraaiwerken-penkits.nl\/de\/shop\/gereedschap-en-boren\/boren\/forstner-boren\/\">Forstner Bohrer<\/a> 19mm und 23mm f\u00fcr die Oberseite<\/p>\n","protected":false},"excerpt":{"rendered":"<p>Crushgrind Mini-Schleifmaschine Die Crushgrind-Schleifmaschinen sind unter Drechslern ein Begriff. Aber auch bei Designern sind die Schleifer weit verbreitet. Das Keramikmahlwerk mahlt nicht nur Salz und Pfeffer, sondern auch Kaffeebohnen! Die Stange, die den Drehknopf mit dem Mahlwerk verbindet, ist aus Aluminium gefertigt. Die Stange l\u00e4sst sich f\u00fcr kleinere M\u00fchlen leicht k\u00fcrzen. Sie stellen die Korngr\u00f6\u00dfe [&hellip;]<\/p>\n","protected":false},"featured_media":57188,"comment_status":"closed","ping_status":"closed","template":"","meta":{"_et_pb_use_builder":"","_et_pb_old_content":"","_et_gb_content_width":""},"product_brand":[],"product_cat":[4706,7720],"product_tag":[7712],"class_list":{"0":"post-86809","1":"product","2":"type-product","3":"status-publish","4":"has-post-thumbnail","6":"product_cat-angebote","7":"product_cat-crushgrind-schleifmaschine-mini","8":"product_tag-crushgrind-schleifmaschine-mini","10":"first","11":"instock","12":"taxable","13":"shipping-taxable","14":"purchasable","15":"product-type-variable"},"_links":{"self":[{"href":"https:\/\/houtdraaiwerken-penkits.nl\/de\/wp-json\/wp\/v2\/product\/86809","targetHints":{"allow":["GET"]}}],"collection":[{"href":"https:\/\/houtdraaiwerken-penkits.nl\/de\/wp-json\/wp\/v2\/product"}],"about":[{"href":"https:\/\/houtdraaiwerken-penkits.nl\/de\/wp-json\/wp\/v2\/types\/product"}],"replies":[{"embeddable":true,"href":"https:\/\/houtdraaiwerken-penkits.nl\/de\/wp-json\/wp\/v2\/comments?post=86809"}],"wp:featuredmedia":[{"embeddable":true,"href":"https:\/\/houtdraaiwerken-penkits.nl\/de\/wp-json\/wp\/v2\/media\/57188"}],"wp:attachment":[{"href":"https:\/\/houtdraaiwerken-penkits.nl\/de\/wp-json\/wp\/v2\/media?parent=86809"}],"wp:term":[{"taxonomy":"product_brand","embeddable":true,"href":"https:\/\/houtdraaiwerken-penkits.nl\/de\/wp-json\/wp\/v2\/product_brand?post=86809"},{"taxonomy":"product_cat","embeddable":true,"href":"https:\/\/houtdraaiwerken-penkits.nl\/de\/wp-json\/wp\/v2\/product_cat?post=86809"},{"taxonomy":"product_tag","embeddable":true,"href":"https:\/\/houtdraaiwerken-penkits.nl\/de\/wp-json\/wp\/v2\/product_tag?post=86809"}],"curies":[{"name":"wp","href":"https:\/\/api.w.org\/{rel}","templated":true}]}}