{"id":86829,"date":"2021-07-05T14:24:10","date_gmt":"2021-07-05T12:24:10","guid":{"rendered":"https:\/\/houtdraaiwerken-penkits.nl\/shop\/unkategorisiert\/rotur-set-colleted-pen-mandrel-deluxe-dornhalter-deluxe-mk1\/"},"modified":"2021-07-05T14:24:10","modified_gmt":"2021-07-05T12:24:10","slug":"rotur-set-colleted-pen-mandrel-deluxe-dornhalter-deluxe-mk1","status":"publish","type":"product","link":"https:\/\/houtdraaiwerken-penkits.nl\/de\/shop\/werkzeuge\/mandrels-und-zubehor\/rotur-set-colleted-pen-mandrel-deluxe-dornhalter-deluxe-mk1\/","title":{"rendered":"Rotur Set Colleted Pen Mandrel Deluxe + Dornhalter Deluxe MK1"},"content":{"rendered":"<p>Der neue Colleted Pen Mandrel wurde im Vereinigten K\u00f6nigreich f\u00fcr professionelle Stiftedreher entwickelt. Er ist dem Universal Pen Mandrel sehr \u00e4hnlich, aber bei diesem Dorn klemmt der Schaft genau, indem der Kopf gegen die Spannzange des Dornhalters angezogen wird, und dadurch bleibt die Spannzange v\u00f6llig staubfrei verborgen. Dieser Dorn ist daher von sehr hoher Qualit\u00e4t.<br \/>\nDer Dornhalter Deluxe hat 2 abgedichtete Lager, wodurch er sich noch besser dreht und weniger Vibrationen verursacht.  <\/p>\n<p>Dieser Dorn und die Dornhalterung haben eine MK1-Aufnahme. Der Schaft ist in der L\u00e4nge verstellbar. <\/p>\n<p>Inhalt:<br \/>\n1x MK1 Dornhalter<br \/>\n1x Schaft mit Durchmesser 6,2 mm<br \/>\n1x Steckschl\u00fcssel<br \/>\n1x Feststellschl\u00fcssel<br \/>\n3x Standard-Distanzst\u00fccke 7 mm<br \/>\n1x MK1 Dornhalter Der luxe[:de]Der neue Colleted Pen Mandrel wurde in Gro\u00dfbritannien f\u00fcr professionelle Stiftedreher entwickelt. Er ist dem Universal Pen Mandrel sehr \u00e4hnlich, aber bei diesem Dorn wird der Schaft durch das Anziehen des Kopfes gegen die Spannzange des Dornhalters genau eingeklemmt und dadurch bleibt die Spannzange v\u00f6llig staubfrei verborgen. Dieser Dorn ist daher von einer super hohen Qualit\u00e4t.<br \/>\nDer Dornhalter Deluxe hat 2 abgedichtete Lager, so dass er sich noch besser dreht und daher weniger Vibrationen verursacht.  <\/p>\n<p>Dieser Dorn und die Dornhalterung haben eine MK1-Aufnahme. Der Schaft ist in der L\u00e4nge verstellbar. <\/p>\n<p>Inhalt:<br \/>\n1x MK1-Dornhalter<br \/>\n1x Schaft mit Durchmesser 6,2 mm<br \/>\n1x Spanner<br \/>\n1x Sicherheitsschl\u00fcssel<br \/>\n3x Standard-Distanzh\u00fclsen 7 mm<br \/>\n1x MK1-Dornhalter De luxe[:de]Der neue Colleted Pen Mandrel wurde in Gro\u00dfbritannien f\u00fcr professionelle Stiftdreher entwickelt. Sehr \u00e4hnlich dem Universal Pen Mandrel, aber bei diesem Dorn klemmt der Schaft durch Anziehen des Kopfes gegen die Spannzange des Dornhalters genau an Ort und Stelle und dies h\u00e4lt die Spannzange v\u00f6llig staubfrei verborgen. Dieser Dorn ist daher von super hoher Qualit\u00e4t.<br \/>\nDer Dornhalter Deluxe hat 2 abgedichtete Lager, damit er sich noch besser dreht und somit weniger Vibrationen verursacht.  <\/p>\n<p>Dieser Dorn und Dorntr\u00e4ger haben eine MK1-Aufnahme. Der Schaft ist in der L\u00e4nge verstellbar. <\/p>\n<p>Inhalt:<br \/>\n1x MK1 Mandrel<br \/>\n1x Schaft mit Durchmesser 6,2 mm<br \/>\n1x Schraubenschl\u00fcssel<br \/>\n1x Sicherheitsschl\u00fcssel<br \/>\n3x Standard Distanzh\u00fclsen 7 mm<br \/>\n1x MK1 Mandrel support De luxe[:]<\/p>\n","protected":false},"excerpt":{"rendered":"<p>Der neue Colleted Pen Mandrel wurde im Vereinigten K\u00f6nigreich f\u00fcr professionelle Stiftedreher entwickelt. Er ist dem Universal Pen Mandrel sehr \u00e4hnlich, aber bei diesem Dorn klemmt der Schaft genau, indem der Kopf gegen die Spannzange des Dornhalters angezogen wird, und dadurch bleibt die Spannzange v\u00f6llig staubfrei verborgen. Dieser Dorn ist daher von sehr hoher Qualit\u00e4t. [&hellip;]<\/p>\n","protected":false},"featured_media":57092,"comment_status":"closed","ping_status":"closed","template":"","meta":{"_et_pb_use_builder":"","_et_pb_old_content":"","_et_gb_content_width":""},"product_brand":[],"product_cat":[3147],"product_tag":[5191,7734,5192],"class_list":{"0":"post-86829","1":"product","2":"type-product","3":"status-publish","4":"has-post-thumbnail","6":"product_cat-mandrels-und-zubehor","7":"product_tag-rotur-colleted-pen-dorn-deluxe-mk2","8":"product_tag-rotur-set-colleted-pen-mandrel-deluxe-dornhalter-deluxe-mk1","9":"product_tag-rotur-set-colleted-pen-mandrel-deluxe-dornhalter-deluxe-mk2","11":"first","12":"outofstock","13":"taxable","14":"shipping-taxable","15":"purchasable","16":"product-type-simple"},"_links":{"self":[{"href":"https:\/\/houtdraaiwerken-penkits.nl\/de\/wp-json\/wp\/v2\/product\/86829","targetHints":{"allow":["GET"]}}],"collection":[{"href":"https:\/\/houtdraaiwerken-penkits.nl\/de\/wp-json\/wp\/v2\/product"}],"about":[{"href":"https:\/\/houtdraaiwerken-penkits.nl\/de\/wp-json\/wp\/v2\/types\/product"}],"replies":[{"embeddable":true,"href":"https:\/\/houtdraaiwerken-penkits.nl\/de\/wp-json\/wp\/v2\/comments?post=86829"}],"wp:featuredmedia":[{"embeddable":true,"href":"https:\/\/houtdraaiwerken-penkits.nl\/de\/wp-json\/wp\/v2\/media\/57092"}],"wp:attachment":[{"href":"https:\/\/houtdraaiwerken-penkits.nl\/de\/wp-json\/wp\/v2\/media?parent=86829"}],"wp:term":[{"taxonomy":"product_brand","embeddable":true,"href":"https:\/\/houtdraaiwerken-penkits.nl\/de\/wp-json\/wp\/v2\/product_brand?post=86829"},{"taxonomy":"product_cat","embeddable":true,"href":"https:\/\/houtdraaiwerken-penkits.nl\/de\/wp-json\/wp\/v2\/product_cat?post=86829"},{"taxonomy":"product_tag","embeddable":true,"href":"https:\/\/houtdraaiwerken-penkits.nl\/de\/wp-json\/wp\/v2\/product_tag?post=86829"}],"curies":[{"name":"wp","href":"https:\/\/api.w.org\/{rel}","templated":true}]}}