{"id":86860,"date":"2021-07-04T12:34:13","date_gmt":"2021-07-04T10:34:13","guid":{"rendered":"https:\/\/houtdraaiwerken-penkits.nl\/shop\/unkategorisiert\/rotur-colleted-pen-dorn-deluxe-mk2\/"},"modified":"2021-07-04T12:34:13","modified_gmt":"2021-07-04T10:34:13","slug":"rotur-colleted-pen-dorn-deluxe-mk2","status":"publish","type":"product","link":"https:\/\/houtdraaiwerken-penkits.nl\/de\/shop\/werkzeuge\/mandrels-und-zubehor\/rotur-colleted-pen-dorn-deluxe-mk2\/rotur-colleted-pen-dorn-deluxe-mk2\/","title":{"rendered":"Rotur Colleted Pen Dorn Deluxe MK2"},"content":{"rendered":"<p>Der neue Colleted Pen Mandrel wurde im Vereinigten K\u00f6nigreich f\u00fcr professionelle Stiftedreher entwickelt. Er ist dem Universal Pen Mandrel sehr \u00e4hnlich, aber bei diesem Dorn klemmt der Schaft genau an seinem Platz, indem der Kopf gegen die Spannzange des Dornhalters angezogen wird, und dies h\u00e4lt die Spannzange v\u00f6llig staubfrei verborgen. Dieser Dorn ist daher von sehr hoher Qualit\u00e4t.  <\/p>\n<p>Dieser Dorn hat eine MK2-Aufnahme. Der Schaft ist in der L\u00e4nge verstellbar. <\/p>\n<p>Inhalt:<br \/>\n1x MK2 Dornhalter<br \/>\n1x Schaft mit Durchmesser 6,2 mm<br \/>\n1x Schraubenschl\u00fcssel<br \/>\n1x Inbusschl\u00fcssel<br \/>\n4x konische Distanzst\u00fccke<br \/>\n3x Standard-Distanzst\u00fccke 7 mm<br \/>\n2x Kontermutter[:de]Der neue Colleted Pen Mandrel wurde in Gro\u00dfbritannien f\u00fcr professionelle Stiftdreher entwickelt. Er ist dem Universal Pen Mandrel sehr \u00e4hnlich, aber bei diesem Dorn wird der Schaft durch das Anziehen des Kopfes gegen die Spannzange des Dornhalters genau eingeklemmt und die Spannzange bleibt dadurch v\u00f6llig staubfrei verborgen. Dieser Dorn ist daher von sehr hoher Qualit\u00e4t.  <\/p>\n<p>Dieser Dorn hat eine MK2-Aufnahme. Der Schaft ist in der L\u00e4nge verstellbar. <\/p>\n<p>Inhalt:<br \/>\n1x MK2-Dornhalter<br \/>\n1x Welle mit Durchmesser 6,2 mm<br \/>\n1x Spanner<br \/>\n1x Inbusschl\u00fcssel<br \/>\n4x konische Distanzh\u00fclsen<br \/>\n3x Standard-Distanzh\u00fclsen 7 mm<br \/>\n2x Kontermutter[:de]<\/p>\n<p>Der neue Colleted Pen Mandrel wurde in Gro\u00dfbritannien f\u00fcr professionelle Stiftdreher entwickelt. Sehr \u00e4hnlich dem Universal Pen Mandrel, aber bei diesem Dorn klemmt der Schaft durch Anziehen des Kopfes gegen die Spannzange des Dornhalters genau an Ort und Stelle und dies h\u00e4lt die Spannzange v\u00f6llig staubfrei verborgen. Dieser Dorn ist daher von super hoher Qualit\u00e4t.  <\/p>\n<p>Dieser Dorn hat eine MK2-Aufnahme. Der Schaft ist in der L\u00e4nge verstellbar. <\/p>\n<p>Inhalt:<br \/>\n1x MK2 Dornhalter<br \/>\n1x Welle mit Durchmesser 6,2 mm<br \/>\n1x Schraubenschl\u00fcssel<br \/>\n1x Inbusschl\u00fcssel<br \/>\n4x Konische Distanzh\u00fclsen<br \/>\n3x Standard Distanzh\u00fclsen 7 mm<br \/>\n2x Kontermutter[:]<\/p>\n","protected":false},"excerpt":{"rendered":"<p>Der neue Colleted Pen Mandrel wurde im Vereinigten K\u00f6nigreich f\u00fcr professionelle Stiftedreher entwickelt. Er ist dem Universal Pen Mandrel sehr \u00e4hnlich, aber bei diesem Dorn klemmt der Schaft genau an seinem Platz, indem der Kopf gegen die Spannzange des Dornhalters angezogen wird, und dies h\u00e4lt die Spannzange v\u00f6llig staubfrei verborgen. Dieser Dorn ist daher von [&hellip;]<\/p>\n","protected":false},"featured_media":57056,"comment_status":"closed","ping_status":"closed","template":"","meta":{"_et_pb_use_builder":"","_et_pb_old_content":"","_et_gb_content_width":""},"product_brand":[],"product_cat":[3147,7750],"product_tag":[5191],"class_list":{"0":"post-86860","1":"product","2":"type-product","3":"status-publish","4":"has-post-thumbnail","6":"product_cat-mandrels-und-zubehor","7":"product_cat-rotur-colleted-pen-dorn-deluxe-mk2","8":"product_tag-rotur-colleted-pen-dorn-deluxe-mk2","10":"first","11":"instock","12":"taxable","13":"shipping-taxable","14":"purchasable","15":"product-type-simple"},"_links":{"self":[{"href":"https:\/\/houtdraaiwerken-penkits.nl\/de\/wp-json\/wp\/v2\/product\/86860","targetHints":{"allow":["GET"]}}],"collection":[{"href":"https:\/\/houtdraaiwerken-penkits.nl\/de\/wp-json\/wp\/v2\/product"}],"about":[{"href":"https:\/\/houtdraaiwerken-penkits.nl\/de\/wp-json\/wp\/v2\/types\/product"}],"replies":[{"embeddable":true,"href":"https:\/\/houtdraaiwerken-penkits.nl\/de\/wp-json\/wp\/v2\/comments?post=86860"}],"wp:featuredmedia":[{"embeddable":true,"href":"https:\/\/houtdraaiwerken-penkits.nl\/de\/wp-json\/wp\/v2\/media\/57056"}],"wp:attachment":[{"href":"https:\/\/houtdraaiwerken-penkits.nl\/de\/wp-json\/wp\/v2\/media?parent=86860"}],"wp:term":[{"taxonomy":"product_brand","embeddable":true,"href":"https:\/\/houtdraaiwerken-penkits.nl\/de\/wp-json\/wp\/v2\/product_brand?post=86860"},{"taxonomy":"product_cat","embeddable":true,"href":"https:\/\/houtdraaiwerken-penkits.nl\/de\/wp-json\/wp\/v2\/product_cat?post=86860"},{"taxonomy":"product_tag","embeddable":true,"href":"https:\/\/houtdraaiwerken-penkits.nl\/de\/wp-json\/wp\/v2\/product_tag?post=86860"}],"curies":[{"name":"wp","href":"https:\/\/api.w.org\/{rel}","templated":true}]}}