{"id":86861,"date":"2022-06-02T15:36:29","date_gmt":"2022-06-02T13:36:29","guid":{"rendered":"https:\/\/houtdraaiwerken-penkits.nl\/shop\/unkategorisiert\/eee-ultraspuelmittel-250ml\/"},"modified":"2022-06-02T15:36:29","modified_gmt":"2022-06-02T13:36:29","slug":"eee-ultraspuelmittel-250ml","status":"publish","type":"product","link":"https:\/\/houtdraaiwerken-penkits.nl\/de\/shop\/schleifpapier-leim-und-finishing\/eee-ultraspulmittel-250ml\/eee-ultraspuelmittel-250ml\/","title":{"rendered":"EEE-Ultrasp\u00fclmittel 250ml"},"content":{"rendered":"<p>[EEE-Ultrashine ist eine Politur, die speziell f\u00fcr die Verwendung in Kombination mit den Shellawax Produkten entwickelt wurde, aber auch au\u00dferhalb dieser Produkte eine breite Palette von Anwendungsm\u00f6glichkeiten hat. In Kombination mit Shellawax Produkten ergibt sie nicht nur eine sch\u00f6ne glatte Oberfl\u00e4che, sondern spart auch viel Schleifarbeit. Die Arbeitsweise ist wie folgt:<br \/>\nSchleifen Sie das Werkst\u00fcck bis zu einer K\u00f6rnung von mindestens 400<br \/>\nGeben Sie etwas EEE-Ultraschleifmittel auf ein Tuch und bearbeiten Sie es wie gew\u00f6hnliches<br \/>\nSchleifpapier.<br \/>\nDer Effekt, den Sie in einem Durchgang erzielen, entspricht dem Ergebnis, das Sie beim manuellen Schleifen bis zu einer K\u00f6rnung von 2000 erzielen w\u00fcrden. Wenn Sie statt mit 400er-K\u00f6rnung mit 1500er-K\u00f6rnung schleifen und dann EEE-Ultrashine auftragen, erzielen Sie in einem Arbeitsgang den gleichen Effekt wie beim Schleifen mit 4000er-K\u00f6rnung.<br \/>\nWenn der auf diese Weise erzielte Schliff zufriedenstellend ist, behandeln Sie das Werkst\u00fcck vorzugsweise mit einem der Shellawax Produkte, um einen sch\u00f6nen, dauerhaften Glanz zu erhalten.<br \/>\nDurch die Verwendung von EEE-Ultrashine erzielen Sie die folgenden 3 Effekte:<br \/>\nDas in der Paste enthaltene Schleifpulver scheuert sozusagen die Berge von Schleifkratzern von der 400er-K\u00f6rnung (oder der feineren K\u00f6rnung, die Sie zuletzt verwendet haben) ab. Dies ist also derselbe Effekt, den Sie erzielen w\u00fcrden, wenn Sie von Hand feiner schleifen w\u00fcrden.<br \/>\nW\u00e4hrend des Schleifens entsteht eine Art &#8222;Brei&#8220;, der eine Mischung aus den EEE-Ultrashine-Inhaltsstoffen und dem in Punkt 1 erzeugten Schleifstaub ist. Dieser &#8222;Brei&#8220; dringt automatisch in die Poren ein und f\u00fcllt auch die T\u00e4ler der Schleifkratzer. So werden nicht nur die Spitzen der Kratzer, wie in Punkt 1 beschrieben, entfernt, sondern auch die T\u00e4ler dazwischen aufgef\u00fcllt. Dieser Effekt entspricht dem Effekt, der beim traditionellen Polieren durch &#8222;Puffen&#8220; erzielt wird.<br \/>\nDer letzte Effekt, den Sie mit EEE-Ultrashine erzielen, ist, dass das Werkst\u00fcck durch das Vorhandensein von ein wenig Wachs in der Paste bereits ein wenig zu gl\u00e4nzen beginnt. Das Gl\u00e4nzen selbst ist bei der Vorbereitung nicht wichtig, aber der Effekt ist, dass, wenn es noch Kratzer auf dem Werkst\u00fcck gibt, die Sie vorher nicht bemerkt haben, diese jetzt sichtbar werden und Sie k\u00f6nnen sie entfernen, bevor Sie die eigentliche Deckschicht auftragen. Also keine \u00dcberraschungen im Nachhinein!<br \/>\nNeben der Vorbereitung von Holzwerkst\u00fccken f\u00fcr ein<br \/>\nShellawax-Finish kann EEE-Ultrashine unter anderem auch f\u00fcr folgende Zwecke verwendet werden:      <\/p>\n<p>Polieren von Kunststoffdrehteilen (z. B. Stifte). In diesem Fall bildet EEE-Ultrashine das endg\u00fcltige Finish und es ist keine weitere Behandlung erforderlich. <\/p>\n<p>Polieren (Drehen) von Knochen.<\/p>\n<p>Stein polieren (drehen).<\/p>\n<p>Muscheln polieren.<\/p>\n<p>Polieren verschiedener Metalle.<\/p>\n<p>Polieren von Tagua-N\u00fcssen.<\/p>\n<p>Reinigung aller Arten von verschmutzten Kunststoffen wie Trespa, Kunststofffenster, Wohnwagen, Polyester, Fassadenverkleidungen und dergleichen.<\/p>\n<p>Polieren von Lacken und anderen Anstrichmitteln.<\/p>\n<p>Optimierung des Polierens.<\/p>\n<p>Probieren Sie in jedem Fall zuerst ein St\u00fcck an einer unauff\u00e4lligen Stelle aus, um zu sehen, ob Ihre Anwendung tats\u00e4chlich das gew\u00fcnschte Ergebnis bringt!<\/p>\n<p>Weitere Informationen zu diesem Produkt finden Sie auf der <a href=\"http:\/\/www.ubeaut.com.au\/ubhome.htm\" target=\"_blank\" rel=\"noopener noreferrer\">Website des Herstellers U-Beaut enterprises <\/a>[:en]EEE-Ultrashine ist ein Poliermittel, das speziell f\u00fcr die Verwendung in Kombination mit Shellawax-Produkten entwickelt wurde, aber auch dar\u00fcber hinaus eine Vielzahl von Anwendungsm\u00f6glichkeiten bietet. In Kombination mit den Shellawax-Produkten ergibt es nicht nur eine sch\u00f6n glatte Oberfl\u00e4che, sondern dieses Produkt erspart auch viel Schleifarbeit. Die Arbeitsweise ist wie folgt:<br \/>\nSchleifen Sie das Werkst\u00fcck mindestens bis zur K\u00f6rnung 400<br \/>\nTragen Sie etwas EEE-Ultraschleifmittel auf und bearbeiten Sie es wie normales<br \/>\nSchleifpapier.<br \/>\nDer Effekt, den Sie in einem Arbeitsgang erzielen, entspricht dem Ergebnis, das Sie erzielen w\u00fcrden, wenn Sie manuell bis zur K\u00f6rnung 2000 schleifen w\u00fcrden. Wenn Sie von Hand mit K\u00f6rnung 1500 statt mit K\u00f6rnung 400 schleifen und dann EEE-Ultrashine auftragen, erzielen Sie in einem Zug den gleichen Effekt wie beim Schleifen mit K\u00f6rnung 4000<br \/>\nWenn die so erzielte Schleifarbeit zufriedenstellend ist, sollten Sie das Werkst\u00fcck vorzugsweise mit einem der Shellawax Produkte veredeln, um einen sch\u00f6nen, dauerhaften Glanz zu erhalten.<br \/>\nDurch die Verwendung von EEE-Ultrashine erzielen Sie die folgenden 3 Effekte:<br \/>\nDas in der Paste enthaltene Schleifpulver schleift sozusagen die Bergspitzen der Schleifkratzer der 400er-K\u00f6rnung (oder der feineren K\u00f6rnung, die Sie zuletzt verwendet haben) ab. Dies ist also derselbe Effekt, den Sie beim feineren Schleifen von Hand erzielen w\u00fcrden.<br \/>\nBeim Schleifen entsteht eine Art &#8222;Schlamm&#8220;, der sich aus den Inhaltsstoffen der EEE-Ultrashine und dem unter Punkt 1 hergestellten Schleifstaub zusammensetzt. Dieser &#8222;Schlamm&#8220; gelangt automatisch in die Poren, so dass auch die T\u00e4ler der Schleifkratzer gef\u00fcllt werden. Au\u00dferdem werden, wie in Punkt 1 beschrieben, auch die Spitzen der Berge abgetragen und die T\u00e4ler dazwischen aufgef\u00fcllt. Dies ist der Effekt, der beim traditionellen Polierverfahren durch das &#8222;Stampfen&#8220; erreicht wird.<br \/>\nDer letzte Effekt, den Sie mit EEE-Ultrashine erzielen, ist, dass das Werkst\u00fcck durch das Vorhandensein von ein wenig Wachs in der Paste ein wenig zu gl\u00e4nzen beginnt. Der Glanz an sich ist bei der Vorbereitung nicht wichtig, aber der Effekt ist, dass, wenn es noch Kratzer im Werkst\u00fcck gibt, die Sie vorher nicht bemerkt haben, diese jetzt zumindest sichtbar werden, so dass Sie sie noch sehen k\u00f6nnen. bevor Sie die eigentliche Deckschicht auftragen. So gibt es hinterher keine \u00dcberraschungen!<br \/>\nAu\u00dfer f\u00fcr die Vorbereitung von Holzwerkst\u00fccken f\u00fcr eine<br \/>\nShellawax-Beschichtung kann EEE-Ultrashine auch verwendet werden f\u00fcr:   <\/p>\n<p>Polieren von Kunststoffdrehteilen (z. B. Stifte). In diesem Fall bildet EEE-Ultrashine das endg\u00fcltige Finish und es ist keine zus\u00e4tzliche Behandlung erforderlich. <\/p>\n<p>Polieren (Drehen) von Knochen.<\/p>\n<p>Stein polieren (drehen).<\/p>\n<p>Muscheln polieren.<\/p>\n<p>Polieren verschiedener Metalle.<\/p>\n<p>Polieren von Tagua-N\u00fcssen.<\/p>\n<p>Reinigung aller Arten von verschmutzten Kunststoffen wie Trespa, Kunststofffenster, Wohnwagen, Polyester, Fassadenplatten und dergleichen.<\/p>\n<p>Polieren von Lacken und anderen Lackoberfl\u00e4chen.<\/p>\n<p>Optimierung der Polierarbeiten.<\/p>\n<p>Probieren Sie in jedem Fall zun\u00e4chst ein St\u00fcck an einer unauff\u00e4lligen Stelle aus, um zu sehen, ob Ihre Anwendung tats\u00e4chlich das gew\u00fcnschte Ergebnis bringt![:de]EEE-Ultrashine ist ein Poliermittel, das speziell f\u00fcr den Einsatz in Kombination mit Shellawax-Produkten entwickelt wurde, aber auch dar\u00fcber hinaus eine Vielzahl von Anwendungen findet. In Kombination mit den Shellawax-Produkten ergibt es nicht nur eine sch\u00f6n glatte Oberfl\u00e4che, sondern dieses Produkt spart auch viel Schleifarbeit. Die Arbeitsweise ist wie folgt:<br \/>\nSchleifen Sie das Werkst\u00fcck auf mindestens K\u00f6rnung 400<br \/>\nTragen Sie etwas EEE-Ultrashine auf und verarbeiten Sie es wie normal<br \/>\nSandpapier.<br \/>\nDer Effekt, den Sie auf einmal erzielen, entspricht dem Ergebnis, das Sie erzielen w\u00fcrden, wenn Sie manuell mit einer K\u00f6rnung von 2000 schleifen w\u00fcrden. Wenn Sie von Hand auf K\u00f6rnung 1500 anstatt auf K\u00f6rnung 400 schleifen und dann EEE-Ultrashine auftragen, erzielen Sie in einem Zug den gleichen Effekt wie beim Schleifen auf K\u00f6rnung 4000<br \/>\nIst die so erzielte Schleifarbeit zufriedenstellend, sollten Sie das Werkst\u00fcck vorzugsweise mit einem der Shellawax-Produkte nachbearbeiten, um einen sch\u00f6nen, dauerhaften Glanz zu erhalten.<br \/>\nDurch die Verwendung von EEE-Ultrashine erzielen Sie folgende 3 Wirkungen:<br \/>\nDas in der Paste enthaltene Scheuerpulver schleift sozusagen die Gipfel der Berge der Schleifkratzer der K\u00f6rnung 400 (oder der zuletzt verwendeten feineren K\u00f6rnung). Dies ist auch derselbe Effekt, den Sie durch feineres Schleifen von Hand erzielen w\u00fcrden.<br \/>\nBeim Schleifen entsteht eine Art &#8222;Schlamm&#8220;, der eine Mischung aus den EEE-Ultrashine-Zutaten und dem unter Punkt 1 hergestellten Schleifstaub ist. Dieser &#8222;Schlamm&#8220; landet automatisch in den Poren, sodass auch die T\u00e4ler der Schleifriefen aufgef\u00fcllt werden. Au\u00dferdem werden, wie in Punkt 1 beschrieben, auch die Gipfel der Berge abgetragen, die T\u00e4ler dazwischen ebenfalls aufgef\u00fcllt. Dieser Effekt ist der Effekt, der im traditionellen Polierverfahren durch &#8222;Pumpen&#8220; erzielt wird.<br \/>\nDer letzte Effekt, den Sie mit EEE-Ultrashine erzielen, ist, dass das Werkst\u00fcck durch etwas Wachs in der Paste leicht zu gl\u00e4nzen beginnt. Der Glanz an sich ist bei der Vorbereitung nicht wichtig, aber der Effekt ist, dass wenn noch Kratzer im Werkst\u00fcck vorhanden sind, die Ihnen vorher nicht aufgefallen sind, diese nun zumindest sichtbar werden, so dass Sie sie noch eigentlicher Endanstrich sehen k\u00f6nnen. Auch keine \u00dcberraschungen hinterher!<br \/>\nAu\u00dfer zum Vorbereiten von Holzwerkst\u00fccken f\u00fcr ein<br \/>\nShellawax Finish, kann EEE-Ultrashine auch verwendet werden f\u00fcr:       <\/p>\n<p>Polieren von Kunststoffdrehmaschinen (z. B. Stifte). In diesem Fall bildet EEE-Ultraschine den endg\u00fcltigen Abschluss und es ist keine zus\u00e4tzliche Behandlung erforderlich. <\/p>\n<p>Polieren (Drehen) von Knochen.<\/p>\n<p>Polieren (Drehen) von Steinen.<\/p>\n<p>Polieren von Muscheln.<\/p>\n<p>Polieren verschiedener Metalle.<\/p>\n<p>Polieren von Tagua-N\u00fcssen.<\/p>\n<p>Reinigung aller Arten von verschmutzten Kunststoffen wie Trespa, Kunststofffenster, Wohnwagen, Polyester, Stirnbretter und dergleichen.<\/p>\n<p>Polierlack und andere Lackierungen.<\/p>\n<p>Polierarbeiten optimieren.<\/p>\n<p>Probieren Sie in jedem Fall zuerst ein St\u00fcck an einer unauff\u00e4lligen Stelle aus, um zu sehen, ob Ihre Anwendung tats\u00e4chlich das gew\u00fcnschte Ergebnis liefert![:]<\/p>\n","protected":false},"excerpt":{"rendered":"<p>EEE-Ultrasp\u00fclmittel 250ml<\/p>\n","protected":false},"featured_media":63365,"comment_status":"open","ping_status":"closed","template":"","meta":{"_et_pb_use_builder":"","_et_pb_old_content":"","_et_gb_content_width":""},"product_brand":[],"product_cat":[7751],"product_tag":[6110,7388,7389],"class_list":{"0":"post-86861","1":"product","2":"type-product","3":"status-publish","4":"has-post-thumbnail","6":"product_cat-eee-ultraspulmittel-250ml","7":"product_tag-aussie-ol-250ml","8":"product_tag-schellack-flussig","9":"product_tag-schellack-creme-250ml","11":"first","12":"outofstock","13":"taxable","14":"shipping-taxable","15":"purchasable","16":"product-type-simple"},"_links":{"self":[{"href":"https:\/\/houtdraaiwerken-penkits.nl\/de\/wp-json\/wp\/v2\/product\/86861","targetHints":{"allow":["GET"]}}],"collection":[{"href":"https:\/\/houtdraaiwerken-penkits.nl\/de\/wp-json\/wp\/v2\/product"}],"about":[{"href":"https:\/\/houtdraaiwerken-penkits.nl\/de\/wp-json\/wp\/v2\/types\/product"}],"replies":[{"embeddable":true,"href":"https:\/\/houtdraaiwerken-penkits.nl\/de\/wp-json\/wp\/v2\/comments?post=86861"}],"wp:featuredmedia":[{"embeddable":true,"href":"https:\/\/houtdraaiwerken-penkits.nl\/de\/wp-json\/wp\/v2\/media\/63365"}],"wp:attachment":[{"href":"https:\/\/houtdraaiwerken-penkits.nl\/de\/wp-json\/wp\/v2\/media?parent=86861"}],"wp:term":[{"taxonomy":"product_brand","embeddable":true,"href":"https:\/\/houtdraaiwerken-penkits.nl\/de\/wp-json\/wp\/v2\/product_brand?post=86861"},{"taxonomy":"product_cat","embeddable":true,"href":"https:\/\/houtdraaiwerken-penkits.nl\/de\/wp-json\/wp\/v2\/product_cat?post=86861"},{"taxonomy":"product_tag","embeddable":true,"href":"https:\/\/houtdraaiwerken-penkits.nl\/de\/wp-json\/wp\/v2\/product_tag?post=86861"}],"curies":[{"name":"wp","href":"https:\/\/api.w.org\/{rel}","templated":true}]}}