{"id":86896,"date":"2022-05-25T15:20:50","date_gmt":"2022-05-25T13:20:50","guid":{"rendered":"https:\/\/houtdraaiwerken-penkits.nl\/shop\/unkategorisiert\/anatolia-rollerball-kugelschreiber-sets\/"},"modified":"2026-02-01T09:47:05","modified_gmt":"2026-02-01T08:47:05","slug":"anatolia-rollerball-kugelschreiber-sets","status":"publish","type":"product","link":"https:\/\/houtdraaiwerken-penkits.nl\/de\/shop\/stift-kits\/stiftbausatze-made-in-taiwan\/anatolia-rollerball-kugelschreiber-sets\/anatolia-rollerball-kugelschreiber-sets\/","title":{"rendered":"Anatolia Rollerball-Kugelschreiber-Sets"},"content":{"rendered":"<p>Zus\u00e4tzlich ben\u00f6tigte Materialien:<\/p>\n<p><a href=\"https:\/\/www.houtdraaiwerken-penkits.nl\/shop\/busjes-sets\/bu2006\/bu2006\/\">BU2006<\/a> Buchsen<\/p>\n<p><a href=\"https:\/\/www.houtdraaiwerken-penkits.nl\/shop\/gereedschap-en-boren\/boren\/db125\/db125\/\">DB125<\/a> 12,5 mm Bohrer<\/p>\n<p><a href=\"https:\/\/www.houtdraaiwerken-penkits.nl\/shop\/gereedschap-en-boren\/boren\/rsdb1332\/rsdb1332\/\">RSDB13\/32<\/a> Bohrer<\/p>\n<p><a href=\"https:\/\/www.houtdraaiwerken-penkits.nl\/shop\/gereedschap-en-boren\/gereedschap\/pm014pen-mills-hss-dia-9-15mm-l9-5cm-for-10mm-pen-tubes\/\">PM014<\/a> und <a href=\"https:\/\/www.houtdraaiwerken-penkits.nl\/shop\/gereedschap-en-boren\/gereedschap\/pm116pen-mills-hss-dia-11-63mm-l9-5cmfor-12-35mm-pen-tubes\/\">PM116<\/a> Stiftfr\u00e4ser<\/p>\n","protected":false},"excerpt":{"rendered":"<p>Das Anatolia Schreibset ist ein einfaches Schreibset mit elegantem Design, das Stil, Ausgewogenheit, Funktion und vor allem hervorragende Qualit\u00e4t bietet. Das Anatolia Rollerball Schreibset wird standardm\u00e4\u00dfig mit einer Schmidt F 888 Mine geliefert <\/p>\n<p>Erh\u00e4ltlich als F\u00fcllfederhalter-Kit und Rollerball-Kit.<\/p>\n<p><strong>Hergestellt in Taiwan<\/strong><\/p>\n","protected":false},"featured_media":63200,"comment_status":"open","ping_status":"closed","template":"","meta":{"_et_pb_use_builder":"","_et_pb_old_content":"","_et_gb_content_width":""},"product_brand":[],"product_cat":[7771,3668,5137],"product_tag":[6471,2201],"class_list":{"0":"post-86896","1":"product","2":"type-product","3":"status-publish","4":"has-post-thumbnail","6":"product_cat-anatolia-rollerball-kugelschreiber-sets","7":"product_cat-fullfederhalter-und-tintenroller-sets","8":"product_cat-stiftbausatze-made-in-taiwan","9":"product_tag-erweiterte-jr-gentleman-i-fullfederhalter-rollerball-sets","10":"product_tag-stift-kits","12":"first","13":"instock","14":"taxable","15":"shipping-taxable","16":"purchasable","17":"product-type-variable"},"_links":{"self":[{"href":"https:\/\/houtdraaiwerken-penkits.nl\/de\/wp-json\/wp\/v2\/product\/86896","targetHints":{"allow":["GET"]}}],"collection":[{"href":"https:\/\/houtdraaiwerken-penkits.nl\/de\/wp-json\/wp\/v2\/product"}],"about":[{"href":"https:\/\/houtdraaiwerken-penkits.nl\/de\/wp-json\/wp\/v2\/types\/product"}],"replies":[{"embeddable":true,"href":"https:\/\/houtdraaiwerken-penkits.nl\/de\/wp-json\/wp\/v2\/comments?post=86896"}],"wp:featuredmedia":[{"embeddable":true,"href":"https:\/\/houtdraaiwerken-penkits.nl\/de\/wp-json\/wp\/v2\/media\/63200"}],"wp:attachment":[{"href":"https:\/\/houtdraaiwerken-penkits.nl\/de\/wp-json\/wp\/v2\/media?parent=86896"}],"wp:term":[{"taxonomy":"product_brand","embeddable":true,"href":"https:\/\/houtdraaiwerken-penkits.nl\/de\/wp-json\/wp\/v2\/product_brand?post=86896"},{"taxonomy":"product_cat","embeddable":true,"href":"https:\/\/houtdraaiwerken-penkits.nl\/de\/wp-json\/wp\/v2\/product_cat?post=86896"},{"taxonomy":"product_tag","embeddable":true,"href":"https:\/\/houtdraaiwerken-penkits.nl\/de\/wp-json\/wp\/v2\/product_tag?post=86896"}],"curies":[{"name":"wp","href":"https:\/\/api.w.org\/{rel}","templated":true}]}}