{"id":86912,"date":"2021-04-18T19:41:31","date_gmt":"2021-04-18T17:41:31","guid":{"rendered":"https:\/\/houtdraaiwerken-penkits.nl\/shop\/unkategorisiert\/cameron-fuellfederhalter-rollerball-kit-psi\/"},"modified":"2025-05-10T01:15:07","modified_gmt":"2025-05-09T23:15:07","slug":"cameron-fuellfederhalter-rollerball-kit-psi","status":"publish","type":"product","link":"https:\/\/houtdraaiwerken-penkits.nl\/de\/shop\/stift-kits\/stift-kits-von-psi\/cameron-fullfederhalter-rollerball-kit-psi\/cameron-fuellfederhalter-rollerball-kit-psi\/","title":{"rendered":"Cameron F\u00fcllfederhalter-\/Rollerball-Kit (PSI)"},"content":{"rendered":"<p>Produktbeschreibung<br \/>\nMit seinem schlanken, stromlinienf\u00f6rmigen und eleganten Design wird das Cameron Pen Kit ein Geschenk von dauerhafter Sch\u00f6nheit sein. Der Cameron ist perfekt f\u00fcr Menschen mit kleineren H\u00e4nden, da er etwas kleiner ist als die meisten Rollerball- und F\u00fcllfederhalter. Also wirklich ein sch\u00f6ner Stift auch f\u00fcr Damen.  <\/p>\n<p>Der F\u00fcllfederhalter enth\u00e4lt eine in Deutschland gefertigte Feder mit Iridiumspitze sowie eine Tintenpatrone und einen Tintenkonverter. <\/p>\n<p>Der Rollerball ist inkl. Schmidt Rollerball-Mine F 888 Farbe schwarz<\/p>\n<p>&nbsp;<\/p>\n<p>Erforderliche zus\u00e4tzliche Materialien:<\/p>\n<p><a href=\"https:\/\/www.houtdraaiwerken-penkits.nl\/shop\/busjes-sets\/bu993\/bu993\/\">BU993<\/a> Buchsen<\/p>\n<p><a href=\"https:\/\/www.houtdraaiwerken-penkits.nl\/shop\/gereedschap-en-boren\/boren\/db105\/db105\/\">DB105<\/a> und <a href=\"https:\/\/www.houtdraaiwerken-penkits.nl\/shop\/gereedschap-en-boren\/boren\/db125\/db125\/\">DB125<\/a> Bohrmaschine<\/p>\n<p><a href=\"https:\/\/www.houtdraaiwerken-penkits.nl\/shop\/gereedschap-en-boren\/gereedschap\/pm014pen-mills-hss-dia-9-15mm-l9-5cm-for-10mm-pen-tubes\/\">PM014<\/a> und <a href=\"https:\/\/www.houtdraaiwerken-penkits.nl\/shop\/gereedschap-en-boren\/gereedschap\/pm116pen-mills-hss-dia-11-63mm-l9-5cmfor-12-35mm-pen-tubes\/\">PM116<\/a> Stiftm\u00fchle. Bitte beachten Sie, dass Sie f\u00fcr eine Stiftm\u00fchle auch einen Fr\u00e4ser <a href=\"https:\/\/houtdraaiwerken-penkits.nl\/de\/shop\/werkzeuge\/pm006-3-4-schneidkopf-mit-6-schneiden-fuer-pen-muehlen\/\">PM006<\/a> oder <a href=\"https:\/\/houtdraaiwerken-penkits.nl\/de\/shop\/werkzeuge\/pm002-3-4-schneidkopf-mit-4-schneidkanten-fuer-pen-mills\/\">PM002<\/a> ben\u00f6tigen. Der Fr\u00e4ser passt auf jede Stiftm\u00fchle.<\/p>\n","protected":false},"excerpt":{"rendered":"<p>Cameron F\u00fcllfederhalter-\/Rollerball-Kit (PSI)<\/p>\n","protected":false},"featured_media":56348,"comment_status":"open","ping_status":"closed","template":"","meta":{"_et_pb_use_builder":"","_et_pb_old_content":"","_et_gb_content_width":""},"product_brand":[],"product_cat":[4706,7779,3668,5294],"product_tag":[5780,2201,2962,4845],"class_list":{"0":"post-86912","1":"product","2":"type-product","3":"status-publish","4":"has-post-thumbnail","6":"product_cat-angebote","7":"product_cat-cameron-fullfederhalter-rollerball-kit-psi","8":"product_cat-fullfederhalter-und-tintenroller-sets","9":"product_cat-stift-kits-von-psi","10":"product_tag-drachen-fullfederhalter-bausatz","11":"product_tag-stift-kits","12":"product_tag-stift-kits-de","13":"product_tag-zahnrad-klickstift-sets","15":"first","16":"outofstock","17":"taxable","18":"shipping-taxable","19":"purchasable","20":"product-type-variable"},"_links":{"self":[{"href":"https:\/\/houtdraaiwerken-penkits.nl\/de\/wp-json\/wp\/v2\/product\/86912","targetHints":{"allow":["GET"]}}],"collection":[{"href":"https:\/\/houtdraaiwerken-penkits.nl\/de\/wp-json\/wp\/v2\/product"}],"about":[{"href":"https:\/\/houtdraaiwerken-penkits.nl\/de\/wp-json\/wp\/v2\/types\/product"}],"replies":[{"embeddable":true,"href":"https:\/\/houtdraaiwerken-penkits.nl\/de\/wp-json\/wp\/v2\/comments?post=86912"}],"wp:featuredmedia":[{"embeddable":true,"href":"https:\/\/houtdraaiwerken-penkits.nl\/de\/wp-json\/wp\/v2\/media\/56348"}],"wp:attachment":[{"href":"https:\/\/houtdraaiwerken-penkits.nl\/de\/wp-json\/wp\/v2\/media?parent=86912"}],"wp:term":[{"taxonomy":"product_brand","embeddable":true,"href":"https:\/\/houtdraaiwerken-penkits.nl\/de\/wp-json\/wp\/v2\/product_brand?post=86912"},{"taxonomy":"product_cat","embeddable":true,"href":"https:\/\/houtdraaiwerken-penkits.nl\/de\/wp-json\/wp\/v2\/product_cat?post=86912"},{"taxonomy":"product_tag","embeddable":true,"href":"https:\/\/houtdraaiwerken-penkits.nl\/de\/wp-json\/wp\/v2\/product_tag?post=86912"}],"curies":[{"name":"wp","href":"https:\/\/api.w.org\/{rel}","templated":true}]}}