{"id":86984,"date":"2022-06-01T09:59:03","date_gmt":"2022-06-01T07:59:03","guid":{"rendered":"https:\/\/houtdraaiwerken-penkits.nl\/shop\/unkategorisiert\/gruen-rosa-blau-gefaerbte-stabilisierte-japanische-blaueiche-wurzelholz\/"},"modified":"2022-06-01T09:59:03","modified_gmt":"2022-06-01T07:59:03","slug":"gruen-rosa-blau-gefaerbte-stabilisierte-japanische-blaueiche-wurzelholz","status":"publish","type":"product","link":"https:\/\/houtdraaiwerken-penkits.nl\/de\/shop\/stiftrohlinge\/farbiges-holz-fur-stifte\/grun-rose-blau-farbig-stabilisiertes-cyclobalanopsis-maserholz\/gruen-rosa-blau-gefaerbte-stabilisierte-japanische-blaueiche-wurzelholz\/","title":{"rendered":"Gr\u00fcn\/rosa\/blau gef\u00e4rbte stabilisierte japanische Blaueiche Wurzelholz"},"content":{"rendered":"<p>Die Farbe kann leicht vom Foto abweichen. Jeder Pen-Rohling hat eine andere Farbe<\/p>\n<p><i><b>Quercus glauca<\/b><\/i> (<a title=\"Synonym (Taxonomie)\" href=\"https:\/\/en.wikipedia.org\/wiki\/Synonym_(taxonomy)\"> syn. <\/a><i>Cyclobalanopsis glauca<\/i> ), gemeinhin als<b> Ringeiche<\/b> oder<b> Japanische Blaueiche<\/b> bezeichnet,<sup id=\"cite_ref-4\" class=\"reference\"><a href=\"https:\/\/en.wikipedia.org\/wiki\/Quercus_glauca#cite_note-4\"> [4]<\/a><\/sup> ist ein Baum aus der Familie der Buchengew\u00e4chse (<a title=\"Fagaceae\" href=\"https:\/\/en.wikipedia.org\/wiki\/Fagaceae\"> Fagaceae<\/a> ). Sie ist in Ost- und<a title=\"Asien\" href=\"https:\/\/en.wikipedia.org\/wiki\/Asia\"> S\u00fcdasien<\/a> beheimatet, wo sie in Afghanistan, Bhutan, China, Nord- und Ostindien, S\u00fcdjapan, Kaschmir, Korea, Myanmar, Nepal und Vietnam vorkommt. <\/p>\n","protected":false},"excerpt":{"rendered":"<p>Gr\u00fcn\/rosa\/blau gef\u00e4rbte stabilisierte japanische Blaueiche Wurzelholz<\/p>\n<p>Bitte beachten Sie, dass bei einigen Produkten eine Ecke fehlt, \u00c4ste, Risse und\/oder L\u00f6cher vorhanden sind. Daher m\u00fcssen Sie diese mit CA-Kleber und Schleifstaub f\u00fcllen. Wenn Sie sich dar\u00fcber Sorgen machen, bestellen Sie diesen Stiftrohling bitte nicht.<br \/>\nHinweis: Das Bild dient nur als Referenz. Der Preis gilt nur f\u00fcr 1 St\u00fcck   <\/p>\n<p>Gr\u00f6\u00dfe +\/- 19*19*125mm.<\/p>\n<p>Hinweis: Das Bild ist nur f\u00fcr Ihre Referenz. Der Preis ist nur f\u00fcr 1 St\u00fcck <\/p>\n","protected":false},"featured_media":63354,"comment_status":"open","ping_status":"closed","template":"","meta":{"_et_pb_use_builder":"","_et_pb_old_content":"","_et_gb_content_width":""},"product_brand":[],"product_cat":[5121,7825],"product_tag":[2187,5123],"class_list":{"0":"post-86984","1":"product","2":"type-product","3":"status-publish","4":"has-post-thumbnail","6":"product_cat-farbiges-holz-fur-stifte","7":"product_cat-grun-rose-blau-farbig-stabilisiertes-cyclobalanopsis-maserholz","8":"product_tag-acryl-stiftrohling","9":"product_tag-stabilisierte-stiftrohlinge","11":"first","12":"outofstock","13":"taxable","14":"shipping-taxable","15":"purchasable","16":"product-type-simple"},"_links":{"self":[{"href":"https:\/\/houtdraaiwerken-penkits.nl\/de\/wp-json\/wp\/v2\/product\/86984","targetHints":{"allow":["GET"]}}],"collection":[{"href":"https:\/\/houtdraaiwerken-penkits.nl\/de\/wp-json\/wp\/v2\/product"}],"about":[{"href":"https:\/\/houtdraaiwerken-penkits.nl\/de\/wp-json\/wp\/v2\/types\/product"}],"replies":[{"embeddable":true,"href":"https:\/\/houtdraaiwerken-penkits.nl\/de\/wp-json\/wp\/v2\/comments?post=86984"}],"wp:featuredmedia":[{"embeddable":true,"href":"https:\/\/houtdraaiwerken-penkits.nl\/de\/wp-json\/wp\/v2\/media\/63354"}],"wp:attachment":[{"href":"https:\/\/houtdraaiwerken-penkits.nl\/de\/wp-json\/wp\/v2\/media?parent=86984"}],"wp:term":[{"taxonomy":"product_brand","embeddable":true,"href":"https:\/\/houtdraaiwerken-penkits.nl\/de\/wp-json\/wp\/v2\/product_brand?post=86984"},{"taxonomy":"product_cat","embeddable":true,"href":"https:\/\/houtdraaiwerken-penkits.nl\/de\/wp-json\/wp\/v2\/product_cat?post=86984"},{"taxonomy":"product_tag","embeddable":true,"href":"https:\/\/houtdraaiwerken-penkits.nl\/de\/wp-json\/wp\/v2\/product_tag?post=86984"}],"curies":[{"name":"wp","href":"https:\/\/api.w.org\/{rel}","templated":true}]}}