{"id":87024,"date":"2022-03-30T17:06:51","date_gmt":"2022-03-30T15:06:51","guid":{"rendered":"https:\/\/houtdraaiwerken-penkits.nl\/shop\/unkategorisiert\/eisschaufelsatz-psi-edelstahl-edelstahl\/"},"modified":"2025-05-10T01:19:20","modified_gmt":"2025-05-09T23:19:20","slug":"eisschaufelsatz-psi-edelstahl-edelstahl","status":"publish","type":"product","link":"https:\/\/houtdraaiwerken-penkits.nl\/de\/shop\/andere-bausatze\/kuchenartikel-sets\/eisschopfer-kit-psi\/eisschaufelsatz-psi-edelstahl-edelstahl\/","title":{"rendered":"Eisschaufelsatz ( PSI ) Edelstahl Edelstahl"},"content":{"rendered":"<p>Ben\u00f6tigte Zusatzmaterialien: f\u00fcr Professional Twist pen Kit ( PSI )<\/p>\n<p><a href=\"https:\/\/www.houtdraaiwerken-penkits.nl\/shop\/busjes-sets\/bu985\/bu985\/\">BU985<\/a> Buchsen<\/p>\n<p><a href=\"https:\/\/www.houtdraaiwerken-penkits.nl\/shop\/gereedschap-en-boren\/boren\/db010\/db010\/\">DB010<\/a> Bohrer<\/p>\n<p><a href=\"https:\/\/www.houtdraaiwerken-penkits.nl\/shop\/gereedschap-en-boren\/gereedschap\/pm014pen-mills-hss-dia-9-15mm-l9-5cm-for-10mm-pen-tubes\/\">PM014<\/a> Stiftfr\u00e4ser Bitte beachten Sie, dass Sie f\u00fcr einen Stiftfr\u00e4ser auch einen Fr\u00e4ser <a href=\"https:\/\/houtdraaiwerken-penkits.nl\/en\/shop\/tools\/pm006-3-4-cutting-head-with-6-cutting-edges-for-pen-mills\/\">PM006<\/a> oder <a href=\"https:\/\/houtdraaiwerken-penkits.nl\/en\/shop\/tools\/nlpm002-3-4-cutting-head-with-4-cutting-edges-for-pen-mills\/\">PM002<\/a> ben\u00f6tigen. Der Fr\u00e4ser passt auf jede Stiftfr\u00e4sergr\u00f6\u00dfe.<\/p>\n","protected":false},"excerpt":{"rendered":"<p>Ben\u00f6tigte Zusatzmaterialien: f\u00fcr Professional Twist pen Kit ( PSI ) BU985 Buchsen DB010 Bohrer PM014 Stiftfr\u00e4ser Bitte beachten Sie, dass Sie f\u00fcr einen Stiftfr\u00e4ser auch einen Fr\u00e4ser PM006 oder PM002 ben\u00f6tigen. Der Fr\u00e4ser passt auf jede Stiftfr\u00e4sergr\u00f6\u00dfe.<\/p>\n","protected":false},"featured_media":62661,"comment_status":"open","ping_status":"closed","template":"","meta":{"_et_pb_use_builder":"","_et_pb_old_content":"","_et_gb_content_width":""},"product_brand":[],"product_cat":[7851],"product_tag":[7853,7852,2962,2201],"class_list":{"0":"post-87024","1":"product","2":"type-product","3":"status-publish","4":"has-post-thumbnail","6":"product_cat-eisschopfer-kit-psi","7":"product_tag-eisportionierer","8":"product_tag-profi-drehbleistift-kit","9":"product_tag-stift-kits-de","10":"product_tag-stift-kits","12":"first","13":"instock","14":"taxable","15":"shipping-taxable","16":"purchasable","17":"product-type-simple"},"_links":{"self":[{"href":"https:\/\/houtdraaiwerken-penkits.nl\/de\/wp-json\/wp\/v2\/product\/87024","targetHints":{"allow":["GET"]}}],"collection":[{"href":"https:\/\/houtdraaiwerken-penkits.nl\/de\/wp-json\/wp\/v2\/product"}],"about":[{"href":"https:\/\/houtdraaiwerken-penkits.nl\/de\/wp-json\/wp\/v2\/types\/product"}],"replies":[{"embeddable":true,"href":"https:\/\/houtdraaiwerken-penkits.nl\/de\/wp-json\/wp\/v2\/comments?post=87024"}],"wp:featuredmedia":[{"embeddable":true,"href":"https:\/\/houtdraaiwerken-penkits.nl\/de\/wp-json\/wp\/v2\/media\/62661"}],"wp:attachment":[{"href":"https:\/\/houtdraaiwerken-penkits.nl\/de\/wp-json\/wp\/v2\/media?parent=87024"}],"wp:term":[{"taxonomy":"product_brand","embeddable":true,"href":"https:\/\/houtdraaiwerken-penkits.nl\/de\/wp-json\/wp\/v2\/product_brand?post=87024"},{"taxonomy":"product_cat","embeddable":true,"href":"https:\/\/houtdraaiwerken-penkits.nl\/de\/wp-json\/wp\/v2\/product_cat?post=87024"},{"taxonomy":"product_tag","embeddable":true,"href":"https:\/\/houtdraaiwerken-penkits.nl\/de\/wp-json\/wp\/v2\/product_tag?post=87024"}],"curies":[{"name":"wp","href":"https:\/\/api.w.org\/{rel}","templated":true}]}}