{"id":87103,"date":"2022-02-15T17:47:05","date_gmt":"2022-02-15T16:47:05","guid":{"rendered":"https:\/\/houtdraaiwerken-penkits.nl\/shop\/unkategorisiert\/schlangenfeder-bausatz\/"},"modified":"2025-06-06T13:38:56","modified_gmt":"2025-06-06T11:38:56","slug":"schlangenfeder-bausatz","status":"publish","type":"product","link":"https:\/\/houtdraaiwerken-penkits.nl\/de\/shop\/stift-kits\/kugelschreiber-kits\/schlangenfeder-bausatz\/schlangenfeder-bausatz\/","title":{"rendered":"Snake-Kugelschreiber-Sets"},"content":{"rendered":"<p>Ben\u00f6tigte Zusatzmaterialien:<\/p>\n<p><a href=\"https:\/\/houtdraaiwerken-penkits.nl\/de\/shop\/distanzringsatz\/bu425-de\/bu425\/\">BU425<\/a> Distanzring<\/p>\n<p><a href=\"https:\/\/houtdraaiwerken-penkits.nl\/de\/shop\/bohrer\/rsdb11-32-de\/rsdb11-32-bohrer-87-mm\/\">RSDB11\/32<\/a>\u00a0Bohrer<\/p>\n<p><a href=\"https:\/\/houtdraaiwerken-penkits.nl\/de\/shop\/werkzeuge\/stiftmuehlen-fraeser\/pm012-stiftfraeser-hss-durchmesser7-2mm-laenge9-5cm-fuer-8mm-stifthuelsen\/\">PM012<\/a>\u00a0R\u00e4umerschafts<\/p>\n<p>Bitte beachten Sie, dass Sie f\u00fcr eine R\u00e4umerschafts auch einen Fr\u00e4ser\u00a0<a href=\"https:\/\/houtdraaiwerken-penkits.nl\/de\/shop\/werkzeuge\/stiftmuehlen-fraeser\/pm006-de\/pm006-3-4-schneidkopf-mit-6-schneiden-fuer-pen-muehlen\/\">PM006<\/a>\u00a0oder\u00a0<a href=\"https:\/\/houtdraaiwerken-penkits.nl\/de\/shop\/werkzeuge\/stiftmuehlen-fraeser\/pm002-de\/pm002-3-4-schneidkopf-mit-4-schneidkanten-fuer-pen-mills\/\">PM002<\/a>\u00a0ben\u00f6tigen. Der Fr\u00e4ser passt in jede R\u00e4umerschafts<\/p>\n","protected":false},"excerpt":{"rendered":"<p>Snake-Kugelschreiber-Setsz<\/p>\n","protected":false},"featured_media":62111,"comment_status":"open","ping_status":"closed","template":"","meta":{"_et_pb_use_builder":"","_et_pb_old_content":"","_et_gb_content_width":""},"product_brand":[],"product_cat":[3352,7902],"product_tag":[7010,2962,2201],"class_list":{"0":"post-87103","1":"product","2":"type-product","3":"status-publish","4":"has-post-thumbnail","6":"product_cat-kugelschreiber-kits","7":"product_cat-schlangenfeder-bausatz","8":"product_tag-elegante-schonheit-sierra-pen-kits","9":"product_tag-stift-kits-de","10":"product_tag-stift-kits","12":"first","13":"instock","14":"taxable","15":"shipping-taxable","16":"purchasable","17":"product-type-variable"},"_links":{"self":[{"href":"https:\/\/houtdraaiwerken-penkits.nl\/de\/wp-json\/wp\/v2\/product\/87103","targetHints":{"allow":["GET"]}}],"collection":[{"href":"https:\/\/houtdraaiwerken-penkits.nl\/de\/wp-json\/wp\/v2\/product"}],"about":[{"href":"https:\/\/houtdraaiwerken-penkits.nl\/de\/wp-json\/wp\/v2\/types\/product"}],"replies":[{"embeddable":true,"href":"https:\/\/houtdraaiwerken-penkits.nl\/de\/wp-json\/wp\/v2\/comments?post=87103"}],"wp:featuredmedia":[{"embeddable":true,"href":"https:\/\/houtdraaiwerken-penkits.nl\/de\/wp-json\/wp\/v2\/media\/62111"}],"wp:attachment":[{"href":"https:\/\/houtdraaiwerken-penkits.nl\/de\/wp-json\/wp\/v2\/media?parent=87103"}],"wp:term":[{"taxonomy":"product_brand","embeddable":true,"href":"https:\/\/houtdraaiwerken-penkits.nl\/de\/wp-json\/wp\/v2\/product_brand?post=87103"},{"taxonomy":"product_cat","embeddable":true,"href":"https:\/\/houtdraaiwerken-penkits.nl\/de\/wp-json\/wp\/v2\/product_cat?post=87103"},{"taxonomy":"product_tag","embeddable":true,"href":"https:\/\/houtdraaiwerken-penkits.nl\/de\/wp-json\/wp\/v2\/product_tag?post=87103"}],"curies":[{"name":"wp","href":"https:\/\/api.w.org\/{rel}","templated":true}]}}