{"id":87154,"date":"2022-03-16T12:16:56","date_gmt":"2022-03-16T11:16:56","guid":{"rendered":"https:\/\/houtdraaiwerken-penkits.nl\/shop\/unkategorisiert\/bt2001a-roehrchenset-fuer-tyrin-biros-kits\/"},"modified":"2022-03-16T12:16:56","modified_gmt":"2022-03-16T11:16:56","slug":"bt2001a-roehrchenset-fuer-tyrin-biros-kits","status":"publish","type":"product","link":"https:\/\/houtdraaiwerken-penkits.nl\/de\/shop\/stiftrohre\/bt2001a-rohrchenset-fur-tyrin-biros-kits\/bt2001a-roehrchenset-fuer-tyrin-biros-kits\/","title":{"rendered":"BT2001a R\u00f6hrchenset f\u00fcr Tyrin biros Kits"},"content":{"rendered":"","protected":false},"excerpt":{"rendered":"<p>BT2001 R\u00f6hrenset f\u00fcr Tyrin Biros Kits. Preis f\u00fcr 1 Set! <\/p>\n","protected":false},"featured_media":59660,"comment_status":"open","ping_status":"closed","template":"","meta":{"_et_pb_use_builder":"","_et_pb_old_content":"","_et_gb_content_width":""},"product_brand":[],"product_cat":[7930,3297],"product_tag":[3298],"class_list":{"0":"post-87154","1":"product","2":"type-product","3":"status-publish","4":"has-post-thumbnail","6":"product_cat-bt2001a-rohrchenset-fur-tyrin-biros-kits","7":"product_cat-stiftrohre","8":"product_tag-stiftrohr","10":"first","11":"instock","12":"taxable","13":"shipping-taxable","14":"purchasable","15":"product-type-simple"},"_links":{"self":[{"href":"https:\/\/houtdraaiwerken-penkits.nl\/de\/wp-json\/wp\/v2\/product\/87154","targetHints":{"allow":["GET"]}}],"collection":[{"href":"https:\/\/houtdraaiwerken-penkits.nl\/de\/wp-json\/wp\/v2\/product"}],"about":[{"href":"https:\/\/houtdraaiwerken-penkits.nl\/de\/wp-json\/wp\/v2\/types\/product"}],"replies":[{"embeddable":true,"href":"https:\/\/houtdraaiwerken-penkits.nl\/de\/wp-json\/wp\/v2\/comments?post=87154"}],"wp:featuredmedia":[{"embeddable":true,"href":"https:\/\/houtdraaiwerken-penkits.nl\/de\/wp-json\/wp\/v2\/media\/59660"}],"wp:attachment":[{"href":"https:\/\/houtdraaiwerken-penkits.nl\/de\/wp-json\/wp\/v2\/media?parent=87154"}],"wp:term":[{"taxonomy":"product_brand","embeddable":true,"href":"https:\/\/houtdraaiwerken-penkits.nl\/de\/wp-json\/wp\/v2\/product_brand?post=87154"},{"taxonomy":"product_cat","embeddable":true,"href":"https:\/\/houtdraaiwerken-penkits.nl\/de\/wp-json\/wp\/v2\/product_cat?post=87154"},{"taxonomy":"product_tag","embeddable":true,"href":"https:\/\/houtdraaiwerken-penkits.nl\/de\/wp-json\/wp\/v2\/product_tag?post=87154"}],"curies":[{"name":"wp","href":"https:\/\/api.w.org\/{rel}","templated":true}]}}