{"id":87175,"date":"2022-01-30T19:24:53","date_gmt":"2022-01-30T18:24:53","guid":{"rendered":"https:\/\/houtdraaiwerken-penkits.nl\/shop\/unkategorisiert\/bt2001-roehrchenset-fuer-tyrin-stift-sets\/"},"modified":"2022-01-30T19:24:53","modified_gmt":"2022-01-30T18:24:53","slug":"bt2001-roehrchenset-fuer-tyrin-stift-sets","status":"publish","type":"product","link":"https:\/\/houtdraaiwerken-penkits.nl\/de\/shop\/stiftrohre\/bt2001-rohrenfell-tyrin-stift-kits\/bt2001-roehrchenset-fuer-tyrin-stift-sets\/","title":{"rendered":"BT2001 R\u00f6hrchenset f\u00fcr Tyrin-Stift-Sets"},"content":{"rendered":"","protected":false},"excerpt":{"rendered":"<p>BT2001 R\u00f6hrchenset f\u00fcr Tyrin-Stiftsets. Preis f\u00fcr 1 Set! <\/p>\n","protected":false},"featured_media":59660,"comment_status":"open","ping_status":"closed","template":"","meta":{"_et_pb_use_builder":"","_et_pb_old_content":"","_et_gb_content_width":""},"product_brand":[],"product_cat":[7942,3297],"product_tag":[3298],"class_list":{"0":"post-87175","1":"product","2":"type-product","3":"status-publish","4":"has-post-thumbnail","6":"product_cat-bt2001-rohrenfell-tyrin-stift-kits","7":"product_cat-stiftrohre","8":"product_tag-stiftrohr","10":"first","11":"outofstock","12":"taxable","13":"shipping-taxable","14":"purchasable","15":"product-type-simple"},"_links":{"self":[{"href":"https:\/\/houtdraaiwerken-penkits.nl\/de\/wp-json\/wp\/v2\/product\/87175","targetHints":{"allow":["GET"]}}],"collection":[{"href":"https:\/\/houtdraaiwerken-penkits.nl\/de\/wp-json\/wp\/v2\/product"}],"about":[{"href":"https:\/\/houtdraaiwerken-penkits.nl\/de\/wp-json\/wp\/v2\/types\/product"}],"replies":[{"embeddable":true,"href":"https:\/\/houtdraaiwerken-penkits.nl\/de\/wp-json\/wp\/v2\/comments?post=87175"}],"wp:featuredmedia":[{"embeddable":true,"href":"https:\/\/houtdraaiwerken-penkits.nl\/de\/wp-json\/wp\/v2\/media\/59660"}],"wp:attachment":[{"href":"https:\/\/houtdraaiwerken-penkits.nl\/de\/wp-json\/wp\/v2\/media?parent=87175"}],"wp:term":[{"taxonomy":"product_brand","embeddable":true,"href":"https:\/\/houtdraaiwerken-penkits.nl\/de\/wp-json\/wp\/v2\/product_brand?post=87175"},{"taxonomy":"product_cat","embeddable":true,"href":"https:\/\/houtdraaiwerken-penkits.nl\/de\/wp-json\/wp\/v2\/product_cat?post=87175"},{"taxonomy":"product_tag","embeddable":true,"href":"https:\/\/houtdraaiwerken-penkits.nl\/de\/wp-json\/wp\/v2\/product_tag?post=87175"}],"curies":[{"name":"wp","href":"https:\/\/api.w.org\/{rel}","templated":true}]}}