{"id":87214,"date":"2021-09-08T14:13:53","date_gmt":"2021-09-08T12:13:53","guid":{"rendered":"https:\/\/houtdraaiwerken-penkits.nl\/shop\/unkategorisiert\/western-drehgriffel-kit-psi\/"},"modified":"2025-06-06T09:30:15","modified_gmt":"2025-06-06T07:30:15","slug":"western-drehgriffel-kit-psi","status":"publish","type":"product","link":"https:\/\/houtdraaiwerken-penkits.nl\/de\/shop\/stift-kits\/stift-kits-von-psi\/western-drehbleistift-set-zinn-antik-psi\/western-drehgriffel-kit-psi\/","title":{"rendered":"Western-Kugelschreiber-Sets ( PSI )"},"content":{"rendered":"<p>Erforderliche zus\u00e4tzliche Materialien:<\/p>\n<p><a href=\"https:\/\/houtdraaiwerken-penkits.nl\/de\/shop\/distanzringsatz\/bu991-de\/bu991\/\">BU991<\/a> Distanzring<\/p>\n<p><a href=\"https:\/\/houtdraaiwerken-penkits.nl\/de\/shop\/bohrer\/db008-de\/db008-bohrer-8-mm\/\">DB008<\/a>\u00a0Bohrer 8mm<\/p>\n<p><a href=\"https:\/\/houtdraaiwerken-penkits.nl\/de\/shop\/werkzeuge\/stiftmuehlen-fraeser\/pm012-stiftfraeser-hss-durchmesser7-2mm-laenge9-5cm-fuer-8mm-stifthuelsen\/\">PM012<\/a>\u00a0R\u00e4umerschafts<\/p>\n<p>Bitte beachten Sie, dass Sie f\u00fcr eine R\u00e4umerschafts auch einen Fr\u00e4ser\u00a0<a href=\"https:\/\/houtdraaiwerken-penkits.nl\/de\/shop\/werkzeuge\/stiftmuehlen-fraeser\/pm006-de\/pm006-3-4-schneidkopf-mit-6-schneiden-fuer-pen-muehlen\/\">PM006<\/a>\u00a0oder\u00a0<a href=\"https:\/\/houtdraaiwerken-penkits.nl\/de\/shop\/werkzeuge\/stiftmuehlen-fraeser\/pm002-de\/pm002-3-4-schneidkopf-mit-4-schneidkanten-fuer-pen-mills\/\">PM002<\/a>\u00a0ben\u00f6tigen. Der Fr\u00e4ser passt in jede R\u00e4umerschafts<\/p>\n","protected":false},"excerpt":{"rendered":"<p>Western-Kugelschreiber-Sets ( PSI )<\/p>\n","protected":false},"featured_media":57596,"comment_status":"closed","ping_status":"closed","template":"","meta":{"_et_pb_use_builder":"","_et_pb_old_content":"","_et_gb_content_width":""},"product_brand":[],"product_cat":[3352,5294,7960],"product_tag":[],"class_list":{"0":"post-87214","1":"product","2":"type-product","3":"status-publish","4":"has-post-thumbnail","6":"product_cat-kugelschreiber-kits","7":"product_cat-stift-kits-von-psi","8":"product_cat-western-drehbleistift-set-zinn-antik-psi","10":"first","11":"instock","12":"taxable","13":"shipping-taxable","14":"purchasable","15":"product-type-variable"},"_links":{"self":[{"href":"https:\/\/houtdraaiwerken-penkits.nl\/de\/wp-json\/wp\/v2\/product\/87214","targetHints":{"allow":["GET"]}}],"collection":[{"href":"https:\/\/houtdraaiwerken-penkits.nl\/de\/wp-json\/wp\/v2\/product"}],"about":[{"href":"https:\/\/houtdraaiwerken-penkits.nl\/de\/wp-json\/wp\/v2\/types\/product"}],"replies":[{"embeddable":true,"href":"https:\/\/houtdraaiwerken-penkits.nl\/de\/wp-json\/wp\/v2\/comments?post=87214"}],"wp:featuredmedia":[{"embeddable":true,"href":"https:\/\/houtdraaiwerken-penkits.nl\/de\/wp-json\/wp\/v2\/media\/57596"}],"wp:attachment":[{"href":"https:\/\/houtdraaiwerken-penkits.nl\/de\/wp-json\/wp\/v2\/media?parent=87214"}],"wp:term":[{"taxonomy":"product_brand","embeddable":true,"href":"https:\/\/houtdraaiwerken-penkits.nl\/de\/wp-json\/wp\/v2\/product_brand?post=87214"},{"taxonomy":"product_cat","embeddable":true,"href":"https:\/\/houtdraaiwerken-penkits.nl\/de\/wp-json\/wp\/v2\/product_cat?post=87214"},{"taxonomy":"product_tag","embeddable":true,"href":"https:\/\/houtdraaiwerken-penkits.nl\/de\/wp-json\/wp\/v2\/product_tag?post=87214"}],"curies":[{"name":"wp","href":"https:\/\/api.w.org\/{rel}","templated":true}]}}