{"id":87234,"date":"2021-08-30T11:55:22","date_gmt":"2021-08-30T09:55:22","guid":{"rendered":"https:\/\/houtdraaiwerken-penkits.nl\/shop\/unkategorisiert\/ca-instant-kleber-grosse-flasche-500gr-hohe-viskositaet-extra-niedrige-viskositaet\/"},"modified":"2025-06-13T15:21:51","modified_gmt":"2025-06-13T13:21:51","slug":"ca-instant-kleber-grosse-flasche-500gr-hohe-viskositaet-extra-niedrige-viskositaet","status":"publish","type":"product","link":"https:\/\/houtdraaiwerken-penkits.nl\/de\/shop\/schleifpapier-leim-und-finishing\/ca-instant-kleber-grose-flasche-500gr-hohe-viskositat-extra-niedrige-viskositat\/ca-instant-kleber-grosse-flasche-500gr-hohe-viskositaet-extra-niedrige-viskositaet\/","title":{"rendered":"CA Instant-Kleber gro\u00dfe Flasche 500gr hohe Viskosit\u00e4t extra niedrige Viskosit\u00e4t"},"content":{"rendered":"<p>&nbsp;<\/p>\n<p>&nbsp;<\/p>\n<p>&nbsp;<\/p>\n","protected":false},"excerpt":{"rendered":"<p>CA Instant Glue gro\u00dfe Flasche 500gr hohe Viskosit\u00e4t<\/p>\n<p>Extra niedrige Viskosit\u00e4t ist ein sehr dicker Kleber.<\/p>\n<p>hohe Viskosit\u00e4t ist ein dicker Kleber.<\/p>\n<p>mittlere Viskosit\u00e4t ist ein Kleber zwischen hoher und niedriger Viskosit\u00e4t in Bezug auf die Dicke.<\/p>\n<p>niedrige Viskosit\u00e4t ist ein D\u00fcnenkleber.<\/p>\n<p>extra niedrige Viskosit\u00e4t ist ein sehr dunkler Kleber.<\/p>\n","protected":false},"featured_media":57572,"comment_status":"open","ping_status":"closed","template":"","meta":{"_et_pb_use_builder":"","_et_pb_old_content":"","_et_gb_content_width":""},"product_brand":[],"product_cat":[7974],"product_tag":[7976,7975,5276],"class_list":{"0":"post-87234","1":"product","2":"type-product","3":"status-publish","4":"has-post-thumbnail","6":"product_cat-ca-instant-kleber-grose-flasche-500gr-hohe-viskositat-extra-niedrige-viskositat","7":"product_tag-ca-klebstoff","8":"product_tag-ca-sofortkleber","9":"product_tag-sekundenkleber","11":"first","12":"instock","13":"taxable","14":"shipping-taxable","15":"purchasable","16":"product-type-variable"},"_links":{"self":[{"href":"https:\/\/houtdraaiwerken-penkits.nl\/de\/wp-json\/wp\/v2\/product\/87234","targetHints":{"allow":["GET"]}}],"collection":[{"href":"https:\/\/houtdraaiwerken-penkits.nl\/de\/wp-json\/wp\/v2\/product"}],"about":[{"href":"https:\/\/houtdraaiwerken-penkits.nl\/de\/wp-json\/wp\/v2\/types\/product"}],"replies":[{"embeddable":true,"href":"https:\/\/houtdraaiwerken-penkits.nl\/de\/wp-json\/wp\/v2\/comments?post=87234"}],"wp:featuredmedia":[{"embeddable":true,"href":"https:\/\/houtdraaiwerken-penkits.nl\/de\/wp-json\/wp\/v2\/media\/57572"}],"wp:attachment":[{"href":"https:\/\/houtdraaiwerken-penkits.nl\/de\/wp-json\/wp\/v2\/media?parent=87234"}],"wp:term":[{"taxonomy":"product_brand","embeddable":true,"href":"https:\/\/houtdraaiwerken-penkits.nl\/de\/wp-json\/wp\/v2\/product_brand?post=87234"},{"taxonomy":"product_cat","embeddable":true,"href":"https:\/\/houtdraaiwerken-penkits.nl\/de\/wp-json\/wp\/v2\/product_cat?post=87234"},{"taxonomy":"product_tag","embeddable":true,"href":"https:\/\/houtdraaiwerken-penkits.nl\/de\/wp-json\/wp\/v2\/product_tag?post=87234"}],"curies":[{"name":"wp","href":"https:\/\/api.w.org\/{rel}","templated":true}]}}