{"id":87594,"date":"2022-12-09T13:29:22","date_gmt":"2022-12-09T12:29:22","guid":{"rendered":"https:\/\/houtdraaiwerken-penkits.nl\/shop\/unkategorisiert\/diamant-spitzersets\/"},"modified":"2025-06-26T16:57:51","modified_gmt":"2025-06-26T14:57:51","slug":"diamant-spitzersets","status":"publish","type":"product","link":"https:\/\/houtdraaiwerken-penkits.nl\/de\/shop\/andere-bausatze\/verschiedene-kits\/diamant-taschenspitzersets\/diamant-spitzersets\/","title":{"rendered":"Diamant-Spitzersets"},"content":{"rendered":"<p>&nbsp;<\/p>\n<p>Zus\u00e4tzlich ben\u00f6tigte Materialien:<\/p>\n<p><a href=\"https:\/\/www.houtdraaiwerken-penkits.nl\/shop\/busjes-sets\/bu550\/bu550\/\">BU550<\/a> Bushings<\/p>\n<p><a href=\"https:\/\/www.houtdraaiwerken-penkits.nl\/shop\/gereedschap-en-boren\/boren\/rsdb85-boor-8-5-mm-lang\/rsdb85-boor-8-5-mm-lang\/\">RSDB85-long<\/a> drill<\/p>\n<p><a href=\"https:\/\/www.houtdraaiwerken-penkits.nl\/shop\/gereedschap-en-boren\/gereedschap\/pen-mills\/pm012\/pm012pen-mills-hss-dia-7-2mm-l9-5cm-for-8mm-pen-tubes\/\">PM012<\/a> pen mill.[:de]<\/p>\n<p>&nbsp;<\/p>\n","protected":false},"excerpt":{"rendered":"<p>Einstellbare Diamant-Taschenmessersch\u00e4rfer-Sets. Es ist f\u00fcr allgemeine Sch\u00e4rfen verwendet. Es ist auch ideal f\u00fcr K\u00fcchenmesser, Mehrzweck-Messer, gezackte Messer und Scheren. Tragbar in der Tasche dank des Clips. K\u00f6rnung: 400#    <\/p>\n","protected":false},"featured_media":65037,"comment_status":"closed","ping_status":"closed","template":"","meta":{"_et_pb_use_builder":"","_et_pb_old_content":"","_et_gb_content_width":""},"product_brand":[],"product_cat":[8086],"product_tag":[8087],"class_list":{"0":"post-87594","1":"product","2":"type-product","3":"status-publish","4":"has-post-thumbnail","6":"product_cat-diamant-taschenspitzersets","7":"product_tag-diamant-taschenspitzersets","9":"first","10":"instock","11":"taxable","12":"shipping-taxable","13":"purchasable","14":"product-type-simple"},"_links":{"self":[{"href":"https:\/\/houtdraaiwerken-penkits.nl\/de\/wp-json\/wp\/v2\/product\/87594","targetHints":{"allow":["GET"]}}],"collection":[{"href":"https:\/\/houtdraaiwerken-penkits.nl\/de\/wp-json\/wp\/v2\/product"}],"about":[{"href":"https:\/\/houtdraaiwerken-penkits.nl\/de\/wp-json\/wp\/v2\/types\/product"}],"replies":[{"embeddable":true,"href":"https:\/\/houtdraaiwerken-penkits.nl\/de\/wp-json\/wp\/v2\/comments?post=87594"}],"wp:featuredmedia":[{"embeddable":true,"href":"https:\/\/houtdraaiwerken-penkits.nl\/de\/wp-json\/wp\/v2\/media\/65037"}],"wp:attachment":[{"href":"https:\/\/houtdraaiwerken-penkits.nl\/de\/wp-json\/wp\/v2\/media?parent=87594"}],"wp:term":[{"taxonomy":"product_brand","embeddable":true,"href":"https:\/\/houtdraaiwerken-penkits.nl\/de\/wp-json\/wp\/v2\/product_brand?post=87594"},{"taxonomy":"product_cat","embeddable":true,"href":"https:\/\/houtdraaiwerken-penkits.nl\/de\/wp-json\/wp\/v2\/product_cat?post=87594"},{"taxonomy":"product_tag","embeddable":true,"href":"https:\/\/houtdraaiwerken-penkits.nl\/de\/wp-json\/wp\/v2\/product_tag?post=87594"}],"curies":[{"name":"wp","href":"https:\/\/api.w.org\/{rel}","templated":true}]}}