{"id":87620,"date":"2022-12-09T11:07:53","date_gmt":"2022-12-09T10:07:53","guid":{"rendered":"https:\/\/houtdraaiwerken-penkits.nl\/shop\/unkategorisiert\/haekelnadelset-kit-upgrade-style-mit-den-farbigen-haekelnadeln\/"},"modified":"2026-01-09T23:20:44","modified_gmt":"2026-01-09T22:20:44","slug":"haekelnadelset-kit-upgrade-style-mit-den-farbigen-haekelnadeln","status":"publish","type":"product","link":"https:\/\/houtdraaiwerken-penkits.nl\/de\/shop\/andere-bausatze\/verschiedene-kits\/hakelnadelset-kit-upgrade-style-mit-den-farbigen-hakelnadeln\/haekelnadelset-kit-upgrade-style-mit-den-farbigen-haekelnadeln\/","title":{"rendered":"H\u00e4kelnadelset Kit upgrade style mit den farbigen H\u00e4kelnadeln"},"content":{"rendered":"<p>Erforderliche zus\u00e4tzliche Materialien:<\/p>\n<p><a href=\"https:\/\/www.houtdraaiwerken-penkits.nl\/shop\/busjes-sets\/bu538\/bu538\/\">BU538<\/a> Buchsen f\u00fcr H\u00e4kelnadel-Set<\/p>\n<p><a href=\"https:\/\/www.houtdraaiwerken-penkits.nl\/shop\/gereedschap-en-boren\/boren\/db007\/db007\/\">DB007<\/a> Bohrer<\/p>\n<p><a href=\"https:\/\/www.houtdraaiwerken-penkits.nl\/shop\/gereedschap-en-boren\/gereedschap\/pen-mills\/pm011\/pm011pen-mills-hss-dia-6-18mm-l9-5cm-for-7mm-pen-tube\/\">PM011<\/a> Stiftm\u00fchle. Bitte beachten Sie, dass Sie f\u00fcr eine Stiftm\u00fchle auch einen Fr\u00e4ser <a href=\"https:\/\/houtdraaiwerken-penkits.nl\/fr\/shop\/outils\/pm006-tete-de-coupe-3-4-a-6-tranchants-pour-fraises-pen\/\">PM006<\/a> oder <a href=\"https:\/\/houtdraaiwerken-penkits.nl\/fr\/shop\/outils\/nlpm002-tete-de-coupe-3-4-avec-4-aretes-de-coupe-pour-fraises-pen\/\">PM002<\/a> ben\u00f6tigen. Der Fr\u00e4ser passt auf jede Stiftm\u00fchle.<\/p>\n<p>&nbsp;<\/p>\n<p>&nbsp;<\/p>\n","protected":false},"excerpt":{"rendered":"<p>Chrom-H\u00e4kelnadel-Sets mit den farbigen H\u00e4kelnadeln. Upgrade-Stil, Sie schrauben die H\u00e4kelnadel fest in den H\u00e4kelnadelhalter. Diese H\u00e4kelnadel-Sets enthalten 8 verschiedene Aluminiumoxid-Haken, es gibt einen chromatischen Unterschied aufgrund des unterschiedlichen Materials mit anderen Metallteilen.  <\/p>\n<p>Gr\u00f6\u00dfe: 3, 3,5, 4, 4,5, 5, 5,5, 6, 7 mm.<\/p>\n","protected":false},"featured_media":73177,"comment_status":"open","ping_status":"closed","template":"","meta":{"_et_pb_use_builder":"","_et_pb_old_content":"","_et_gb_content_width":""},"product_brand":[],"product_cat":[8108,2252],"product_tag":[5487,2962,2201,4845],"class_list":{"0":"post-87620","1":"product","2":"type-product","3":"status-publish","4":"has-post-thumbnail","6":"product_cat-hakelnadelset-kit-upgrade-style-mit-den-farbigen-hakelnadeln","7":"product_cat-verschiedene-kits","8":"product_tag-hakelnadel-set","9":"product_tag-stift-kits-de","10":"product_tag-stift-kits","11":"product_tag-zahnrad-klickstift-sets","13":"first","14":"instock","15":"taxable","16":"shipping-taxable","17":"purchasable","18":"product-type-simple"},"_links":{"self":[{"href":"https:\/\/houtdraaiwerken-penkits.nl\/de\/wp-json\/wp\/v2\/product\/87620","targetHints":{"allow":["GET"]}}],"collection":[{"href":"https:\/\/houtdraaiwerken-penkits.nl\/de\/wp-json\/wp\/v2\/product"}],"about":[{"href":"https:\/\/houtdraaiwerken-penkits.nl\/de\/wp-json\/wp\/v2\/types\/product"}],"replies":[{"embeddable":true,"href":"https:\/\/houtdraaiwerken-penkits.nl\/de\/wp-json\/wp\/v2\/comments?post=87620"}],"wp:featuredmedia":[{"embeddable":true,"href":"https:\/\/houtdraaiwerken-penkits.nl\/de\/wp-json\/wp\/v2\/media\/73177"}],"wp:attachment":[{"href":"https:\/\/houtdraaiwerken-penkits.nl\/de\/wp-json\/wp\/v2\/media?parent=87620"}],"wp:term":[{"taxonomy":"product_brand","embeddable":true,"href":"https:\/\/houtdraaiwerken-penkits.nl\/de\/wp-json\/wp\/v2\/product_brand?post=87620"},{"taxonomy":"product_cat","embeddable":true,"href":"https:\/\/houtdraaiwerken-penkits.nl\/de\/wp-json\/wp\/v2\/product_cat?post=87620"},{"taxonomy":"product_tag","embeddable":true,"href":"https:\/\/houtdraaiwerken-penkits.nl\/de\/wp-json\/wp\/v2\/product_tag?post=87620"}],"curies":[{"name":"wp","href":"https:\/\/api.w.org\/{rel}","templated":true}]}}