{"id":87708,"date":"2022-11-25T11:23:53","date_gmt":"2022-11-25T10:23:53","guid":{"rendered":"https:\/\/houtdraaiwerken-penkits.nl\/shop\/unkategorisiert\/kaetzchen-bleistift-set\/"},"modified":"2025-05-16T13:32:08","modified_gmt":"2025-05-16T11:32:08","slug":"kaetzchen-bleistift-set","status":"publish","type":"product","link":"https:\/\/houtdraaiwerken-penkits.nl\/de\/shop\/stift-kits\/bleistift-sets\/katzchen-bleistift-set\/kaetzchen-bleistift-set\/","title":{"rendered":"K\u00e4tzchen-Bleistift-Set"},"content":{"rendered":"<p>Erforderliche Zusatzmaterialien:<\/p>\n<p><a href=\"https:\/\/www.houtdraaiwerken-penkits.nl\/shop\/busjes-sets\/bu478-pcl\/bu478-pcl\/\">BU478PCL<\/a> Distanzring\u00a0<strong>Bitte beachten Sie, dass diese Buchsen nicht mit denen des Kugelschreiber-Bausatzes oder des F\u00fcllfederhalter- und Rollerball-Bausatzes identisch sind!!!!!!<\/strong><\/p>\n<p><a href=\"https:\/\/www.houtdraaiwerken-penkits.nl\/shop\/gereedschap-en-boren\/boren\/rsdb1132\/rsdb1132boor-87mm\/\">RSDB11\/32<\/a> Bohrer<\/p>\n<p><a href=\"https:\/\/www.houtdraaiwerken-penkits.nl\/shop\/gereedschap-en-boren\/gereedschap\/pen-mills\/pm012\/pm012pen-mills-hss-dia-7-2mm-l9-5cm-for-8mm-pen-tubes\/\">PM012<\/a> R\u00e4umerschaft Bitte beachten Sie, dass Sie f\u00fcr einen Stiftfr\u00e4ser auch einen Fr\u00e4ser <a href=\"https:\/\/houtdraaiwerken-penkits.nl\/de\/shop\/werkzeuge\/stiftmuehlen-fraeser\/pm006-de\/pm006-3-4-schneidkopf-mit-6-schneiden-fuer-pen-muehlen\/\">PM006<\/a> oder <a href=\"https:\/\/houtdraaiwerken-penkits.nl\/de\/shop\/werkzeuge\/stiftmuehlen-fraeser\/pm002-de\/pm002-3-4-schneidkopf-mit-4-schneidkanten-fuer-pen-mills\/\">PM002<\/a> ben\u00f6tigen. Der Fr\u00e4ser passt in jede Stiftfr\u00e4sergr\u00f6\u00dfe.<\/p>\n","protected":false},"excerpt":{"rendered":"<p>K\u00e4tzchen-Bleistift-Set<\/p>\n","protected":false},"featured_media":64729,"comment_status":"open","ping_status":"closed","template":"","meta":{"_et_pb_use_builder":"","_et_pb_old_content":"","_et_gb_content_width":""},"product_brand":[],"product_cat":[8152],"product_tag":[5339,5343,8153,5340,2201],"class_list":{"0":"post-87708","1":"product","2":"type-product","3":"status-publish","4":"has-post-thumbnail","6":"product_cat-katzchen-bleistift-set","7":"product_tag-grose-jr-gentleman-fullfederhalter-rollerball-kits","8":"product_tag-katzchen-stift-kit","9":"product_tag-pferd-bleistiftset","10":"product_tag-pferdestall-bausatz","11":"product_tag-stift-kits","13":"first","14":"instock","15":"taxable","16":"shipping-taxable","17":"purchasable","18":"product-type-variable"},"_links":{"self":[{"href":"https:\/\/houtdraaiwerken-penkits.nl\/de\/wp-json\/wp\/v2\/product\/87708","targetHints":{"allow":["GET"]}}],"collection":[{"href":"https:\/\/houtdraaiwerken-penkits.nl\/de\/wp-json\/wp\/v2\/product"}],"about":[{"href":"https:\/\/houtdraaiwerken-penkits.nl\/de\/wp-json\/wp\/v2\/types\/product"}],"replies":[{"embeddable":true,"href":"https:\/\/houtdraaiwerken-penkits.nl\/de\/wp-json\/wp\/v2\/comments?post=87708"}],"wp:featuredmedia":[{"embeddable":true,"href":"https:\/\/houtdraaiwerken-penkits.nl\/de\/wp-json\/wp\/v2\/media\/64729"}],"wp:attachment":[{"href":"https:\/\/houtdraaiwerken-penkits.nl\/de\/wp-json\/wp\/v2\/media?parent=87708"}],"wp:term":[{"taxonomy":"product_brand","embeddable":true,"href":"https:\/\/houtdraaiwerken-penkits.nl\/de\/wp-json\/wp\/v2\/product_brand?post=87708"},{"taxonomy":"product_cat","embeddable":true,"href":"https:\/\/houtdraaiwerken-penkits.nl\/de\/wp-json\/wp\/v2\/product_cat?post=87708"},{"taxonomy":"product_tag","embeddable":true,"href":"https:\/\/houtdraaiwerken-penkits.nl\/de\/wp-json\/wp\/v2\/product_tag?post=87708"}],"curies":[{"name":"wp","href":"https:\/\/api.w.org\/{rel}","templated":true}]}}