{"id":87718,"date":"2022-11-24T10:16:13","date_gmt":"2022-11-24T09:16:13","guid":{"rendered":"https:\/\/houtdraaiwerken-penkits.nl\/shop\/unkategorisiert\/bt3001-roehrchen-fuer-gerippten-klick-stift-bausatz\/"},"modified":"2025-05-23T12:36:14","modified_gmt":"2025-05-23T10:36:14","slug":"bt3001-roehrchen-fuer-gerippten-klick-stift-bausatz","status":"publish","type":"product","link":"https:\/\/houtdraaiwerken-penkits.nl\/de\/shop\/stiftrohre\/bt3001-stiftrohre-fur-gerippte-klick-stifte\/bt3001-roehrchen-fuer-gerippten-klick-stift-bausatz\/","title":{"rendered":"BT3001 H\u00fclse set f\u00fcr Ribbed Klick-Stift-Bausatz"},"content":{"rendered":"","protected":false},"excerpt":{"rendered":"<p>BT3001 H\u00fclse set f\u00fcr den gRibbed Klick-Stift-Bausatz. Preis pro set<\/p>\n","protected":false},"featured_media":63838,"comment_status":"open","ping_status":"closed","template":"","meta":{"_et_pb_use_builder":"","_et_pb_old_content":"","_et_gb_content_width":""},"product_brand":[],"product_cat":[8158],"product_tag":[3298],"class_list":{"0":"post-87718","1":"product","2":"type-product","3":"status-publish","4":"has-post-thumbnail","6":"product_cat-bt3001-stiftrohre-fur-gerippte-klick-stifte","7":"product_tag-stiftrohr","9":"first","10":"instock","11":"taxable","12":"shipping-taxable","13":"purchasable","14":"product-type-simple"},"_links":{"self":[{"href":"https:\/\/houtdraaiwerken-penkits.nl\/de\/wp-json\/wp\/v2\/product\/87718","targetHints":{"allow":["GET"]}}],"collection":[{"href":"https:\/\/houtdraaiwerken-penkits.nl\/de\/wp-json\/wp\/v2\/product"}],"about":[{"href":"https:\/\/houtdraaiwerken-penkits.nl\/de\/wp-json\/wp\/v2\/types\/product"}],"replies":[{"embeddable":true,"href":"https:\/\/houtdraaiwerken-penkits.nl\/de\/wp-json\/wp\/v2\/comments?post=87718"}],"wp:featuredmedia":[{"embeddable":true,"href":"https:\/\/houtdraaiwerken-penkits.nl\/de\/wp-json\/wp\/v2\/media\/63838"}],"wp:attachment":[{"href":"https:\/\/houtdraaiwerken-penkits.nl\/de\/wp-json\/wp\/v2\/media?parent=87718"}],"wp:term":[{"taxonomy":"product_brand","embeddable":true,"href":"https:\/\/houtdraaiwerken-penkits.nl\/de\/wp-json\/wp\/v2\/product_brand?post=87718"},{"taxonomy":"product_cat","embeddable":true,"href":"https:\/\/houtdraaiwerken-penkits.nl\/de\/wp-json\/wp\/v2\/product_cat?post=87718"},{"taxonomy":"product_tag","embeddable":true,"href":"https:\/\/houtdraaiwerken-penkits.nl\/de\/wp-json\/wp\/v2\/product_tag?post=87718"}],"curies":[{"name":"wp","href":"https:\/\/api.w.org\/{rel}","templated":true}]}}